{"id":374,"date":"2025-12-18T09:06:49","date_gmt":"2025-12-18T08:06:49","guid":{"rendered":"https:\/\/www.ifema.es\/siconmx\/?page_id=374"},"modified":"2026-03-04T00:29:23","modified_gmt":"2026-03-03T23:29:23","slug":"media-partners-2","status":"publish","type":"page","link":"https:\/\/www.ifema.es\/siconmx\/en\/media-partners-2\/","title":{"rendered":"Media partners"},"content":{"rendered":"<section class=\"l-section wpb_row height_medium\"><div class=\"l-section-h i-cf\"><div class=\"g-cols via_grid cols_1 laptops-cols_inherit tablets-cols_inherit mobiles-cols_1 valign_top type_default\"><div class=\"wpb_column vc_column_container\"><div class=\"vc_column-inner\"><h2 class=\"w-text\"><span class=\"w-text-h\"><span class=\"w-text-value\">Media Partners<\/span><\/span><\/h2><div class=\"wpb_text_column\"><div class=\"wpb_wrapper\"><p><span style=\"font-weight: 400;\">Sponsorship opportunities tailored to your brand\u2019s objectives.<\/span><\/p>\n<ul>\n<li style=\"font-weight: 400;\" aria-level=\"1\"><span style=\"font-weight: 400;\">A strategic partnership that connects your brand with its target audience.<\/span><\/li>\n<li style=\"font-weight: 400;\" aria-level=\"1\"><span style=\"font-weight: 400;\">Featured visibility in preferred spaces.<\/span><\/li>\n<li style=\"font-weight: 400;\" aria-level=\"1\"><span style=\"font-weight: 400;\">An opportunity to generate business with IFEMA MADRID\u2019s audience.<\/span><\/li>\n<li style=\"font-weight: 400;\" aria-level=\"1\"><span style=\"font-weight: 400;\">The opportunity to carry out public relations initiatives through engaging experiences at IFEMA MADRID\u2019s impactful events.<\/span><\/li>\n<li style=\"font-weight: 400;\" aria-level=\"1\"><span style=\"font-weight: 400;\">Showcase your brand in advanced tech environments.<\/span><\/li>\n<li style=\"font-weight: 400;\" aria-level=\"1\"><span style=\"font-weight: 400;\">Communication campaign (online\/offline)<\/span><\/li>\n<\/ul>\n<\/div><\/div><\/div><\/div><\/div><\/div><\/section><section class=\"l-section wpb_row height_medium\"><div class=\"l-section-h i-cf\"><div class=\"g-cols via_grid cols_4 laptops-cols_inherit tablets-cols_inherit mobiles-cols_1 valign_top type_default\"><div class=\"wpb_column vc_column_container us_custom_9e461910 has_bg_color\"><div class=\"vc_column-inner\"><div class=\"w-image vidrioperfil align_none\"><div class=\"w-image-h\"><img loading=\"lazy\" decoding=\"async\" width=\"500\" height=\"500\" src=\"https:\/\/www.ifema.es\/siconmx\/wp-content\/uploads\/2025\/12\/vidrioperfilb.png\" class=\"attachment-large size-large\" alt=\"\" srcset=\"https:\/\/www.ifema.es\/siconmx\/wp-content\/uploads\/2025\/12\/vidrioperfilb.png 500w, https:\/\/www.ifema.es\/siconmx\/wp-content\/uploads\/2025\/12\/vidrioperfilb-300x300.png 300w, https:\/\/www.ifema.es\/siconmx\/wp-content\/uploads\/2025\/12\/vidrioperfilb-150x150.png 150w\" sizes=\"auto, (max-width: 500px) 100vw, 500px\" \/><\/div><\/div><\/div><\/div><div class=\"wpb_column vc_column_container\"><div class=\"vc_column-inner\"><div class=\"w-image equipar align_none\"><div class=\"w-image-h\"><img loading=\"lazy\" decoding=\"async\" width=\"500\" height=\"500\" src=\"https:\/\/www.ifema.es\/siconmx\/wp-content\/uploads\/2026\/01\/equiparnvo.png\" class=\"attachment-large size-large\" alt=\"\" srcset=\"https:\/\/www.ifema.es\/siconmx\/wp-content\/uploads\/2026\/01\/equiparnvo.png 500w, https:\/\/www.ifema.es\/siconmx\/wp-content\/uploads\/2026\/01\/equiparnvo-300x300.png 300w, https:\/\/www.ifema.es\/siconmx\/wp-content\/uploads\/2026\/01\/equiparnvo-150x150.png 150w\" sizes=\"auto, (max-width: 500px) 100vw, 500px\" \/><\/div><\/div><\/div><\/div><div class=\"wpb_column vc_column_container\"><div class=\"vc_column-inner\"><div class=\"w-image revista align_none\"><div class=\"w-image-h\"><img loading=\"lazy\" decoding=\"async\" width=\"500\" height=\"500\" src=\"https:\/\/www.ifema.es\/siconmx\/wp-content\/uploads\/2026\/02\/2.png\" class=\"attachment-large size-large\" alt=\"\" srcset=\"https:\/\/www.ifema.es\/siconmx\/wp-content\/uploads\/2026\/02\/2.png 500w, https:\/\/www.ifema.es\/siconmx\/wp-content\/uploads\/2026\/02\/2-300x300.png 300w, https:\/\/www.ifema.es\/siconmx\/wp-content\/uploads\/2026\/02\/2-150x150.png 150w\" sizes=\"auto, (max-width: 500px) 100vw, 500px\" \/><\/div><\/div><\/div><\/div><div class=\"wpb_column vc_column_container\"><div class=\"vc_column-inner\"><div class=\"w-image construtips align_none\"><div class=\"w-image-h\"><img loading=\"lazy\" decoding=\"async\" width=\"600\" height=\"600\" src=\"https:\/\/www.ifema.es\/siconmx\/wp-content\/uploads\/2026\/02\/construtips.png\" class=\"attachment-large size-large\" alt=\"\" srcset=\"https:\/\/www.ifema.es\/siconmx\/wp-content\/uploads\/2026\/02\/construtips.png 600w, https:\/\/www.ifema.es\/siconmx\/wp-content\/uploads\/2026\/02\/construtips-300x300.png 300w, https:\/\/www.ifema.es\/siconmx\/wp-content\/uploads\/2026\/02\/construtips-150x150.png 150w\" sizes=\"auto, (max-width: 600px) 100vw, 600px\" \/><\/div><\/div><\/div><\/div><\/div><\/div><\/section><section class=\"l-section wpb_row height_medium\"><div class=\"l-section-h i-cf\"><div class=\"g-cols via_grid cols_4 laptops-cols_inherit tablets-cols_inherit mobiles-cols_1 valign_top type_default\"><div class=\"wpb_column vc_column_container\"><div class=\"vc_column-inner\"><div class=\"w-image equipar align_none\"><div class=\"w-image-h\"><img loading=\"lazy\" decoding=\"async\" width=\"600\" height=\"600\" src=\"https:\/\/www.ifema.es\/siconmx\/wp-content\/uploads\/2026\/03\/inmobiliare.png\" class=\"attachment-large size-large\" alt=\"\" srcset=\"https:\/\/www.ifema.es\/siconmx\/wp-content\/uploads\/2026\/03\/inmobiliare.png 600w, https:\/\/www.ifema.es\/siconmx\/wp-content\/uploads\/2026\/03\/inmobiliare-300x300.png 300w, https:\/\/www.ifema.es\/siconmx\/wp-content\/uploads\/2026\/03\/inmobiliare-150x150.png 150w\" sizes=\"auto, (max-width: 600px) 100vw, 600px\" \/><\/div><\/div><\/div><\/div><div class=\"wpb_column vc_column_container\"><div class=\"vc_column-inner\"><\/div><\/div><div class=\"wpb_column vc_column_container\"><div class=\"vc_column-inner\"><\/div><\/div><div class=\"wpb_column vc_column_container\"><div class=\"vc_column-inner\"><\/div><\/div><\/div><\/div><\/section><section class=\"l-section wpb_row height_medium\"><div class=\"l-section-h i-cf\"><div class=\"g-cols via_grid cols_1 laptops-cols_inherit tablets-cols_inherit mobiles-cols_1 valign_top type_default\"><div class=\"wpb_column vc_column_container\"><div class=\"vc_column-inner\"><div id=\"modal-trg-txt-wrap-5524\" class=\"ult-modal-input-wrapper ult-adjust-bottom-margin    \" data-keypress-control=\"keypress-control-enable\" data-overlay-control=\"overlay-control-enable\"><span data-class-id=\"content-69e65debe81eb6-16569219\"><\/span>\n\t\t\t\t<script type=\"text\/javascript\">\n\t\t\t\t(function($){\n\t\t\t\t\t$(document).ready(function(){\n\t\t\t\t\t\tvar selector = \".vidrioperfil\";\n\t\t\t\t\t\t$(selector).addClass(\"custom-ult-modal overlay-show\");\n\t\t\t\t\t\t$(selector).attr(\"data-class-id\", \"content-69e65debe81eb6-16569219\");\n\t\t\t\t\t\t$(selector).attr(\"data-overlay-class\", \"overlay-cornerbottomleft\");\n\t\t\t\t\t\t$(selector).attr(\"data-keypress-control\", \"keypress-control-enable\");\n\t\t\t\t\t\t$(selector).attr(\"data-overlay-control\", \"overlay-control-enable\");\n\t\t\t\t\t});\n\t\t\t\t})(jQuery);\n\t\t\t\t<\/script><\/div>\n<div class=\"ult-overlay content-69e65debe81eb6-16569219 \" data-class=\"content-69e65debe81eb6-16569219\" id=\"button-click-overlay\" style=\"background:rgba(51,51,51,0.8); display:none;\">\n\t<div class=\"ult_modal ult-fade ult-medium\">\n\t\t<div id=\"ult-modal-wrap-5591\" class=\"ult_modal-content ult-hide\" style=\"border-style:solid;border-width:2px;border-radius:0px;border-color:#333333;\">\n\t\t\t<div class=\"ult_modal-header\" style=\"color:#333333;border-color:#333333;\">\n\t\t\t\t<h3  data-ultimate-target='#ult-modal-wrap-5591 .ult_modal-title'  data-responsive-json-new='{\"font-size\":\"\",\"line-height\":\"\"}'  class=\"ult_modal-title ult-responsive\">Vidrioperfil.com<\/h3>\n\t\t\t<\/div>\n\t\t\t<div  data-ultimate-target='#ult-modal-wrap-5591 .ult_modal-body'  data-responsive-json-new='{\"font-size\":\"\",\"line-height\":\"\"}'  class=\"ult_modal-body ult-responsive ult-html\" style=\"\">\n\t\t\t\n<table style=\"width: 100%; border-collapse: collapse;\">\n<tbody>\n<tr><!-- Columna del LOGO --><\/p>\n<td style=\"width: 40%; vertical-align: top; padding-right: 10px;\"><img decoding=\"async\" style=\"max-width: 100%; height: auto;\" src=\"https:\/\/www.ifema.es\/siconmx\/wp-content\/uploads\/2025\/12\/vidrioperfil.png\" \/><\/td>\n<p><!-- Columna del TEXTO --><\/p>\n<td style=\"width: 60%; vertical-align: top;\">\n<h2 style=\"margin-top: 0;\">Vidrioperfil.com<\/h2>\n<p><span style=\"font-size: 14px;\"><strong>Postal Address:<\/strong> 08010 Barcelona (Espa\u00f1a)<\/span><br \/>\n<span style=\"font-size: 14px;\"><strong>Website:<\/strong> <a href=\"https:\/\/www.vidrioperfil.com\/es-es\/\">vidrioperfil.com\/es-es\/<\/a><\/span><br \/>\n<span style=\"font-size: 14px;\"><strong>Email:<\/strong> correo@vidrioperfil.com<\/span><br \/>\n<span style=\"font-size: 14px;\"><strong>Phone:<\/strong> + 34 93 412 07 64<\/span><br \/>\n<span style=\"font-size: 14px;\"><strong>Profile:<\/strong> Glass industry, windows, doors, enclosures, and sun protection.<\/span><br \/>\n<span style=\"font-size: 14px;\">Web distribution area: Spain, Portugal, and Latin America.<\/span><\/td>\n<\/tr>\n<\/tbody>\n<\/table>\n\n\t\t\t<\/div>\n\t<\/div>\n\t<\/div>\n\t<div class=\"ult-overlay-close top-right\" style=\"width:80px;height:80px; \"><div class=\"ult-overlay-close-inside\">Close<\/div><\/div>\n<\/div><\/div><\/div><\/div><\/div><\/section>\n","protected":false},"excerpt":{"rendered":"Media PartnersSponsorship opportunities tailored to your brand\u2019s objectives. A strategic partnership that connects your brand with its target audience. Featured visibility in preferred spaces. An opportunity to generate business with IFEMA MADRID\u2019s audience. The opportunity to carry out public relations initiatives through engaging experiences at IFEMA MADRID\u2019s impactful events. Showcase your brand in advanced tech...","protected":false},"author":2,"featured_media":0,"parent":0,"menu_order":0,"comment_status":"closed","ping_status":"closed","template":"","meta":{"inline_featured_image":false,"footnotes":""},"class_list":["post-374","page","type-page","status-publish","hentry"],"yoast_head":"<!-- This site is optimized with the Yoast SEO plugin v26.6 - https:\/\/yoast.com\/wordpress\/plugins\/seo\/ -->\n<title>Media partners - SICON M\u00e9xico 2026 | IFEMA MADRID<\/title>\n<meta name=\"robots\" content=\"index, follow, max-snippet:-1, max-image-preview:large, max-video-preview:-1\" \/>\n<link rel=\"canonical\" href=\"https:\/\/www.ifema.es\/siconmx\/en\/media-partners-2\/\" \/>\n<meta property=\"og:locale\" content=\"es_ES\" \/>\n<meta property=\"og:type\" content=\"article\" \/>\n<meta property=\"og:title\" content=\"Media partners - SICON M\u00e9xico 2026 | IFEMA MADRID\" \/>\n<meta property=\"og:url\" content=\"https:\/\/www.ifema.es\/siconmx\/en\/media-partners-2\/\" \/>\n<meta property=\"og:site_name\" content=\"SICON M\u00e9xico 2026 | IFEMA MADRID\" \/>\n<meta property=\"article:modified_time\" content=\"2026-03-03T23:29:23+00:00\" \/>\n<meta property=\"og:image\" content=\"https:\/\/www.ifema.es\/siconmx\/wp-content\/uploads\/2025\/12\/vidrioperfil.png\" \/>\n<meta name=\"twitter:card\" content=\"summary_large_image\" \/>\n<meta name=\"twitter:label1\" content=\"Tiempo de lectura\" \/>\n\t<meta name=\"twitter:data1\" content=\"1 minuto\" \/>\n<script type=\"application\/ld+json\" class=\"yoast-schema-graph\">{\"@context\":\"https:\/\/schema.org\",\"@graph\":[{\"@type\":\"WebPage\",\"@id\":\"https:\/\/www.ifema.es\/siconmx\/en\/media-partners-2\/\",\"url\":\"https:\/\/www.ifema.es\/siconmx\/en\/media-partners-2\/\",\"name\":\"Media partners - SICON M\u00e9xico 2026 | IFEMA MADRID\",\"isPartOf\":{\"@id\":\"https:\/\/www.ifema.es\/siconmx\/#website\"},\"primaryImageOfPage\":{\"@id\":\"https:\/\/www.ifema.es\/siconmx\/en\/media-partners-2\/#primaryimage\"},\"image\":{\"@id\":\"https:\/\/www.ifema.es\/siconmx\/en\/media-partners-2\/#primaryimage\"},\"thumbnailUrl\":\"https:\/\/www.ifema.es\/siconmx\/wp-content\/uploads\/2025\/12\/vidrioperfil.png\",\"datePublished\":\"2025-12-18T08:06:49+00:00\",\"dateModified\":\"2026-03-03T23:29:23+00:00\",\"breadcrumb\":{\"@id\":\"https:\/\/www.ifema.es\/siconmx\/en\/media-partners-2\/#breadcrumb\"},\"inLanguage\":\"es\",\"potentialAction\":[{\"@type\":\"ReadAction\",\"target\":[\"https:\/\/www.ifema.es\/siconmx\/en\/media-partners-2\/\"]}]},{\"@type\":\"ImageObject\",\"inLanguage\":\"es\",\"@id\":\"https:\/\/www.ifema.es\/siconmx\/en\/media-partners-2\/#primaryimage\",\"url\":\"https:\/\/www.ifema.es\/siconmx\/wp-content\/uploads\/2025\/12\/vidrioperfil.png\",\"contentUrl\":\"https:\/\/www.ifema.es\/siconmx\/wp-content\/uploads\/2025\/12\/vidrioperfil.png\",\"width\":500,\"height\":500},{\"@type\":\"BreadcrumbList\",\"@id\":\"https:\/\/www.ifema.es\/siconmx\/en\/media-partners-2\/#breadcrumb\",\"itemListElement\":[{\"@type\":\"ListItem\",\"position\":1,\"name\":\"Portada\",\"item\":\"https:\/\/www.ifema.es\/siconmx\/\"},{\"@type\":\"ListItem\",\"position\":2,\"name\":\"Media partners\"}]},{\"@type\":\"WebSite\",\"@id\":\"https:\/\/www.ifema.es\/siconmx\/#website\",\"url\":\"https:\/\/www.ifema.es\/siconmx\/\",\"name\":\"SICON M\u00e9xico\",\"description\":\"Asiste a SICON M\u00e9xico 2026, del 14 al 16 de abril, el evento l\u00edder del sector de la construcci\u00f3n que se llevar\u00e1 a cabo en Guadalajara\",\"publisher\":{\"@id\":\"https:\/\/www.ifema.es\/siconmx\/#organization\"},\"potentialAction\":[{\"@type\":\"SearchAction\",\"target\":{\"@type\":\"EntryPoint\",\"urlTemplate\":\"https:\/\/www.ifema.es\/siconmx\/?s={search_term_string}\"},\"query-input\":{\"@type\":\"PropertyValueSpecification\",\"valueRequired\":true,\"valueName\":\"search_term_string\"}}],\"inLanguage\":\"es\"},{\"@type\":\"Organization\",\"@id\":\"https:\/\/www.ifema.es\/siconmx\/#organization\",\"name\":\"SICON M\u00e9xico\",\"url\":\"https:\/\/www.ifema.es\/siconmx\/\",\"logo\":{\"@type\":\"ImageObject\",\"inLanguage\":\"es\",\"@id\":\"https:\/\/www.ifema.es\/siconmx\/#\/schema\/logo\/image\/\",\"url\":\"https:\/\/www.ifema.es\/siconmx\/wp-content\/uploads\/2025\/08\/siconmx-completo.png\",\"contentUrl\":\"https:\/\/www.ifema.es\/siconmx\/wp-content\/uploads\/2025\/08\/siconmx-completo.png\",\"width\":512,\"height\":160,\"caption\":\"SICON M\u00e9xico\"},\"image\":{\"@id\":\"https:\/\/www.ifema.es\/siconmx\/#\/schema\/logo\/image\/\"}}]}<\/script>\n<!-- \/ Yoast SEO plugin. -->","yoast_head_json":{"title":"Media partners - SICON M\u00e9xico 2026 | IFEMA MADRID","robots":{"index":"index","follow":"follow","max-snippet":"max-snippet:-1","max-image-preview":"max-image-preview:large","max-video-preview":"max-video-preview:-1"},"canonical":"https:\/\/www.ifema.es\/siconmx\/en\/media-partners-2\/","og_locale":"es_ES","og_type":"article","og_title":"Media partners - SICON M\u00e9xico 2026 | IFEMA MADRID","og_url":"https:\/\/www.ifema.es\/siconmx\/en\/media-partners-2\/","og_site_name":"SICON M\u00e9xico 2026 | IFEMA MADRID","article_modified_time":"2026-03-03T23:29:23+00:00","og_image":[{"url":"https:\/\/www.ifema.es\/siconmx\/wp-content\/uploads\/2025\/12\/vidrioperfil.png","type":"","width":"","height":""}],"twitter_card":"summary_large_image","twitter_misc":{"Tiempo de lectura":"1 minuto"},"schema":{"@context":"https:\/\/schema.org","@graph":[{"@type":"WebPage","@id":"https:\/\/www.ifema.es\/siconmx\/en\/media-partners-2\/","url":"https:\/\/www.ifema.es\/siconmx\/en\/media-partners-2\/","name":"Media partners - SICON M\u00e9xico 2026 | IFEMA MADRID","isPartOf":{"@id":"https:\/\/www.ifema.es\/siconmx\/#website"},"primaryImageOfPage":{"@id":"https:\/\/www.ifema.es\/siconmx\/en\/media-partners-2\/#primaryimage"},"image":{"@id":"https:\/\/www.ifema.es\/siconmx\/en\/media-partners-2\/#primaryimage"},"thumbnailUrl":"https:\/\/www.ifema.es\/siconmx\/wp-content\/uploads\/2025\/12\/vidrioperfil.png","datePublished":"2025-12-18T08:06:49+00:00","dateModified":"2026-03-03T23:29:23+00:00","breadcrumb":{"@id":"https:\/\/www.ifema.es\/siconmx\/en\/media-partners-2\/#breadcrumb"},"inLanguage":"es","potentialAction":[{"@type":"ReadAction","target":["https:\/\/www.ifema.es\/siconmx\/en\/media-partners-2\/"]}]},{"@type":"ImageObject","inLanguage":"es","@id":"https:\/\/www.ifema.es\/siconmx\/en\/media-partners-2\/#primaryimage","url":"https:\/\/www.ifema.es\/siconmx\/wp-content\/uploads\/2025\/12\/vidrioperfil.png","contentUrl":"https:\/\/www.ifema.es\/siconmx\/wp-content\/uploads\/2025\/12\/vidrioperfil.png","width":500,"height":500},{"@type":"BreadcrumbList","@id":"https:\/\/www.ifema.es\/siconmx\/en\/media-partners-2\/#breadcrumb","itemListElement":[{"@type":"ListItem","position":1,"name":"Portada","item":"https:\/\/www.ifema.es\/siconmx\/"},{"@type":"ListItem","position":2,"name":"Media partners"}]},{"@type":"WebSite","@id":"https:\/\/www.ifema.es\/siconmx\/#website","url":"https:\/\/www.ifema.es\/siconmx\/","name":"SICON M\u00e9xico","description":"Asiste a SICON M\u00e9xico 2026, del 14 al 16 de abril, el evento l\u00edder del sector de la construcci\u00f3n que se llevar\u00e1 a cabo en Guadalajara","publisher":{"@id":"https:\/\/www.ifema.es\/siconmx\/#organization"},"potentialAction":[{"@type":"SearchAction","target":{"@type":"EntryPoint","urlTemplate":"https:\/\/www.ifema.es\/siconmx\/?s={search_term_string}"},"query-input":{"@type":"PropertyValueSpecification","valueRequired":true,"valueName":"search_term_string"}}],"inLanguage":"es"},{"@type":"Organization","@id":"https:\/\/www.ifema.es\/siconmx\/#organization","name":"SICON M\u00e9xico","url":"https:\/\/www.ifema.es\/siconmx\/","logo":{"@type":"ImageObject","inLanguage":"es","@id":"https:\/\/www.ifema.es\/siconmx\/#\/schema\/logo\/image\/","url":"https:\/\/www.ifema.es\/siconmx\/wp-content\/uploads\/2025\/08\/siconmx-completo.png","contentUrl":"https:\/\/www.ifema.es\/siconmx\/wp-content\/uploads\/2025\/08\/siconmx-completo.png","width":512,"height":160,"caption":"SICON M\u00e9xico"},"image":{"@id":"https:\/\/www.ifema.es\/siconmx\/#\/schema\/logo\/image\/"}}]}},"_links":{"self":[{"href":"https:\/\/www.ifema.es\/siconmx\/wp-json\/wp\/v2\/pages\/374","targetHints":{"allow":["GET"]}}],"collection":[{"href":"https:\/\/www.ifema.es\/siconmx\/wp-json\/wp\/v2\/pages"}],"about":[{"href":"https:\/\/www.ifema.es\/siconmx\/wp-json\/wp\/v2\/types\/page"}],"author":[{"embeddable":true,"href":"https:\/\/www.ifema.es\/siconmx\/wp-json\/wp\/v2\/users\/2"}],"replies":[{"embeddable":true,"href":"https:\/\/www.ifema.es\/siconmx\/wp-json\/wp\/v2\/comments?post=374"}],"version-history":[{"count":10,"href":"https:\/\/www.ifema.es\/siconmx\/wp-json\/wp\/v2\/pages\/374\/revisions"}],"predecessor-version":[{"id":722,"href":"https:\/\/www.ifema.es\/siconmx\/wp-json\/wp\/v2\/pages\/374\/revisions\/722"}],"wp:attachment":[{"href":"https:\/\/www.ifema.es\/siconmx\/wp-json\/wp\/v2\/media?parent=374"}],"curies":[{"name":"wp","href":"https:\/\/api.w.org\/{rel}","templated":true}]}}