{"id":167,"date":"2025-09-08T11:44:46","date_gmt":"2025-09-08T09:44:46","guid":{"rendered":"https:\/\/www.ifema.es\/siconmx\/?page_id=167"},"modified":"2026-01-16T07:05:57","modified_gmt":"2026-01-16T06:05:57","slug":"i-want-to-exhibit","status":"publish","type":"page","link":"https:\/\/www.ifema.es\/siconmx\/en\/i-want-to-exhibit\/","title":{"rendered":"I want to exhibit"},"content":{"rendered":"<section class=\"l-section wpb_row height_medium\"><div class=\"l-section-h i-cf\"><div class=\"g-cols via_grid cols_2 laptops-cols_inherit tablets-cols_inherit mobiles-cols_1 valign_top type_default\"><div class=\"wpb_column vc_column_container\"><div class=\"vc_column-inner\"><div class=\"wpb_text_column\"><div class=\"wpb_wrapper\"><p><span style=\"font-weight: 400;\"><strong>SICON<\/strong> is not just an event; it is a platform designed for companies like yours to stand out, grow, and position themselves before a highly relevant audience. Today, we want to show you how, by participating as exhibitors, you can gain direct exposure to decision-makers, generate valuable connections, and open the door to new business opportunities.<\/span><\/p>\n<\/div><\/div><\/div><\/div><div class=\"wpb_column vc_column_container\"><div class=\"vc_column-inner\"><div class=\"w-image align_none\"><div class=\"w-image-h\"><img loading=\"lazy\" decoding=\"async\" width=\"1024\" height=\"683\" src=\"https:\/\/www.ifema.es\/siconmx\/wp-content\/uploads\/2025\/12\/construction-manager-and-engineer-working-construc-2025-03-13-01-51-29-utc-1024x683.jpg\" class=\"attachment-large size-large\" alt=\"\" srcset=\"https:\/\/www.ifema.es\/siconmx\/wp-content\/uploads\/2025\/12\/construction-manager-and-engineer-working-construc-2025-03-13-01-51-29-utc-1024x683.jpg 1024w, https:\/\/www.ifema.es\/siconmx\/wp-content\/uploads\/2025\/12\/construction-manager-and-engineer-working-construc-2025-03-13-01-51-29-utc-300x200.jpg 300w\" sizes=\"auto, (max-width: 1024px) 100vw, 1024px\" \/><\/div><\/div><\/div><\/div><\/div><\/div><\/section><section class=\"l-section wpb_row us_custom_2416bfe9 height_medium\"><div class=\"l-section-h i-cf\"><div class=\"g-cols via_grid cols_1 laptops-cols_inherit tablets-cols_inherit mobiles-cols_1 valign_top type_default\"><div class=\"wpb_column vc_column_container\"><div class=\"vc_column-inner\"><h2 class=\"w-text\"><span class=\"w-text-h\"><span class=\"w-text-value\">Contact us for more information on SICON MEXICO<\/span><\/span><\/h2><div class=\"wpb_text_column\"><div class=\"wpb_wrapper\">\n<div class=\"wpcf7 no-js\" id=\"wpcf7-f203-o1\" lang=\"es-ES\" dir=\"ltr\" data-wpcf7-id=\"203\">\n<div class=\"screen-reader-response\"><p role=\"status\" aria-live=\"polite\" aria-atomic=\"true\"><\/p> <ul><\/ul><\/div>\n<form action=\"\/siconmx\/wp-json\/wp\/v2\/pages\/167#wpcf7-f203-o1\" method=\"post\" class=\"wpcf7-form init\" aria-label=\"Formulario de contacto\" novalidate=\"novalidate\" data-status=\"init\">\n<fieldset class=\"hidden-fields-container\"><input type=\"hidden\" name=\"_wpcf7\" value=\"203\" \/><input type=\"hidden\" name=\"_wpcf7_version\" value=\"6.1.4\" \/><input type=\"hidden\" name=\"_wpcf7_locale\" value=\"es_ES\" \/><input type=\"hidden\" name=\"_wpcf7_unit_tag\" value=\"wpcf7-f203-o1\" \/><input type=\"hidden\" name=\"_wpcf7_container_post\" value=\"0\" \/><input type=\"hidden\" name=\"_wpcf7_posted_data_hash\" value=\"\" \/><input type=\"hidden\" name=\"_wpcf7_recaptcha_response\" value=\"\" \/>\n<\/fieldset>\n<p><label> Name *<br \/>\n<span class=\"wpcf7-form-control-wrap\" data-name=\"your-name\"><input size=\"40\" maxlength=\"400\" class=\"wpcf7-form-control wpcf7-text wpcf7-validates-as-required\" autocomplete=\"name\" aria-required=\"true\" aria-invalid=\"false\" value=\"\" type=\"text\" name=\"your-name\" \/><\/span> <\/label>\n<\/p>\n<p><label> Company *<br \/>\n<span class=\"wpcf7-form-control-wrap\" data-name=\"company\"><input size=\"40\" maxlength=\"400\" class=\"wpcf7-form-control wpcf7-text wpcf7-validates-as-required\" autocomplete=\"name\" aria-required=\"true\" aria-invalid=\"false\" value=\"\" type=\"text\" name=\"company\" \/><\/span> <\/label>\n<\/p>\n<p><label> Category *<br \/>\n<span class=\"wpcf7-form-control-wrap\" data-name=\"category\"><select class=\"wpcf7-form-control wpcf7-select wpcf7-validates-as-required\" aria-required=\"true\" aria-invalid=\"false\" name=\"category\"><option value=\"\"><\/option><option value=\"Insulation, walls, and roofs\">Insulation, walls, and roofs<\/option><option value=\"Interior architecture\">Interior architecture<\/option><option value=\"Institutions, professionals, associations\">Institutions, professionals, associations<\/option><option value=\"Bathroom\">Bathroom<\/option><option value=\"Cement \u2013 concrete\">Cement \u2013 concrete<\/option><option value=\"Ceramic and porcelain flooring and wall coverings\">Ceramic and porcelain flooring and wall coverings<\/option><option value=\"Industrialized modular construction\">Industrialized modular construction<\/option><option value=\"Construction companies \u2013 infrastructure\">Construction companies \u2013 infrastructure<\/option><option value=\"Consulting firms \u2013 engineering\">Consulting firms \u2013 engineering<\/option><option value=\"Tools\">Tools<\/option><option value=\"Lighting and electrical materials\">Lighting and electrical materials<\/option><option value=\"Real estate firms \u2013 property developers\">Real estate firms \u2013 property developers<\/option><option value=\"Machinery \u2013 vehicles\">Machinery \u2013 vehicles<\/option><option value=\"General construction materials\">General construction materials<\/option><option value=\"Paints \u2013 coatings \u2013 sealants\">Paints \u2013 coatings \u2013 sealants<\/option><option value=\"Swimming pools\">Swimming pools<\/option><option value=\"Doors\">Doors<\/option><option value=\"Steel and metalwork\">Steel and metalwork<\/option><option value=\"Auxiliary systems related to building construction\">Auxiliary systems related to building construction<\/option><option value=\"Flooring and decking\">Flooring and decking<\/option><option value=\"Construction-related technology\">Construction-related technology<\/option><option value=\"Windows and enclosures\">Windows and enclosures<\/option><option value=\"Other\">Other<\/option><\/select><\/span> <\/label>\n<\/p>\n<p><label> Country*<br \/>\n<span class=\"wpcf7-form-control-wrap\" data-name=\"country\"><input size=\"40\" maxlength=\"400\" class=\"wpcf7-form-control wpcf7-text wpcf7-validates-as-required\" autocomplete=\"name\" aria-required=\"true\" aria-invalid=\"false\" value=\"\" type=\"text\" name=\"country\" \/><\/span> <\/label>\n<\/p>\n<p><label> Email *<br \/>\n<span class=\"wpcf7-form-control-wrap\" data-name=\"your-email\"><input size=\"40\" maxlength=\"400\" class=\"wpcf7-form-control wpcf7-email wpcf7-validates-as-required wpcf7-text wpcf7-validates-as-email\" autocomplete=\"email\" aria-required=\"true\" aria-invalid=\"false\" value=\"\" type=\"email\" name=\"your-email\" \/><\/span> <\/label>\n<\/p>\n<p><label> Phone number<br \/>\n<span class=\"wpcf7-form-control-wrap\" data-name=\"phone\"><input size=\"40\" maxlength=\"400\" class=\"wpcf7-form-control wpcf7-text\" autocomplete=\"name\" aria-invalid=\"false\" value=\"\" type=\"text\" name=\"phone\" \/><\/span> <\/label>\n<\/p>\n<p><label> Message<br \/>\n<span class=\"wpcf7-form-control-wrap\" data-name=\"your-message\"><textarea cols=\"40\" rows=\"10\" maxlength=\"2000\" class=\"wpcf7-form-control wpcf7-textarea\" aria-invalid=\"false\" name=\"your-message\"><\/textarea><\/span> <\/label>\n<\/p>\n<p>* Required fields.\n<\/p>\n<p><strong>Information on the processing of personal data:<\/strong>:<br \/>\n<strong>Responsables<\/strong>: IFEMA MADRID and EXPO GUADALAJARA.<br \/>\n<strong>Purpose<\/strong>: Respond to your inquiry and provide you with the proper information. Legal basis: Consent of the data subject.<br \/>\n<strong>Recipients<\/strong>: Data will not be disclosed to third parties. Your data may be shared with EXPO GUADALAJARA, located in Mexico, in order to respond to your inquiries.<br \/>\n<strong>Rights<\/strong>: By sending a request to IFEMA MADRID, with registered address at Avda. del Parten\u00f3n, 5 (28042), Madrid, or by email at \u201cprotecciondedatos@ifema.es\u201d.\n<\/p>\n<p>Your may contact EXPO GUADALAJARA sending an email to &ldquo;<a href=\"mailto:privacidad@expoguadalajara.mx\">privacidad@expoguadalajara.mx<\/a>&rdquo;. You can file a claim before the Spanish Data Protection Agency (AEPD) via its website and consult our privacy policy on <a href=\"https:\/\/www.ifema.es\/en\" target=\"_blank\">ifema.es<\/a>.\n<\/p>\n<span class=\"wpcf7-form-control-wrap recaptcha\" data-name=\"recaptcha\"><span data-sitekey=\"6LfpF8QpAAAAAPZTZOvFxH_12GW1RzcdEx4k_CWi\" class=\"wpcf7-form-control wpcf7-recaptcha g-recaptcha\"><\/span>\r\n<noscript>\r\n\t<div class=\"grecaptcha-noscript\">\r\n\t\t<iframe loading=\"lazy\" src=\"https:\/\/www.google.com\/recaptcha\/api\/fallback?k=6LfpF8QpAAAAAPZTZOvFxH_12GW1RzcdEx4k_CWi\" frameborder=\"0\" scrolling=\"no\" width=\"310\" height=\"430\">\r\n\t\t<\/iframe>\r\n\t\t<textarea name=\"g-recaptcha-response\" rows=\"3\" cols=\"40\" placeholder=\"Aqu\u00ed la respuesta de reCAPTCHA\">\r\n\t\t<\/textarea>\r\n\t<\/div>\r\n<\/noscript>\r\n<\/span>\n<p><input class=\"wpcf7-form-control wpcf7-submit has-spinner\" type=\"submit\" value=\"Send\" \/>\n<\/p><p style=\"display: none !important;\" class=\"akismet-fields-container\" data-prefix=\"_wpcf7_ak_\"><label>&#916;<textarea name=\"_wpcf7_ak_hp_textarea\" cols=\"45\" rows=\"8\" maxlength=\"100\"><\/textarea><\/label><input type=\"hidden\" id=\"ak_js_1\" name=\"_wpcf7_ak_js\" value=\"35\"\/><script>document.getElementById( \"ak_js_1\" ).setAttribute( \"value\", ( new Date() ).getTime() );<\/script><\/p><div class=\"wpcf7-response-output\" aria-hidden=\"true\"><\/div>\n<\/form>\n<\/div>\n\n<\/div><\/div><\/div><\/div><\/div><\/div><\/section>\n","protected":false},"excerpt":{"rendered":"SICON is not just an event; it is a platform designed for companies like yours to stand out, grow, and position themselves before a highly relevant audience. Today, we want to show you how, by participating as exhibitors, you can gain direct exposure to decision-makers, generate valuable connections, and open the door to new business...","protected":false},"author":2,"featured_media":0,"parent":0,"menu_order":0,"comment_status":"closed","ping_status":"closed","template":"","meta":{"inline_featured_image":false,"footnotes":""},"class_list":["post-167","page","type-page","status-publish","hentry"],"yoast_head":"<!-- This site is optimized with the Yoast SEO plugin v26.6 - https:\/\/yoast.com\/wordpress\/plugins\/seo\/ -->\n<title>I want to exhibit - SICON M\u00e9xico 2026 | IFEMA MADRID<\/title>\n<meta name=\"robots\" content=\"index, follow, max-snippet:-1, max-image-preview:large, max-video-preview:-1\" \/>\n<link rel=\"canonical\" href=\"https:\/\/www.ifema.es\/siconmx\/en\/i-want-to-exhibit\/\" \/>\n<meta property=\"og:locale\" content=\"es_ES\" \/>\n<meta property=\"og:type\" content=\"article\" \/>\n<meta property=\"og:title\" content=\"I want to exhibit - SICON M\u00e9xico 2026 | IFEMA MADRID\" \/>\n<meta property=\"og:url\" content=\"https:\/\/www.ifema.es\/siconmx\/en\/i-want-to-exhibit\/\" \/>\n<meta property=\"og:site_name\" content=\"SICON M\u00e9xico 2026 | IFEMA MADRID\" \/>\n<meta property=\"article:modified_time\" content=\"2026-01-16T06:05:57+00:00\" \/>\n<meta name=\"twitter:card\" content=\"summary_large_image\" \/>\n<meta name=\"twitter:label1\" content=\"Tiempo de lectura\" \/>\n\t<meta name=\"twitter:data1\" content=\"1 minuto\" \/>\n<script type=\"application\/ld+json\" class=\"yoast-schema-graph\">{\"@context\":\"https:\/\/schema.org\",\"@graph\":[{\"@type\":\"WebPage\",\"@id\":\"https:\/\/www.ifema.es\/siconmx\/en\/i-want-to-exhibit\/\",\"url\":\"https:\/\/www.ifema.es\/siconmx\/en\/i-want-to-exhibit\/\",\"name\":\"I want to exhibit - SICON M\u00e9xico 2026 | IFEMA MADRID\",\"isPartOf\":{\"@id\":\"https:\/\/www.ifema.es\/siconmx\/#website\"},\"datePublished\":\"2025-09-08T09:44:46+00:00\",\"dateModified\":\"2026-01-16T06:05:57+00:00\",\"breadcrumb\":{\"@id\":\"https:\/\/www.ifema.es\/siconmx\/en\/i-want-to-exhibit\/#breadcrumb\"},\"inLanguage\":\"es\",\"potentialAction\":[{\"@type\":\"ReadAction\",\"target\":[\"https:\/\/www.ifema.es\/siconmx\/en\/i-want-to-exhibit\/\"]}]},{\"@type\":\"BreadcrumbList\",\"@id\":\"https:\/\/www.ifema.es\/siconmx\/en\/i-want-to-exhibit\/#breadcrumb\",\"itemListElement\":[{\"@type\":\"ListItem\",\"position\":1,\"name\":\"Portada\",\"item\":\"https:\/\/www.ifema.es\/siconmx\/\"},{\"@type\":\"ListItem\",\"position\":2,\"name\":\"I want to exhibit\"}]},{\"@type\":\"WebSite\",\"@id\":\"https:\/\/www.ifema.es\/siconmx\/#website\",\"url\":\"https:\/\/www.ifema.es\/siconmx\/\",\"name\":\"SICON M\u00e9xico\",\"description\":\"Asiste a SICON M\u00e9xico 2026, del 14 al 16 de abril, el evento l\u00edder del sector de la construcci\u00f3n que se llevar\u00e1 a cabo en Guadalajara\",\"publisher\":{\"@id\":\"https:\/\/www.ifema.es\/siconmx\/#organization\"},\"potentialAction\":[{\"@type\":\"SearchAction\",\"target\":{\"@type\":\"EntryPoint\",\"urlTemplate\":\"https:\/\/www.ifema.es\/siconmx\/?s={search_term_string}\"},\"query-input\":{\"@type\":\"PropertyValueSpecification\",\"valueRequired\":true,\"valueName\":\"search_term_string\"}}],\"inLanguage\":\"es\"},{\"@type\":\"Organization\",\"@id\":\"https:\/\/www.ifema.es\/siconmx\/#organization\",\"name\":\"SICON M\u00e9xico\",\"url\":\"https:\/\/www.ifema.es\/siconmx\/\",\"logo\":{\"@type\":\"ImageObject\",\"inLanguage\":\"es\",\"@id\":\"https:\/\/www.ifema.es\/siconmx\/#\/schema\/logo\/image\/\",\"url\":\"https:\/\/www.ifema.es\/siconmx\/wp-content\/uploads\/2025\/08\/siconmx-completo.png\",\"contentUrl\":\"https:\/\/www.ifema.es\/siconmx\/wp-content\/uploads\/2025\/08\/siconmx-completo.png\",\"width\":512,\"height\":160,\"caption\":\"SICON M\u00e9xico\"},\"image\":{\"@id\":\"https:\/\/www.ifema.es\/siconmx\/#\/schema\/logo\/image\/\"}}]}<\/script>\n<!-- \/ Yoast SEO plugin. -->","yoast_head_json":{"title":"I want to exhibit - SICON M\u00e9xico 2026 | IFEMA MADRID","robots":{"index":"index","follow":"follow","max-snippet":"max-snippet:-1","max-image-preview":"max-image-preview:large","max-video-preview":"max-video-preview:-1"},"canonical":"https:\/\/www.ifema.es\/siconmx\/en\/i-want-to-exhibit\/","og_locale":"es_ES","og_type":"article","og_title":"I want to exhibit - SICON M\u00e9xico 2026 | IFEMA MADRID","og_url":"https:\/\/www.ifema.es\/siconmx\/en\/i-want-to-exhibit\/","og_site_name":"SICON M\u00e9xico 2026 | IFEMA MADRID","article_modified_time":"2026-01-16T06:05:57+00:00","twitter_card":"summary_large_image","twitter_misc":{"Tiempo de lectura":"1 minuto"},"schema":{"@context":"https:\/\/schema.org","@graph":[{"@type":"WebPage","@id":"https:\/\/www.ifema.es\/siconmx\/en\/i-want-to-exhibit\/","url":"https:\/\/www.ifema.es\/siconmx\/en\/i-want-to-exhibit\/","name":"I want to exhibit - SICON M\u00e9xico 2026 | IFEMA MADRID","isPartOf":{"@id":"https:\/\/www.ifema.es\/siconmx\/#website"},"datePublished":"2025-09-08T09:44:46+00:00","dateModified":"2026-01-16T06:05:57+00:00","breadcrumb":{"@id":"https:\/\/www.ifema.es\/siconmx\/en\/i-want-to-exhibit\/#breadcrumb"},"inLanguage":"es","potentialAction":[{"@type":"ReadAction","target":["https:\/\/www.ifema.es\/siconmx\/en\/i-want-to-exhibit\/"]}]},{"@type":"BreadcrumbList","@id":"https:\/\/www.ifema.es\/siconmx\/en\/i-want-to-exhibit\/#breadcrumb","itemListElement":[{"@type":"ListItem","position":1,"name":"Portada","item":"https:\/\/www.ifema.es\/siconmx\/"},{"@type":"ListItem","position":2,"name":"I want to exhibit"}]},{"@type":"WebSite","@id":"https:\/\/www.ifema.es\/siconmx\/#website","url":"https:\/\/www.ifema.es\/siconmx\/","name":"SICON M\u00e9xico","description":"Asiste a SICON M\u00e9xico 2026, del 14 al 16 de abril, el evento l\u00edder del sector de la construcci\u00f3n que se llevar\u00e1 a cabo en Guadalajara","publisher":{"@id":"https:\/\/www.ifema.es\/siconmx\/#organization"},"potentialAction":[{"@type":"SearchAction","target":{"@type":"EntryPoint","urlTemplate":"https:\/\/www.ifema.es\/siconmx\/?s={search_term_string}"},"query-input":{"@type":"PropertyValueSpecification","valueRequired":true,"valueName":"search_term_string"}}],"inLanguage":"es"},{"@type":"Organization","@id":"https:\/\/www.ifema.es\/siconmx\/#organization","name":"SICON M\u00e9xico","url":"https:\/\/www.ifema.es\/siconmx\/","logo":{"@type":"ImageObject","inLanguage":"es","@id":"https:\/\/www.ifema.es\/siconmx\/#\/schema\/logo\/image\/","url":"https:\/\/www.ifema.es\/siconmx\/wp-content\/uploads\/2025\/08\/siconmx-completo.png","contentUrl":"https:\/\/www.ifema.es\/siconmx\/wp-content\/uploads\/2025\/08\/siconmx-completo.png","width":512,"height":160,"caption":"SICON M\u00e9xico"},"image":{"@id":"https:\/\/www.ifema.es\/siconmx\/#\/schema\/logo\/image\/"}}]}},"_links":{"self":[{"href":"https:\/\/www.ifema.es\/siconmx\/wp-json\/wp\/v2\/pages\/167","targetHints":{"allow":["GET"]}}],"collection":[{"href":"https:\/\/www.ifema.es\/siconmx\/wp-json\/wp\/v2\/pages"}],"about":[{"href":"https:\/\/www.ifema.es\/siconmx\/wp-json\/wp\/v2\/types\/page"}],"author":[{"embeddable":true,"href":"https:\/\/www.ifema.es\/siconmx\/wp-json\/wp\/v2\/users\/2"}],"replies":[{"embeddable":true,"href":"https:\/\/www.ifema.es\/siconmx\/wp-json\/wp\/v2\/comments?post=167"}],"version-history":[{"count":3,"href":"https:\/\/www.ifema.es\/siconmx\/wp-json\/wp\/v2\/pages\/167\/revisions"}],"predecessor-version":[{"id":456,"href":"https:\/\/www.ifema.es\/siconmx\/wp-json\/wp\/v2\/pages\/167\/revisions\/456"}],"wp:attachment":[{"href":"https:\/\/www.ifema.es\/siconmx\/wp-json\/wp\/v2\/media?parent=167"}],"curies":[{"name":"wp","href":"https:\/\/api.w.org\/{rel}","templated":true}]}}