{"id":165,"date":"2025-09-08T11:44:11","date_gmt":"2025-09-08T09:44:11","guid":{"rendered":"https:\/\/www.ifema.es\/siconmx\/?page_id=165"},"modified":"2026-01-16T07:04:47","modified_gmt":"2026-01-16T06:04:47","slug":"sponsor","status":"publish","type":"page","link":"https:\/\/www.ifema.es\/siconmx\/en\/sponsor\/","title":{"rendered":"Sponsor"},"content":{"rendered":"<section class=\"l-section wpb_row height_medium\"><div class=\"l-section-h i-cf\"><div class=\"g-cols via_grid cols_2 laptops-cols_inherit tablets-cols_inherit mobiles-cols_1 valign_top type_default\"><div class=\"wpb_column vc_column_container\"><div class=\"vc_column-inner\"><div class=\"wpb_text_column\"><div class=\"wpb_wrapper\"><h2>Brand Strategy<\/h2>\n<p><span style=\"font-weight: 400;\">Tailor-made sponsorship actions developed in line with your brand\u2019s objectives.<\/span><\/p>\n<ul>\n<li><span style=\"font-weight: 400;\">A strategic alliance that experientially connects your brand with its target audience, conveying positive messages and brand generosity.<\/span><\/li>\n<li><span style=\"font-weight: 400;\">Prominent exposure through high-impact visibility and preferential spaces.<\/span><\/li>\n<li><span style=\"font-weight: 400;\">It will allow you to develop commercial initiatives to generate business opportunities among IFEMA MADRID\u2019s audience.<\/span><\/li>\n<li><span style=\"font-weight: 400;\">Opportunity to carry out exclusive loyalty-building and public relations actions through experiential activations at socially relevant events organized by IFEMA MADRID.<\/span><\/li>\n<li><span style=\"font-weight: 400;\">Visibility within innovative technological environments.<\/span><\/li>\n<li><span style=\"font-weight: 400;\">Online and offline communication campaign.<\/span><\/li>\n<\/ul>\n<\/div><\/div><\/div><\/div><div class=\"wpb_column vc_column_container\"><div class=\"vc_column-inner\"><div class=\"w-image align_none\"><div class=\"w-image-h\"><img loading=\"lazy\" decoding=\"async\" width=\"1024\" height=\"683\" src=\"https:\/\/www.ifema.es\/siconmx\/wp-content\/uploads\/2025\/12\/cheerful-male-worker-in-safety-helmet-giving-thumb-2025-03-25-00-15-02-utc-1024x683.jpg\" class=\"attachment-large size-large\" alt=\"\" srcset=\"https:\/\/www.ifema.es\/siconmx\/wp-content\/uploads\/2025\/12\/cheerful-male-worker-in-safety-helmet-giving-thumb-2025-03-25-00-15-02-utc-1024x683.jpg 1024w, https:\/\/www.ifema.es\/siconmx\/wp-content\/uploads\/2025\/12\/cheerful-male-worker-in-safety-helmet-giving-thumb-2025-03-25-00-15-02-utc-300x200.jpg 300w\" sizes=\"auto, (max-width: 1024px) 100vw, 1024px\" \/><\/div><\/div><\/div><\/div><\/div><\/div><\/section><section class=\"l-section wpb_row height_medium\"><div class=\"l-section-h i-cf\"><div class=\"g-cols via_grid cols_1 laptops-cols_inherit tablets-cols_inherit mobiles-cols_1 valign_top type_default\"><div class=\"wpb_column vc_column_container\"><div class=\"vc_column-inner\"><h2 class=\"w-text us_custom_9de87d4e\"><span class=\"w-text-h\"><span class=\"w-text-value\">Contact us<\/span><\/span><\/h2><div class=\"wpb_text_column\"><div class=\"wpb_wrapper\"><p><span style=\"font-weight: 400;\">If you\u2019re interested in showcasing your brand, you can do so through the various sponsorship opportunities offered by IFEMA MADRID. Please fill out the following form, and we will contact you with personalized information.<\/span><\/p>\n<\/div><\/div><div class=\"wpb_text_column\"><div class=\"wpb_wrapper\">\n<div class=\"wpcf7 no-js\" id=\"wpcf7-f203-o1\" lang=\"es-ES\" dir=\"ltr\" data-wpcf7-id=\"203\">\n<div class=\"screen-reader-response\"><p role=\"status\" aria-live=\"polite\" aria-atomic=\"true\"><\/p> <ul><\/ul><\/div>\n<form action=\"\/siconmx\/wp-json\/wp\/v2\/pages\/165#wpcf7-f203-o1\" method=\"post\" class=\"wpcf7-form init\" aria-label=\"Formulario de contacto\" novalidate=\"novalidate\" data-status=\"init\">\n<fieldset class=\"hidden-fields-container\"><input type=\"hidden\" name=\"_wpcf7\" value=\"203\" \/><input type=\"hidden\" name=\"_wpcf7_version\" value=\"6.1.4\" \/><input type=\"hidden\" name=\"_wpcf7_locale\" value=\"es_ES\" \/><input type=\"hidden\" name=\"_wpcf7_unit_tag\" value=\"wpcf7-f203-o1\" \/><input type=\"hidden\" name=\"_wpcf7_container_post\" value=\"0\" \/><input type=\"hidden\" name=\"_wpcf7_posted_data_hash\" value=\"\" \/><input type=\"hidden\" name=\"_wpcf7_recaptcha_response\" value=\"\" \/>\n<\/fieldset>\n<p><label> Name *<br \/>\n<span class=\"wpcf7-form-control-wrap\" data-name=\"your-name\"><input size=\"40\" maxlength=\"400\" class=\"wpcf7-form-control wpcf7-text wpcf7-validates-as-required\" autocomplete=\"name\" aria-required=\"true\" aria-invalid=\"false\" value=\"\" type=\"text\" name=\"your-name\" \/><\/span> <\/label>\n<\/p>\n<p><label> Company *<br \/>\n<span class=\"wpcf7-form-control-wrap\" data-name=\"company\"><input size=\"40\" maxlength=\"400\" class=\"wpcf7-form-control wpcf7-text wpcf7-validates-as-required\" autocomplete=\"name\" aria-required=\"true\" aria-invalid=\"false\" value=\"\" type=\"text\" name=\"company\" \/><\/span> <\/label>\n<\/p>\n<p><label> Category *<br \/>\n<span class=\"wpcf7-form-control-wrap\" data-name=\"category\"><select class=\"wpcf7-form-control wpcf7-select wpcf7-validates-as-required\" aria-required=\"true\" aria-invalid=\"false\" name=\"category\"><option value=\"\"><\/option><option value=\"Insulation, walls, and roofs\">Insulation, walls, and roofs<\/option><option value=\"Interior architecture\">Interior architecture<\/option><option value=\"Institutions, professionals, associations\">Institutions, professionals, associations<\/option><option value=\"Bathroom\">Bathroom<\/option><option value=\"Cement \u2013 concrete\">Cement \u2013 concrete<\/option><option value=\"Ceramic and porcelain flooring and wall coverings\">Ceramic and porcelain flooring and wall coverings<\/option><option value=\"Industrialized modular construction\">Industrialized modular construction<\/option><option value=\"Construction companies \u2013 infrastructure\">Construction companies \u2013 infrastructure<\/option><option value=\"Consulting firms \u2013 engineering\">Consulting firms \u2013 engineering<\/option><option value=\"Tools\">Tools<\/option><option value=\"Lighting and electrical materials\">Lighting and electrical materials<\/option><option value=\"Real estate firms \u2013 property developers\">Real estate firms \u2013 property developers<\/option><option value=\"Machinery \u2013 vehicles\">Machinery \u2013 vehicles<\/option><option value=\"General construction materials\">General construction materials<\/option><option value=\"Paints \u2013 coatings \u2013 sealants\">Paints \u2013 coatings \u2013 sealants<\/option><option value=\"Swimming pools\">Swimming pools<\/option><option value=\"Doors\">Doors<\/option><option value=\"Steel and metalwork\">Steel and metalwork<\/option><option value=\"Auxiliary systems related to building construction\">Auxiliary systems related to building construction<\/option><option value=\"Flooring and decking\">Flooring and decking<\/option><option value=\"Construction-related technology\">Construction-related technology<\/option><option value=\"Windows and enclosures\">Windows and enclosures<\/option><option value=\"Other\">Other<\/option><\/select><\/span> <\/label>\n<\/p>\n<p><label> Country*<br \/>\n<span class=\"wpcf7-form-control-wrap\" data-name=\"country\"><input size=\"40\" maxlength=\"400\" class=\"wpcf7-form-control wpcf7-text wpcf7-validates-as-required\" autocomplete=\"name\" aria-required=\"true\" aria-invalid=\"false\" value=\"\" type=\"text\" name=\"country\" \/><\/span> <\/label>\n<\/p>\n<p><label> Email *<br \/>\n<span class=\"wpcf7-form-control-wrap\" data-name=\"your-email\"><input size=\"40\" maxlength=\"400\" class=\"wpcf7-form-control wpcf7-email wpcf7-validates-as-required wpcf7-text wpcf7-validates-as-email\" autocomplete=\"email\" aria-required=\"true\" aria-invalid=\"false\" value=\"\" type=\"email\" name=\"your-email\" \/><\/span> <\/label>\n<\/p>\n<p><label> Phone number<br \/>\n<span class=\"wpcf7-form-control-wrap\" data-name=\"phone\"><input size=\"40\" maxlength=\"400\" class=\"wpcf7-form-control wpcf7-text\" autocomplete=\"name\" aria-invalid=\"false\" value=\"\" type=\"text\" name=\"phone\" \/><\/span> <\/label>\n<\/p>\n<p><label> Message<br \/>\n<span class=\"wpcf7-form-control-wrap\" data-name=\"your-message\"><textarea cols=\"40\" rows=\"10\" maxlength=\"2000\" class=\"wpcf7-form-control wpcf7-textarea\" aria-invalid=\"false\" name=\"your-message\"><\/textarea><\/span> <\/label>\n<\/p>\n<p>* Required fields.\n<\/p>\n<p><strong>Information on the processing of personal data:<\/strong>:<br \/>\n<strong>Responsables<\/strong>: IFEMA MADRID and EXPO GUADALAJARA.<br \/>\n<strong>Purpose<\/strong>: Respond to your inquiry and provide you with the proper information. Legal basis: Consent of the data subject.<br \/>\n<strong>Recipients<\/strong>: Data will not be disclosed to third parties. Your data may be shared with EXPO GUADALAJARA, located in Mexico, in order to respond to your inquiries.<br \/>\n<strong>Rights<\/strong>: By sending a request to IFEMA MADRID, with registered address at Avda. del Parten\u00f3n, 5 (28042), Madrid, or by email at \u201cprotecciondedatos@ifema.es\u201d.\n<\/p>\n<p>Your may contact EXPO GUADALAJARA sending an email to &ldquo;<a href=\"mailto:privacidad@expoguadalajara.mx\">privacidad@expoguadalajara.mx<\/a>&rdquo;. You can file a claim before the Spanish Data Protection Agency (AEPD) via its website and consult our privacy policy on <a href=\"https:\/\/www.ifema.es\/en\" target=\"_blank\">ifema.es<\/a>.\n<\/p>\n<span class=\"wpcf7-form-control-wrap recaptcha\" data-name=\"recaptcha\"><span data-sitekey=\"6LfpF8QpAAAAAPZTZOvFxH_12GW1RzcdEx4k_CWi\" class=\"wpcf7-form-control wpcf7-recaptcha g-recaptcha\"><\/span>\r\n<noscript>\r\n\t<div class=\"grecaptcha-noscript\">\r\n\t\t<iframe loading=\"lazy\" src=\"https:\/\/www.google.com\/recaptcha\/api\/fallback?k=6LfpF8QpAAAAAPZTZOvFxH_12GW1RzcdEx4k_CWi\" frameborder=\"0\" scrolling=\"no\" width=\"310\" height=\"430\">\r\n\t\t<\/iframe>\r\n\t\t<textarea name=\"g-recaptcha-response\" rows=\"3\" cols=\"40\" placeholder=\"Aqu\u00ed la respuesta de reCAPTCHA\">\r\n\t\t<\/textarea>\r\n\t<\/div>\r\n<\/noscript>\r\n<\/span>\n<p><input class=\"wpcf7-form-control wpcf7-submit has-spinner\" type=\"submit\" value=\"Send\" \/>\n<\/p><p style=\"display: none !important;\" class=\"akismet-fields-container\" data-prefix=\"_wpcf7_ak_\"><label>&#916;<textarea name=\"_wpcf7_ak_hp_textarea\" cols=\"45\" rows=\"8\" maxlength=\"100\"><\/textarea><\/label><input type=\"hidden\" id=\"ak_js_1\" name=\"_wpcf7_ak_js\" value=\"75\"\/><script>document.getElementById( \"ak_js_1\" ).setAttribute( \"value\", ( new Date() ).getTime() );<\/script><\/p><div class=\"wpcf7-response-output\" aria-hidden=\"true\"><\/div>\n<\/form>\n<\/div>\n\n<\/div><\/div><\/div><\/div><\/div><\/div><\/section><section class=\"l-section wpb_row height_medium\"><div class=\"l-section-h i-cf\"><div class=\"g-cols via_grid cols_1 laptops-cols_inherit tablets-cols_inherit mobiles-cols_1 valign_top type_default\"><div class=\"wpb_column vc_column_container\"><div class=\"vc_column-inner\"><div class=\"w-btn-wrapper align_none\"><a class=\"w-btn us-btn-style_1\" target=\"_blank\" href=\"https:\/\/www.ifema.es\/siconmx\/wp-content\/uploads\/2025\/12\/PATROCINIO-SICON-AGENCIA.pdf\" rel=\"noopener\"><span class=\"w-btn-label\">Download for more information<\/span><\/a><\/div><\/div><\/div><\/div><\/div><\/section>\n","protected":false},"excerpt":{"rendered":"Brand Strategy Tailor-made sponsorship actions developed in line with your brand\u2019s objectives. A strategic alliance that experientially connects your brand with its target audience, conveying positive messages and brand generosity. Prominent exposure through high-impact visibility and preferential spaces. It will allow you to develop commercial initiatives to generate business opportunities among IFEMA MADRID\u2019s audience. Opportunity...","protected":false},"author":2,"featured_media":0,"parent":0,"menu_order":0,"comment_status":"closed","ping_status":"closed","template":"","meta":{"inline_featured_image":false,"footnotes":""},"class_list":["post-165","page","type-page","status-publish","hentry"],"yoast_head":"<!-- This site is optimized with the Yoast SEO plugin v26.6 - https:\/\/yoast.com\/wordpress\/plugins\/seo\/ -->\n<title>Sponsor - SICON M\u00e9xico 2026 | IFEMA MADRID<\/title>\n<meta name=\"robots\" content=\"index, follow, max-snippet:-1, max-image-preview:large, max-video-preview:-1\" \/>\n<link rel=\"canonical\" href=\"https:\/\/www.ifema.es\/siconmx\/en\/sponsor\/\" \/>\n<meta property=\"og:locale\" content=\"es_ES\" \/>\n<meta property=\"og:type\" content=\"article\" \/>\n<meta property=\"og:title\" content=\"Sponsor - SICON M\u00e9xico 2026 | IFEMA MADRID\" \/>\n<meta property=\"og:url\" content=\"https:\/\/www.ifema.es\/siconmx\/en\/sponsor\/\" \/>\n<meta property=\"og:site_name\" content=\"SICON M\u00e9xico 2026 | IFEMA MADRID\" \/>\n<meta property=\"article:modified_time\" content=\"2026-01-16T06:04:47+00:00\" \/>\n<meta name=\"twitter:card\" content=\"summary_large_image\" \/>\n<meta name=\"twitter:label1\" content=\"Tiempo de lectura\" \/>\n\t<meta name=\"twitter:data1\" content=\"1 minuto\" \/>\n<script type=\"application\/ld+json\" class=\"yoast-schema-graph\">{\"@context\":\"https:\/\/schema.org\",\"@graph\":[{\"@type\":\"WebPage\",\"@id\":\"https:\/\/www.ifema.es\/siconmx\/en\/sponsor\/\",\"url\":\"https:\/\/www.ifema.es\/siconmx\/en\/sponsor\/\",\"name\":\"Sponsor - SICON M\u00e9xico 2026 | IFEMA MADRID\",\"isPartOf\":{\"@id\":\"https:\/\/www.ifema.es\/siconmx\/#website\"},\"datePublished\":\"2025-09-08T09:44:11+00:00\",\"dateModified\":\"2026-01-16T06:04:47+00:00\",\"breadcrumb\":{\"@id\":\"https:\/\/www.ifema.es\/siconmx\/en\/sponsor\/#breadcrumb\"},\"inLanguage\":\"es\",\"potentialAction\":[{\"@type\":\"ReadAction\",\"target\":[\"https:\/\/www.ifema.es\/siconmx\/en\/sponsor\/\"]}]},{\"@type\":\"BreadcrumbList\",\"@id\":\"https:\/\/www.ifema.es\/siconmx\/en\/sponsor\/#breadcrumb\",\"itemListElement\":[{\"@type\":\"ListItem\",\"position\":1,\"name\":\"Portada\",\"item\":\"https:\/\/www.ifema.es\/siconmx\/\"},{\"@type\":\"ListItem\",\"position\":2,\"name\":\"Sponsor\"}]},{\"@type\":\"WebSite\",\"@id\":\"https:\/\/www.ifema.es\/siconmx\/#website\",\"url\":\"https:\/\/www.ifema.es\/siconmx\/\",\"name\":\"SICON M\u00e9xico\",\"description\":\"Asiste a SICON M\u00e9xico 2026, del 14 al 16 de abril, el evento l\u00edder del sector de la construcci\u00f3n que se llevar\u00e1 a cabo en Guadalajara\",\"publisher\":{\"@id\":\"https:\/\/www.ifema.es\/siconmx\/#organization\"},\"potentialAction\":[{\"@type\":\"SearchAction\",\"target\":{\"@type\":\"EntryPoint\",\"urlTemplate\":\"https:\/\/www.ifema.es\/siconmx\/?s={search_term_string}\"},\"query-input\":{\"@type\":\"PropertyValueSpecification\",\"valueRequired\":true,\"valueName\":\"search_term_string\"}}],\"inLanguage\":\"es\"},{\"@type\":\"Organization\",\"@id\":\"https:\/\/www.ifema.es\/siconmx\/#organization\",\"name\":\"SICON M\u00e9xico\",\"url\":\"https:\/\/www.ifema.es\/siconmx\/\",\"logo\":{\"@type\":\"ImageObject\",\"inLanguage\":\"es\",\"@id\":\"https:\/\/www.ifema.es\/siconmx\/#\/schema\/logo\/image\/\",\"url\":\"https:\/\/www.ifema.es\/siconmx\/wp-content\/uploads\/2025\/08\/siconmx-completo.png\",\"contentUrl\":\"https:\/\/www.ifema.es\/siconmx\/wp-content\/uploads\/2025\/08\/siconmx-completo.png\",\"width\":512,\"height\":160,\"caption\":\"SICON M\u00e9xico\"},\"image\":{\"@id\":\"https:\/\/www.ifema.es\/siconmx\/#\/schema\/logo\/image\/\"}}]}<\/script>\n<!-- \/ Yoast SEO plugin. -->","yoast_head_json":{"title":"Sponsor - SICON M\u00e9xico 2026 | IFEMA MADRID","robots":{"index":"index","follow":"follow","max-snippet":"max-snippet:-1","max-image-preview":"max-image-preview:large","max-video-preview":"max-video-preview:-1"},"canonical":"https:\/\/www.ifema.es\/siconmx\/en\/sponsor\/","og_locale":"es_ES","og_type":"article","og_title":"Sponsor - SICON M\u00e9xico 2026 | IFEMA MADRID","og_url":"https:\/\/www.ifema.es\/siconmx\/en\/sponsor\/","og_site_name":"SICON M\u00e9xico 2026 | IFEMA MADRID","article_modified_time":"2026-01-16T06:04:47+00:00","twitter_card":"summary_large_image","twitter_misc":{"Tiempo de lectura":"1 minuto"},"schema":{"@context":"https:\/\/schema.org","@graph":[{"@type":"WebPage","@id":"https:\/\/www.ifema.es\/siconmx\/en\/sponsor\/","url":"https:\/\/www.ifema.es\/siconmx\/en\/sponsor\/","name":"Sponsor - SICON M\u00e9xico 2026 | IFEMA MADRID","isPartOf":{"@id":"https:\/\/www.ifema.es\/siconmx\/#website"},"datePublished":"2025-09-08T09:44:11+00:00","dateModified":"2026-01-16T06:04:47+00:00","breadcrumb":{"@id":"https:\/\/www.ifema.es\/siconmx\/en\/sponsor\/#breadcrumb"},"inLanguage":"es","potentialAction":[{"@type":"ReadAction","target":["https:\/\/www.ifema.es\/siconmx\/en\/sponsor\/"]}]},{"@type":"BreadcrumbList","@id":"https:\/\/www.ifema.es\/siconmx\/en\/sponsor\/#breadcrumb","itemListElement":[{"@type":"ListItem","position":1,"name":"Portada","item":"https:\/\/www.ifema.es\/siconmx\/"},{"@type":"ListItem","position":2,"name":"Sponsor"}]},{"@type":"WebSite","@id":"https:\/\/www.ifema.es\/siconmx\/#website","url":"https:\/\/www.ifema.es\/siconmx\/","name":"SICON M\u00e9xico","description":"Asiste a SICON M\u00e9xico 2026, del 14 al 16 de abril, el evento l\u00edder del sector de la construcci\u00f3n que se llevar\u00e1 a cabo en Guadalajara","publisher":{"@id":"https:\/\/www.ifema.es\/siconmx\/#organization"},"potentialAction":[{"@type":"SearchAction","target":{"@type":"EntryPoint","urlTemplate":"https:\/\/www.ifema.es\/siconmx\/?s={search_term_string}"},"query-input":{"@type":"PropertyValueSpecification","valueRequired":true,"valueName":"search_term_string"}}],"inLanguage":"es"},{"@type":"Organization","@id":"https:\/\/www.ifema.es\/siconmx\/#organization","name":"SICON M\u00e9xico","url":"https:\/\/www.ifema.es\/siconmx\/","logo":{"@type":"ImageObject","inLanguage":"es","@id":"https:\/\/www.ifema.es\/siconmx\/#\/schema\/logo\/image\/","url":"https:\/\/www.ifema.es\/siconmx\/wp-content\/uploads\/2025\/08\/siconmx-completo.png","contentUrl":"https:\/\/www.ifema.es\/siconmx\/wp-content\/uploads\/2025\/08\/siconmx-completo.png","width":512,"height":160,"caption":"SICON M\u00e9xico"},"image":{"@id":"https:\/\/www.ifema.es\/siconmx\/#\/schema\/logo\/image\/"}}]}},"_links":{"self":[{"href":"https:\/\/www.ifema.es\/siconmx\/wp-json\/wp\/v2\/pages\/165","targetHints":{"allow":["GET"]}}],"collection":[{"href":"https:\/\/www.ifema.es\/siconmx\/wp-json\/wp\/v2\/pages"}],"about":[{"href":"https:\/\/www.ifema.es\/siconmx\/wp-json\/wp\/v2\/types\/page"}],"author":[{"embeddable":true,"href":"https:\/\/www.ifema.es\/siconmx\/wp-json\/wp\/v2\/users\/2"}],"replies":[{"embeddable":true,"href":"https:\/\/www.ifema.es\/siconmx\/wp-json\/wp\/v2\/comments?post=165"}],"version-history":[{"count":4,"href":"https:\/\/www.ifema.es\/siconmx\/wp-json\/wp\/v2\/pages\/165\/revisions"}],"predecessor-version":[{"id":455,"href":"https:\/\/www.ifema.es\/siconmx\/wp-json\/wp\/v2\/pages\/165\/revisions\/455"}],"wp:attachment":[{"href":"https:\/\/www.ifema.es\/siconmx\/wp-json\/wp\/v2\/media?parent=165"}],"curies":[{"name":"wp","href":"https:\/\/api.w.org\/{rel}","templated":true}]}}