{"id":163,"date":"2025-09-08T11:43:51","date_gmt":"2025-09-08T09:43:51","guid":{"rendered":"https:\/\/www.ifema.es\/siconmx\/?page_id=163"},"modified":"2026-01-16T06:57:31","modified_gmt":"2026-01-16T05:57:31","slug":"news","status":"publish","type":"page","link":"https:\/\/www.ifema.es\/siconmx\/en\/news\/","title":{"rendered":"News"},"content":{"rendered":"<section class=\"l-section wpb_row height_medium\"><div class=\"l-section-h i-cf\"><div class=\"g-cols via_grid cols_1 laptops-cols_inherit tablets-cols_inherit mobiles-cols_1 valign_top type_default\"><div class=\"wpb_column vc_column_container\"><div class=\"vc_column-inner\"><div class=\"w-grid type_grid layout_blog_1 cols_3\" id=\"us_grid_1\" data-filterable=\"true\"><style>#us_grid_1 .w-grid-item{padding:1.5rem}#us_grid_1 .w-grid-list{margin:-1.5rem}.w-grid + #us_grid_1 .w-grid-list{margin-top:1.5rem}@media (max-width:899px){#us_grid_1 .w-grid-item{width:50%}}@media (max-width:599px){#us_grid_1 .w-grid-list{margin:0}#us_grid_1 .w-grid-item{width:100%;padding:0;margin-bottom:1.5rem}}.layout_blog_1 .w-grid-item-h{}.layout_blog_1 .usg_post_image_1{margin-bottom:0.5rem!important}.layout_blog_1 .usg_post_title_1{font-size:1rem!important}<\/style><div class=\"w-grid-list\">\t<article class=\"w-grid-item size_1x1 post-445 post type-post status-publish format-standard has-post-thumbnail hentry category-sin-categoria-en tag-en\" data-id=\"445\">\r\n\t\t<div class=\"w-grid-item-h\">\r\n\t\t\t\t\t\t<div class=\"w-post-elm post_image usg_post_image_1 stretched\"><a href=\"https:\/\/www.ifema.es\/siconmx\/en\/2026\/01\/16\/expo-guadalajara-aims-to-position-sicon-mx-among-the-worlds-leading-construction-exhibitions\/\" aria-label=\"Expo Guadalajara aims to position SICON MX among the world\u2019s leading construction exhibitions\"><img loading=\"lazy\" decoding=\"async\" width=\"300\" height=\"199\" src=\"https:\/\/www.ifema.es\/siconmx\/wp-content\/uploads\/2025\/08\/1540631450587-300x199.jpg\" class=\"attachment-medium size-medium wp-post-image\" alt=\"Vista a\u00e9rea SICOM\" srcset=\"https:\/\/www.ifema.es\/siconmx\/wp-content\/uploads\/2025\/08\/1540631450587-300x199.jpg 300w, https:\/\/www.ifema.es\/siconmx\/wp-content\/uploads\/2025\/08\/1540631450587.jpg 700w\" sizes=\"auto, (max-width: 300px) 100vw, 300px\" \/><\/a><\/div><h2 class=\"w-post-elm post_title usg_post_title_1 entry-title color_link_inherit\"><a href=\"https:\/\/www.ifema.es\/siconmx\/en\/2026\/01\/16\/expo-guadalajara-aims-to-position-sicon-mx-among-the-worlds-leading-construction-exhibitions\/\">Expo Guadalajara aims to position SICON MX among the world\u2019s leading construction exhibitions<\/a><\/h2>\t\t<\/div>\r\n\t<\/article>\r\n\t<article class=\"w-grid-item size_1x1 post-443 post type-post status-publish format-standard has-post-thumbnail hentry category-sin-categoria-en tag-en\" data-id=\"443\">\r\n\t\t<div class=\"w-grid-item-h\">\r\n\t\t\t\t\t\t<div class=\"w-post-elm post_image usg_post_image_1 stretched\"><a href=\"https:\/\/www.ifema.es\/siconmx\/en\/2026\/01\/16\/exhibition-for-construction-professionals-in-the-works\/\" aria-label=\"Exhibition for Construction Professionals in the Works\"><img loading=\"lazy\" decoding=\"async\" width=\"300\" height=\"189\" src=\"https:\/\/www.ifema.es\/siconmx\/wp-content\/uploads\/2025\/12\/whatsapp_image_2025-05-14_at_10_36_28_am_version1747244551835.jpeg_1208611317-300x189.webp\" class=\"attachment-medium size-medium wp-post-image\" alt=\"\" srcset=\"https:\/\/www.ifema.es\/siconmx\/wp-content\/uploads\/2025\/12\/whatsapp_image_2025-05-14_at_10_36_28_am_version1747244551835.jpeg_1208611317-300x189.webp 300w, https:\/\/www.ifema.es\/siconmx\/wp-content\/uploads\/2025\/12\/whatsapp_image_2025-05-14_at_10_36_28_am_version1747244551835.jpeg_1208611317.webp 770w\" sizes=\"auto, (max-width: 300px) 100vw, 300px\" \/><\/a><\/div><h2 class=\"w-post-elm post_title usg_post_title_1 entry-title color_link_inherit\"><a href=\"https:\/\/www.ifema.es\/siconmx\/en\/2026\/01\/16\/exhibition-for-construction-professionals-in-the-works\/\">Exhibition for Construction Professionals in the Works<\/a><\/h2>\t\t<\/div>\r\n\t<\/article>\r\n\t<article class=\"w-grid-item size_1x1 post-441 post type-post status-publish format-standard has-post-thumbnail hentry category-sin-categoria-en tag-en\" data-id=\"441\">\r\n\t\t<div class=\"w-grid-item-h\">\r\n\t\t\t\t\t\t<div class=\"w-post-elm post_image usg_post_image_1 stretched\"><a href=\"https:\/\/www.ifema.es\/siconmx\/en\/2026\/01\/16\/sicon-2026-will-bring-together-construction-leaders-from-across-latin-america-in-guadalajara-mexico\/\" aria-label=\"SICON 2026 will bring together construction leaders from across Latin America in Guadalajara, Mexico\"><img loading=\"lazy\" decoding=\"async\" width=\"300\" height=\"168\" src=\"https:\/\/www.ifema.es\/siconmx\/wp-content\/uploads\/2025\/12\/Captura-de-pantalla-2025-12-08-a-las-11.15.29-p.m-300x168.png\" class=\"attachment-medium size-medium wp-post-image\" alt=\"\" srcset=\"https:\/\/www.ifema.es\/siconmx\/wp-content\/uploads\/2025\/12\/Captura-de-pantalla-2025-12-08-a-las-11.15.29-p.m-300x168.png 300w, https:\/\/www.ifema.es\/siconmx\/wp-content\/uploads\/2025\/12\/Captura-de-pantalla-2025-12-08-a-las-11.15.29-p.m-1024x573.png 1024w, https:\/\/www.ifema.es\/siconmx\/wp-content\/uploads\/2025\/12\/Captura-de-pantalla-2025-12-08-a-las-11.15.29-p.m.png 1354w\" sizes=\"auto, (max-width: 300px) 100vw, 300px\" \/><\/a><\/div><h2 class=\"w-post-elm post_title usg_post_title_1 entry-title color_link_inherit\"><a href=\"https:\/\/www.ifema.es\/siconmx\/en\/2026\/01\/16\/sicon-2026-will-bring-together-construction-leaders-from-across-latin-america-in-guadalajara-mexico\/\">SICON 2026 will bring together construction leaders from across Latin America in Guadalajara, Mexico<\/a><\/h2>\t\t<\/div>\r\n\t<\/article>\r\n\t<article class=\"w-grid-item size_1x1 post-439 post type-post status-publish format-standard has-post-thumbnail hentry category-sin-categoria-en tag-en\" data-id=\"439\">\r\n\t\t<div class=\"w-grid-item-h\">\r\n\t\t\t\t\t\t<div class=\"w-post-elm post_image usg_post_image_1 stretched\"><a href=\"https:\/\/www.ifema.es\/siconmx\/en\/2026\/01\/16\/ifema-madrid-and-expo-guadalajara-promote-sicon-2026-in-mexico\/\" aria-label=\"IFEMA MADRID and Expo Guadalajara promote SICON 2026 in Mexico\"><img loading=\"lazy\" decoding=\"async\" width=\"300\" height=\"168\" src=\"https:\/\/www.ifema.es\/siconmx\/wp-content\/uploads\/2025\/12\/Captura-de-pantalla-2025-12-08-a-las-11.15.29-p.m-300x168.png\" class=\"attachment-medium size-medium wp-post-image\" alt=\"\" srcset=\"https:\/\/www.ifema.es\/siconmx\/wp-content\/uploads\/2025\/12\/Captura-de-pantalla-2025-12-08-a-las-11.15.29-p.m-300x168.png 300w, https:\/\/www.ifema.es\/siconmx\/wp-content\/uploads\/2025\/12\/Captura-de-pantalla-2025-12-08-a-las-11.15.29-p.m-1024x573.png 1024w, https:\/\/www.ifema.es\/siconmx\/wp-content\/uploads\/2025\/12\/Captura-de-pantalla-2025-12-08-a-las-11.15.29-p.m.png 1354w\" sizes=\"auto, (max-width: 300px) 100vw, 300px\" \/><\/a><\/div><h2 class=\"w-post-elm post_title usg_post_title_1 entry-title color_link_inherit\"><a href=\"https:\/\/www.ifema.es\/siconmx\/en\/2026\/01\/16\/ifema-madrid-and-expo-guadalajara-promote-sicon-2026-in-mexico\/\">IFEMA MADRID and Expo Guadalajara promote SICON 2026 in Mexico<\/a><\/h2>\t\t<\/div>\r\n\t<\/article>\r\n<\/div><div class=\"w-grid-preloader\"><div class=\"g-preloader type_1\">\r\n\t<div><\/div>\r\n<\/div>\r\n<\/div>\t<div class=\"w-grid-json hidden\" onclick='return {&quot;action&quot;:&quot;us_ajax_grid&quot;,&quot;ajax_url&quot;:&quot;https:\\\/\\\/www.ifema.es\\\/siconmx\\\/wp-admin\\\/admin-ajax.php&quot;,&quot;infinite_scroll&quot;:0,&quot;max_num_pages&quot;:1,&quot;pagination&quot;:&quot;none&quot;,&quot;permalink_url&quot;:&quot;https:\\\/\\\/www.ifema.es\\\/siconmx\\\/wp-json\\\/wp\\\/v2\\\/pages\\\/163&quot;,&quot;template_vars&quot;:{&quot;columns&quot;:&quot;3&quot;,&quot;exclude_items&quot;:&quot;none&quot;,&quot;img_size&quot;:&quot;medium&quot;,&quot;ignore_items_size&quot;:false,&quot;items_layout&quot;:&quot;blog_1&quot;,&quot;items_offset&quot;:&quot;1&quot;,&quot;load_animation&quot;:&quot;none&quot;,&quot;overriding_link&quot;:&quot;none&quot;,&quot;post_id&quot;:163,&quot;query_args&quot;:{&quot;post_type&quot;:[&quot;post&quot;],&quot;tax_query&quot;:[{&quot;taxonomy&quot;:&quot;post_tag&quot;,&quot;field&quot;:&quot;slug&quot;,&quot;terms&quot;:[&quot;en&quot;]}],&quot;post_status&quot;:[&quot;publish&quot;],&quot;posts_per_page&quot;:&quot;10&quot;},&quot;orderby_query_args&quot;:{&quot;orderby&quot;:{&quot;date&quot;:&quot;DESC&quot;}},&quot;type&quot;:&quot;grid&quot;,&quot;us_grid_ajax_index&quot;:1,&quot;us_grid_filter_params&quot;:null,&quot;us_grid_index&quot;:1,&quot;_us_grid_post_type&quot;:&quot;post&quot;}}'><\/div>\r\n\t<\/div><\/div><\/div><\/div><\/div><\/section>\n","protected":false},"excerpt":{"rendered":"SICON 2026, the International Construction Week Mexico, organized by IFEMA MADRID and Expo Guadalajara, will take place from April 14 to 16, 2026, in Guadalajara. The event will bring together construction industry leaders from Mexico, Central America, and Latin America to drive innovation, business opportunities, and strategic partnerships. SICON 2026 Brings the Latin American Construction...","protected":false},"author":2,"featured_media":0,"parent":0,"menu_order":0,"comment_status":"closed","ping_status":"closed","template":"","meta":{"inline_featured_image":false,"footnotes":""},"class_list":["post-163","page","type-page","status-publish","hentry"],"yoast_head":"<!-- This site is optimized with the Yoast SEO plugin v26.6 - https:\/\/yoast.com\/wordpress\/plugins\/seo\/ -->\n<title>News - SICON M\u00e9xico 2026 | IFEMA MADRID<\/title>\n<meta name=\"robots\" content=\"index, follow, max-snippet:-1, max-image-preview:large, max-video-preview:-1\" \/>\n<link rel=\"canonical\" href=\"https:\/\/www.ifema.es\/siconmx\/en\/news\/\" \/>\n<meta property=\"og:locale\" content=\"es_ES\" \/>\n<meta property=\"og:type\" content=\"article\" \/>\n<meta property=\"og:title\" content=\"News - SICON M\u00e9xico 2026 | IFEMA MADRID\" \/>\n<meta property=\"og:url\" content=\"https:\/\/www.ifema.es\/siconmx\/en\/news\/\" \/>\n<meta property=\"og:site_name\" content=\"SICON M\u00e9xico 2026 | IFEMA MADRID\" \/>\n<meta property=\"article:modified_time\" content=\"2026-01-16T05:57:31+00:00\" \/>\n<meta name=\"twitter:card\" content=\"summary_large_image\" \/>\n<meta name=\"twitter:label1\" content=\"Tiempo de lectura\" \/>\n\t<meta name=\"twitter:data1\" content=\"1 minuto\" \/>\n<script type=\"application\/ld+json\" class=\"yoast-schema-graph\">{\"@context\":\"https:\/\/schema.org\",\"@graph\":[{\"@type\":\"WebPage\",\"@id\":\"https:\/\/www.ifema.es\/siconmx\/en\/news\/\",\"url\":\"https:\/\/www.ifema.es\/siconmx\/en\/news\/\",\"name\":\"News - SICON M\u00e9xico 2026 | IFEMA MADRID\",\"isPartOf\":{\"@id\":\"https:\/\/www.ifema.es\/siconmx\/#website\"},\"datePublished\":\"2025-09-08T09:43:51+00:00\",\"dateModified\":\"2026-01-16T05:57:31+00:00\",\"breadcrumb\":{\"@id\":\"https:\/\/www.ifema.es\/siconmx\/en\/news\/#breadcrumb\"},\"inLanguage\":\"es\",\"potentialAction\":[{\"@type\":\"ReadAction\",\"target\":[\"https:\/\/www.ifema.es\/siconmx\/en\/news\/\"]}]},{\"@type\":\"BreadcrumbList\",\"@id\":\"https:\/\/www.ifema.es\/siconmx\/en\/news\/#breadcrumb\",\"itemListElement\":[{\"@type\":\"ListItem\",\"position\":1,\"name\":\"Portada\",\"item\":\"https:\/\/www.ifema.es\/siconmx\/\"},{\"@type\":\"ListItem\",\"position\":2,\"name\":\"News\"}]},{\"@type\":\"WebSite\",\"@id\":\"https:\/\/www.ifema.es\/siconmx\/#website\",\"url\":\"https:\/\/www.ifema.es\/siconmx\/\",\"name\":\"SICON M\u00e9xico\",\"description\":\"Asiste a SICON M\u00e9xico 2026, del 14 al 16 de abril, el evento l\u00edder del sector de la construcci\u00f3n que se llevar\u00e1 a cabo en Guadalajara\",\"publisher\":{\"@id\":\"https:\/\/www.ifema.es\/siconmx\/#organization\"},\"potentialAction\":[{\"@type\":\"SearchAction\",\"target\":{\"@type\":\"EntryPoint\",\"urlTemplate\":\"https:\/\/www.ifema.es\/siconmx\/?s={search_term_string}\"},\"query-input\":{\"@type\":\"PropertyValueSpecification\",\"valueRequired\":true,\"valueName\":\"search_term_string\"}}],\"inLanguage\":\"es\"},{\"@type\":\"Organization\",\"@id\":\"https:\/\/www.ifema.es\/siconmx\/#organization\",\"name\":\"SICON M\u00e9xico\",\"url\":\"https:\/\/www.ifema.es\/siconmx\/\",\"logo\":{\"@type\":\"ImageObject\",\"inLanguage\":\"es\",\"@id\":\"https:\/\/www.ifema.es\/siconmx\/#\/schema\/logo\/image\/\",\"url\":\"https:\/\/www.ifema.es\/siconmx\/wp-content\/uploads\/2025\/08\/siconmx-completo.png\",\"contentUrl\":\"https:\/\/www.ifema.es\/siconmx\/wp-content\/uploads\/2025\/08\/siconmx-completo.png\",\"width\":512,\"height\":160,\"caption\":\"SICON M\u00e9xico\"},\"image\":{\"@id\":\"https:\/\/www.ifema.es\/siconmx\/#\/schema\/logo\/image\/\"}}]}<\/script>\n<!-- \/ Yoast SEO plugin. -->","yoast_head_json":{"title":"News - SICON M\u00e9xico 2026 | IFEMA MADRID","robots":{"index":"index","follow":"follow","max-snippet":"max-snippet:-1","max-image-preview":"max-image-preview:large","max-video-preview":"max-video-preview:-1"},"canonical":"https:\/\/www.ifema.es\/siconmx\/en\/news\/","og_locale":"es_ES","og_type":"article","og_title":"News - SICON M\u00e9xico 2026 | IFEMA MADRID","og_url":"https:\/\/www.ifema.es\/siconmx\/en\/news\/","og_site_name":"SICON M\u00e9xico 2026 | IFEMA MADRID","article_modified_time":"2026-01-16T05:57:31+00:00","twitter_card":"summary_large_image","twitter_misc":{"Tiempo de lectura":"1 minuto"},"schema":{"@context":"https:\/\/schema.org","@graph":[{"@type":"WebPage","@id":"https:\/\/www.ifema.es\/siconmx\/en\/news\/","url":"https:\/\/www.ifema.es\/siconmx\/en\/news\/","name":"News - SICON M\u00e9xico 2026 | IFEMA MADRID","isPartOf":{"@id":"https:\/\/www.ifema.es\/siconmx\/#website"},"datePublished":"2025-09-08T09:43:51+00:00","dateModified":"2026-01-16T05:57:31+00:00","breadcrumb":{"@id":"https:\/\/www.ifema.es\/siconmx\/en\/news\/#breadcrumb"},"inLanguage":"es","potentialAction":[{"@type":"ReadAction","target":["https:\/\/www.ifema.es\/siconmx\/en\/news\/"]}]},{"@type":"BreadcrumbList","@id":"https:\/\/www.ifema.es\/siconmx\/en\/news\/#breadcrumb","itemListElement":[{"@type":"ListItem","position":1,"name":"Portada","item":"https:\/\/www.ifema.es\/siconmx\/"},{"@type":"ListItem","position":2,"name":"News"}]},{"@type":"WebSite","@id":"https:\/\/www.ifema.es\/siconmx\/#website","url":"https:\/\/www.ifema.es\/siconmx\/","name":"SICON M\u00e9xico","description":"Asiste a SICON M\u00e9xico 2026, del 14 al 16 de abril, el evento l\u00edder del sector de la construcci\u00f3n que se llevar\u00e1 a cabo en Guadalajara","publisher":{"@id":"https:\/\/www.ifema.es\/siconmx\/#organization"},"potentialAction":[{"@type":"SearchAction","target":{"@type":"EntryPoint","urlTemplate":"https:\/\/www.ifema.es\/siconmx\/?s={search_term_string}"},"query-input":{"@type":"PropertyValueSpecification","valueRequired":true,"valueName":"search_term_string"}}],"inLanguage":"es"},{"@type":"Organization","@id":"https:\/\/www.ifema.es\/siconmx\/#organization","name":"SICON M\u00e9xico","url":"https:\/\/www.ifema.es\/siconmx\/","logo":{"@type":"ImageObject","inLanguage":"es","@id":"https:\/\/www.ifema.es\/siconmx\/#\/schema\/logo\/image\/","url":"https:\/\/www.ifema.es\/siconmx\/wp-content\/uploads\/2025\/08\/siconmx-completo.png","contentUrl":"https:\/\/www.ifema.es\/siconmx\/wp-content\/uploads\/2025\/08\/siconmx-completo.png","width":512,"height":160,"caption":"SICON M\u00e9xico"},"image":{"@id":"https:\/\/www.ifema.es\/siconmx\/#\/schema\/logo\/image\/"}}]}},"_links":{"self":[{"href":"https:\/\/www.ifema.es\/siconmx\/wp-json\/wp\/v2\/pages\/163","targetHints":{"allow":["GET"]}}],"collection":[{"href":"https:\/\/www.ifema.es\/siconmx\/wp-json\/wp\/v2\/pages"}],"about":[{"href":"https:\/\/www.ifema.es\/siconmx\/wp-json\/wp\/v2\/types\/page"}],"author":[{"embeddable":true,"href":"https:\/\/www.ifema.es\/siconmx\/wp-json\/wp\/v2\/users\/2"}],"replies":[{"embeddable":true,"href":"https:\/\/www.ifema.es\/siconmx\/wp-json\/wp\/v2\/comments?post=163"}],"version-history":[{"count":2,"href":"https:\/\/www.ifema.es\/siconmx\/wp-json\/wp\/v2\/pages\/163\/revisions"}],"predecessor-version":[{"id":450,"href":"https:\/\/www.ifema.es\/siconmx\/wp-json\/wp\/v2\/pages\/163\/revisions\/450"}],"wp:attachment":[{"href":"https:\/\/www.ifema.es\/siconmx\/wp-json\/wp\/v2\/media?parent=163"}],"curies":[{"name":"wp","href":"https:\/\/api.w.org\/{rel}","templated":true}]}}