{"id":155,"date":"2025-09-08T11:42:31","date_gmt":"2025-09-08T09:42:31","guid":{"rendered":"https:\/\/www.ifema.es\/siconmx\/?page_id=155"},"modified":"2026-01-16T17:52:03","modified_gmt":"2026-01-16T16:52:03","slug":"why-exhibit","status":"publish","type":"page","link":"https:\/\/www.ifema.es\/siconmx\/en\/why-exhibit\/","title":{"rendered":"Why exhibit?"},"content":{"rendered":"<section class=\"l-section wpb_row height_medium\"><div class=\"l-section-h i-cf\"><div class=\"g-cols via_grid cols_1 laptops-cols_inherit tablets-cols_inherit mobiles-cols_1 valign_top type_default\"><div class=\"wpb_column vc_column_container\"><div class=\"vc_column-inner\"><div class=\"wpb_text_column\"><div class=\"wpb_wrapper\"><p><span style=\"font-weight: 400;\">Participating as an exhibitor at <strong>SICON Mexico<\/strong> is a unique opportunity to connect with a highly specialized audience and discover the latest trends, innovations, and developments in the construction sector.<\/span><\/p>\n<\/div><\/div><div class=\"g-cols wpb_row via_grid cols_4 laptops-cols_inherit tablets-cols_inherit mobiles-cols_1 valign_top type_default\"><div class=\"wpb_column vc_column_container\"><div class=\"vc_column-inner\"><div class=\"w-tabs style_default switch_click accordion has_scrolling\" style=\"--sections-title-size:inherit\"><div class=\"w-tabs-sections titles-align_none icon_chevron cpos_right\"><div class=\"w-tabs-section\" id=\"j191\"><button aria-controls=\"content-j191\" class=\"w-tabs-section-header\"><div class=\"w-tabs-section-title\">Construction Materials<\/div><div class=\"w-tabs-section-control\"><\/div><\/button><div class=\"w-tabs-section-content\" id=\"content-j191\" aria-expanded=\"false\"><div class=\"w-tabs-section-content-h i-cf\"><div class=\"wpb_text_column\"><div class=\"wpb_wrapper\"><p><span style=\"font-weight: 400;\">manufacturers and distributors of cement, steel, wood, ceramics, glass, etc.<\/span><\/p>\n<\/div><\/div><\/div><\/div><\/div><\/div><\/div><\/div><\/div><div class=\"wpb_column vc_column_container\"><div class=\"vc_column-inner\"><div class=\"w-tabs style_default switch_click accordion has_scrolling\" style=\"--sections-title-size:inherit\"><div class=\"w-tabs-sections titles-align_none icon_chevron cpos_right\"><div class=\"w-tabs-section\" id=\"ocdc\"><button aria-controls=\"content-ocdc\" class=\"w-tabs-section-header\"><div class=\"w-tabs-section-title\">Machinery and Equipment<\/div><div class=\"w-tabs-section-control\"><\/div><\/button><div class=\"w-tabs-section-content\" id=\"content-ocdc\" aria-expanded=\"false\"><div class=\"w-tabs-section-content-h i-cf\"><div class=\"wpb_text_column\"><div class=\"wpb_wrapper\"><p><span style=\"font-weight: 400;\">heavy machinery, cranes, excavators, power tools, and more.<\/span><\/p>\n<\/div><\/div><\/div><\/div><\/div><\/div><\/div><\/div><\/div><div class=\"wpb_column vc_column_container\"><div class=\"vc_column-inner\"><div class=\"w-tabs style_default switch_click accordion has_scrolling\" style=\"--sections-title-size:inherit\"><div class=\"w-tabs-sections titles-align_none icon_chevron cpos_right\"><div class=\"w-tabs-section\" id=\"u6f7\"><button aria-controls=\"content-u6f7\" class=\"w-tabs-section-header\"><div class=\"w-tabs-section-title\">Technology<\/div><div class=\"w-tabs-section-control\"><\/div><\/button><div class=\"w-tabs-section-content\" id=\"content-u6f7\" aria-expanded=\"false\"><div class=\"w-tabs-section-content-h i-cf\"><div class=\"wpb_text_column\"><div class=\"wpb_wrapper\"><p><span style=\"font-weight: 400;\">architectural design software, virtual reality, construction management systems, etc.<\/span><\/p>\n<\/div><\/div><\/div><\/div><\/div><\/div><\/div><\/div><\/div><div class=\"wpb_column vc_column_container\"><div class=\"vc_column-inner\"><div class=\"w-tabs style_default switch_click accordion has_scrolling\" style=\"--sections-title-size:inherit\"><div class=\"w-tabs-sections titles-align_none icon_chevron cpos_right\"><div class=\"w-tabs-section\" id=\"f07b\"><button aria-controls=\"content-f07b\" class=\"w-tabs-section-header\"><div class=\"w-tabs-section-title\">Engineering and Consulting Companies<\/div><div class=\"w-tabs-section-control\"><\/div><\/button><div class=\"w-tabs-section-content\" id=\"content-f07b\" aria-expanded=\"false\"><div class=\"w-tabs-section-content-h i-cf\"><div class=\"wpb_text_column\"><div class=\"wpb_wrapper\"><p><span style=\"font-weight: 400;\">civil engineering firms, sustainability consultants, urban planning and design firms.<\/span><\/p>\n<\/div><\/div><\/div><\/div><\/div><\/div><\/div><\/div><\/div><\/div><div class=\"g-cols wpb_row via_grid cols_4 laptops-cols_inherit tablets-cols_inherit mobiles-cols_1 valign_top type_default\"><div class=\"wpb_column vc_column_container\"><div class=\"vc_column-inner\"><div class=\"w-tabs style_default switch_click accordion has_scrolling\" style=\"--sections-title-size:inherit\"><div class=\"w-tabs-sections titles-align_none icon_chevron cpos_right\"><div class=\"w-tabs-section\" id=\"fb90\"><button aria-controls=\"content-fb90\" class=\"w-tabs-section-header\"><div class=\"w-tabs-section-title\">Sustainable construction materials<\/div><div class=\"w-tabs-section-control\"><\/div><\/button><div class=\"w-tabs-section-content\" id=\"content-fb90\" aria-expanded=\"false\"><div class=\"w-tabs-section-content-h i-cf\"><div class=\"wpb_text_column\"><div class=\"wpb_wrapper\"><p><span style=\"font-weight: 400;\">Exhibitors showcasing sustainable materials, technologies, and innovative construction systems.<\/span><\/p>\n<\/div><\/div><\/div><\/div><\/div><\/div><\/div><\/div><\/div><div class=\"wpb_column vc_column_container\"><div class=\"vc_column-inner\"><div class=\"w-tabs style_default switch_click accordion has_scrolling\" style=\"--sections-title-size:inherit\"><div class=\"w-tabs-sections titles-align_none icon_chevron cpos_right\"><div class=\"w-tabs-section\" id=\"o4e2\"><button aria-controls=\"content-o4e2\" class=\"w-tabs-section-header\"><div class=\"w-tabs-section-title\">Educational Institutions<\/div><div class=\"w-tabs-section-control\"><\/div><\/button><div class=\"w-tabs-section-content\" id=\"content-o4e2\" aria-expanded=\"false\"><div class=\"w-tabs-section-content-h i-cf\"><div class=\"wpb_text_column\"><div class=\"wpb_wrapper\"><p><span style=\"font-weight: 400;\">architecture and engineering schools, construction training programs, and professional development courses.<\/span><\/p>\n<\/div><\/div><\/div><\/div><\/div><\/div><\/div><\/div><\/div><div class=\"wpb_column vc_column_container\"><div class=\"vc_column-inner\"><div class=\"w-tabs style_default switch_click accordion has_scrolling\" style=\"--sections-title-size:inherit\"><div class=\"w-tabs-sections titles-align_none icon_chevron cpos_right\"><div class=\"w-tabs-section\" id=\"ee0f\"><button aria-controls=\"content-ee0f\" class=\"w-tabs-section-header\"><div class=\"w-tabs-section-title\">Prefabricated and Modular Construction Companies<\/div><div class=\"w-tabs-section-control\"><\/div><\/button><div class=\"w-tabs-section-content\" id=\"content-ee0f\" aria-expanded=\"false\"><div class=\"w-tabs-section-content-h i-cf\"><div class=\"wpb_text_column\"><div class=\"wpb_wrapper\"><p><span style=\"font-weight: 400;\">prefabricated structures and modular homes.<\/span><\/p>\n<\/div><\/div><\/div><\/div><\/div><\/div><\/div><\/div><\/div><div class=\"wpb_column vc_column_container\"><div class=\"vc_column-inner\"><div class=\"w-tabs style_default switch_click accordion has_scrolling\" style=\"--sections-title-size:inherit\"><div class=\"w-tabs-sections titles-align_none icon_chevron cpos_right\"><div class=\"w-tabs-section\" id=\"d729\"><button aria-controls=\"content-d729\" class=\"w-tabs-section-header\"><div class=\"w-tabs-section-title\">Security systems<\/div><div class=\"w-tabs-section-control\"><\/div><\/button><div class=\"w-tabs-section-content\" id=\"content-d729\" aria-expanded=\"false\"><div class=\"w-tabs-section-content-h i-cf\"><div class=\"wpb_text_column\"><div class=\"wpb_wrapper\"><p><span style=\"font-weight: 400;\">safety equipment and technologies, risk prevention systems, and more.<\/span><\/p>\n<\/div><\/div><\/div><\/div><\/div><\/div><\/div><\/div><\/div><\/div><div class=\"g-cols wpb_row via_grid cols_4 laptops-cols_inherit tablets-cols_inherit mobiles-cols_1 valign_top type_default\"><div class=\"wpb_column vc_column_container\"><div class=\"vc_column-inner\"><div class=\"w-tabs style_default switch_click accordion has_scrolling\" style=\"--sections-title-size:inherit\"><div class=\"w-tabs-sections titles-align_none icon_chevron cpos_right\"><div class=\"w-tabs-section\" id=\"e0a3\"><button aria-controls=\"content-e0a3\" class=\"w-tabs-section-header\"><div class=\"w-tabs-section-title\">Financial and Insurance Services<\/div><div class=\"w-tabs-section-control\"><\/div><\/button><div class=\"w-tabs-section-content\" id=\"content-e0a3\" aria-expanded=\"false\"><div class=\"w-tabs-section-content-h i-cf\"><div class=\"wpb_text_column\"><div class=\"wpb_wrapper\"><\/div><\/div><\/div><\/div><\/div><\/div><\/div><\/div><\/div><div class=\"wpb_column vc_column_container\"><div class=\"vc_column-inner\"><div class=\"w-tabs style_default switch_click accordion has_scrolling\" style=\"--sections-title-size:inherit\"><div class=\"w-tabs-sections titles-align_none icon_chevron cpos_right\"><div class=\"w-tabs-section\" id=\"w91f\"><button aria-controls=\"content-w91f\" class=\"w-tabs-section-header\"><div class=\"w-tabs-section-title\">Architectural design firm<\/div><div class=\"w-tabs-section-control\"><\/div><\/button><div class=\"w-tabs-section-content\" id=\"content-w91f\" aria-expanded=\"false\"><div class=\"w-tabs-section-content-h i-cf\"><div class=\"wpb_text_column\"><div class=\"wpb_wrapper\"><p><span style=\"font-weight: 400;\">architecture studio showcasing projects and innovative design approaches.<\/span><\/p>\n<\/div><\/div><\/div><\/div><\/div><\/div><\/div><\/div><\/div><div class=\"wpb_column vc_column_container\"><div class=\"vc_column-inner\"><div class=\"w-tabs style_default switch_click accordion has_scrolling\" style=\"--sections-title-size:inherit\"><div class=\"w-tabs-sections titles-align_none icon_chevron cpos_right\"><\/div><\/div><\/div><\/div><div class=\"wpb_column vc_column_container\"><div class=\"vc_column-inner\"><div class=\"w-tabs style_default switch_click accordion has_scrolling\" style=\"--sections-title-size:inherit\"><div class=\"w-tabs-sections titles-align_none icon_chevron cpos_right\"><\/div><\/div><\/div><\/div><\/div><\/div><\/div><\/div><\/div><\/section><section class=\"l-section wpb_row height_medium\"><div class=\"l-section-h i-cf\"><div class=\"g-cols via_grid cols_1 laptops-cols_inherit tablets-cols_inherit mobiles-cols_1 valign_top type_default\"><div class=\"wpb_column vc_column_container\"><div class=\"vc_column-inner\"><div class=\"wpb_text_column\"><div class=\"wpb_wrapper\"><p><strong>SICON \u2013 IFEMA MADRID Success Metrics<\/strong><\/p>\n<ul>\n<li style=\"font-weight: 400;\" aria-level=\"1\"><span style=\"font-weight: 400;\"><span style=\"font-weight: 400;\">46,737 professional visitors (+5% vs. the 2024 edition).<\/span><\/span><\/li>\n<li style=\"font-weight: 400;\" aria-level=\"1\"><span style=\"font-weight: 400;\"><span style=\"font-weight: 400;\">28% construction\/renovation companies, 7% architects, 15% distributors, 34% installers.<\/span><\/span><\/li>\n<li style=\"font-weight: 400;\" aria-level=\"1\"><span style=\"font-weight: 400;\"><span style=\"font-weight: 400;\">560 exhibiting companies and +1,100 companies across the exhibition floor.<\/span><\/span><\/li>\n<li style=\"font-weight: 400;\" aria-level=\"1\"><span style=\"font-weight: 400;\"><span style=\"font-weight: 400;\">16% international attendance, 12% more vs. the 2024 event.<\/span><\/span><\/li>\n<li style=\"font-weight: 400;\" aria-level=\"1\"><span style=\"font-weight: 400;\"><span style=\"font-weight: 400;\">Featured countries: Portugal, Germany, Italy, France, Morocco, and Turkey.<\/span><\/span><\/li>\n<li style=\"font-weight: 400;\" aria-level=\"1\"><span style=\"font-weight: 400;\"><span style=\"font-weight: 400;\">LATAM accounted for 15% of international visitors (mainly Mexico, Colombia, and Brazil).<\/span><\/span><\/li>\n<li><span style=\"font-weight: 400;\">Full coverage of the entire value chain:<\/span>\n<ul>\n<li><span style=\"font-weight: 400;\">design + construction + materials + solutions + installation.<\/span><\/li>\n<\/ul>\n<\/li>\n<li style=\"font-weight: 400;\" aria-level=\"1\"><span style=\"font-weight: 400;\">189,257 contacts and 43,220 leads.<\/span><\/li>\n<li style=\"font-weight: 400;\" aria-level=\"1\"><span style=\"font-weight: 400;\">6,067 meetings generated.<\/span><\/li>\n<\/ul>\n<\/div><\/div><\/div><\/div><\/div><\/div><\/section><section class=\"l-section wpb_row height_medium\"><div class=\"l-section-h i-cf\"><div class=\"g-cols via_grid cols_1 laptops-cols_inherit tablets-cols_inherit mobiles-cols_1 valign_top type_default\"><div class=\"wpb_column vc_column_container\"><div class=\"vc_column-inner\"><h2 class=\"w-text us_custom_eb849559\"><span class=\"w-text-h\"><span class=\"w-text-value\">General information<\/span><\/span><\/h2><\/div><\/div><\/div><\/div><\/section><section class=\"l-section wpb_row height_medium\"><div class=\"l-section-h i-cf\"><div class=\"g-cols via_grid cols_3 laptops-cols_inherit tablets-cols_inherit mobiles-cols_1 valign_top type_default\"><div class=\"wpb_column vc_column_container\"><div class=\"vc_column-inner\"><div class=\"w-iconbox iconpos_left style_default color_primary align_center no_title icontype_img\"><div class=\"w-iconbox-icon\" style=\"font-size:4rem;\"><img loading=\"lazy\" decoding=\"async\" width=\"200\" height=\"200\" src=\"https:\/\/www.ifema.es\/siconmx\/wp-content\/uploads\/2025\/12\/12.png\" class=\"attachment-full size-full\" alt=\"\" srcset=\"https:\/\/www.ifema.es\/siconmx\/wp-content\/uploads\/2025\/12\/12.png 200w, https:\/\/www.ifema.es\/siconmx\/wp-content\/uploads\/2025\/12\/12-150x150.png 150w\" sizes=\"auto, (max-width: 200px) 100vw, 200px\" \/><\/div><div class=\"w-iconbox-meta\"><div class=\"w-iconbox-text\"><p><strong>9,000sqm<\/strong><br \/>\nof exhibition floor<\/p>\n<\/div><\/div><\/div><\/div><\/div><div class=\"wpb_column vc_column_container\"><div class=\"vc_column-inner\"><div class=\"w-iconbox iconpos_left style_default color_primary align_center no_title icontype_img\"><div class=\"w-iconbox-icon\" style=\"font-size:4rem;\"><img loading=\"lazy\" decoding=\"async\" width=\"200\" height=\"200\" src=\"https:\/\/www.ifema.es\/siconmx\/wp-content\/uploads\/2025\/12\/21.png\" class=\"attachment-full size-full\" alt=\"\" srcset=\"https:\/\/www.ifema.es\/siconmx\/wp-content\/uploads\/2025\/12\/21.png 200w, https:\/\/www.ifema.es\/siconmx\/wp-content\/uploads\/2025\/12\/21-150x150.png 150w\" sizes=\"auto, (max-width: 200px) 100vw, 200px\" \/><\/div><div class=\"w-iconbox-meta\"><div class=\"w-iconbox-text\"><p><strong>+250<\/strong><br \/>\nexhibitors<br \/>\n<strong>20%<\/strong> international<\/p>\n<\/div><\/div><\/div><\/div><\/div><div class=\"wpb_column vc_column_container\"><div class=\"vc_column-inner\"><div class=\"w-iconbox iconpos_left style_default color_primary align_center no_title icontype_img\"><div class=\"w-iconbox-icon\" style=\"font-size:4rem;\"><img loading=\"lazy\" decoding=\"async\" width=\"200\" height=\"200\" src=\"https:\/\/www.ifema.es\/siconmx\/wp-content\/uploads\/2025\/12\/16.png\" class=\"attachment-full size-full\" alt=\"\" srcset=\"https:\/\/www.ifema.es\/siconmx\/wp-content\/uploads\/2025\/12\/16.png 200w, https:\/\/www.ifema.es\/siconmx\/wp-content\/uploads\/2025\/12\/16-150x150.png 150w\" sizes=\"auto, (max-width: 200px) 100vw, 200px\" \/><\/div><div class=\"w-iconbox-meta\"><div class=\"w-iconbox-text\"><p><strong>5000<\/strong><br \/>\n<span style=\"font-weight: 400;\">specialized visitors including hosted buyers<\/span><\/p>\n<\/div><\/div><\/div><\/div><\/div><\/div><\/div><\/section><section class=\"l-section wpb_row height_medium\"><div class=\"l-section-h i-cf\"><div class=\"g-cols via_grid cols_3 laptops-cols_inherit tablets-cols_inherit mobiles-cols_1 valign_top type_default\"><div class=\"wpb_column vc_column_container\"><div class=\"vc_column-inner\"><div class=\"w-iconbox iconpos_left style_default color_primary align_center no_title icontype_img\"><div class=\"w-iconbox-icon\" style=\"font-size:4rem;\"><img loading=\"lazy\" decoding=\"async\" width=\"200\" height=\"200\" src=\"https:\/\/www.ifema.es\/siconmx\/wp-content\/uploads\/2025\/12\/24.png\" class=\"attachment-full size-full\" alt=\"\" srcset=\"https:\/\/www.ifema.es\/siconmx\/wp-content\/uploads\/2025\/12\/24.png 200w, https:\/\/www.ifema.es\/siconmx\/wp-content\/uploads\/2025\/12\/24-150x150.png 150w\" sizes=\"auto, (max-width: 200px) 100vw, 200px\" \/><\/div><div class=\"w-iconbox-meta\"><div class=\"w-iconbox-text\"><p><span style=\"font-weight: 400;\">Speakers<\/span><\/p>\n<\/div><\/div><\/div><\/div><\/div><div class=\"wpb_column vc_column_container\"><div class=\"vc_column-inner\"><div class=\"w-iconbox iconpos_left style_default color_primary align_center no_title icontype_img\"><div class=\"w-iconbox-icon\" style=\"font-size:4rem;\"><img loading=\"lazy\" decoding=\"async\" width=\"200\" height=\"200\" src=\"https:\/\/www.ifema.es\/siconmx\/wp-content\/uploads\/2025\/12\/15.png\" class=\"attachment-full size-full\" alt=\"\" srcset=\"https:\/\/www.ifema.es\/siconmx\/wp-content\/uploads\/2025\/12\/15.png 200w, https:\/\/www.ifema.es\/siconmx\/wp-content\/uploads\/2025\/12\/15-150x150.png 150w\" sizes=\"auto, (max-width: 200px) 100vw, 200px\" \/><\/div><div class=\"w-iconbox-meta\"><div class=\"w-iconbox-text\"><p><span style=\"font-weight: 400;\">Business meetings<\/span><\/p>\n<\/div><\/div><\/div><\/div><\/div><div class=\"wpb_column vc_column_container\"><div class=\"vc_column-inner\"><div class=\"w-iconbox iconpos_left style_default color_primary align_center no_title icontype_img\"><div class=\"w-iconbox-icon\" style=\"font-size:4rem;\"><img loading=\"lazy\" decoding=\"async\" width=\"200\" height=\"200\" src=\"https:\/\/www.ifema.es\/siconmx\/wp-content\/uploads\/2025\/12\/20.png\" class=\"attachment-full size-full\" alt=\"\" srcset=\"https:\/\/www.ifema.es\/siconmx\/wp-content\/uploads\/2025\/12\/20.png 200w, https:\/\/www.ifema.es\/siconmx\/wp-content\/uploads\/2025\/12\/20-150x150.png 150w\" sizes=\"auto, (max-width: 200px) 100vw, 200px\" \/><\/div><div class=\"w-iconbox-meta\"><div class=\"w-iconbox-text\"><p><span style=\"font-weight: 400;\">Machinery pavilion<\/span><\/p>\n<\/div><\/div><\/div><\/div><\/div><\/div><\/div><\/section><section class=\"l-section wpb_row height_medium\"><div class=\"l-section-h i-cf\"><div class=\"g-cols via_grid cols_1 laptops-cols_inherit tablets-cols_inherit mobiles-cols_1 valign_top type_default\"><div class=\"wpb_column vc_column_container\"><div class=\"vc_column-inner\"><div class=\"w-btn-wrapper align_none\"><a class=\"w-btn us-btn-style_1\" title=\"Strategic Partners\" href=\"https:\/\/www.ifema.es\/siconmx\/en\/strategic-partners\/\"><span class=\"w-btn-label\">STRATEGIC PARTNERS<\/span><\/a><\/div><\/div><\/div><\/div><\/div><\/section>\n","protected":false},"excerpt":{"rendered":"Participating as an exhibitor at SICON Mexico is a unique opportunity to connect with a highly specialized audience and discover the latest trends, innovations, and developments in the construction sector. Construction Materialsmanufacturers and distributors of cement, steel, wood, ceramics, glass, etc. Machinery and Equipmentheavy machinery, cranes, excavators, power tools, and more. Technologyarchitectural design software, virtual...","protected":false},"author":2,"featured_media":0,"parent":0,"menu_order":0,"comment_status":"closed","ping_status":"closed","template":"","meta":{"inline_featured_image":false,"footnotes":""},"class_list":["post-155","page","type-page","status-publish","hentry"],"yoast_head":"<!-- This site is optimized with the Yoast SEO plugin v26.6 - https:\/\/yoast.com\/wordpress\/plugins\/seo\/ -->\n<title>Why exhibit? - SICON M\u00e9xico 2026 | IFEMA MADRID<\/title>\n<meta name=\"robots\" content=\"index, follow, max-snippet:-1, max-image-preview:large, max-video-preview:-1\" \/>\n<link rel=\"canonical\" href=\"https:\/\/www.ifema.es\/siconmx\/en\/why-exhibit\/\" \/>\n<meta property=\"og:locale\" content=\"es_ES\" \/>\n<meta property=\"og:type\" content=\"article\" \/>\n<meta property=\"og:title\" content=\"Why exhibit? - SICON M\u00e9xico 2026 | IFEMA MADRID\" \/>\n<meta property=\"og:url\" content=\"https:\/\/www.ifema.es\/siconmx\/en\/why-exhibit\/\" \/>\n<meta property=\"og:site_name\" content=\"SICON M\u00e9xico 2026 | IFEMA MADRID\" \/>\n<meta property=\"article:modified_time\" content=\"2026-01-16T16:52:03+00:00\" \/>\n<meta name=\"twitter:card\" content=\"summary_large_image\" \/>\n<meta name=\"twitter:label1\" content=\"Tiempo de lectura\" \/>\n\t<meta name=\"twitter:data1\" content=\"3 minutos\" \/>\n<script type=\"application\/ld+json\" class=\"yoast-schema-graph\">{\"@context\":\"https:\/\/schema.org\",\"@graph\":[{\"@type\":\"WebPage\",\"@id\":\"https:\/\/www.ifema.es\/siconmx\/en\/why-exhibit\/\",\"url\":\"https:\/\/www.ifema.es\/siconmx\/en\/why-exhibit\/\",\"name\":\"Why exhibit? - SICON M\u00e9xico 2026 | IFEMA MADRID\",\"isPartOf\":{\"@id\":\"https:\/\/www.ifema.es\/siconmx\/#website\"},\"datePublished\":\"2025-09-08T09:42:31+00:00\",\"dateModified\":\"2026-01-16T16:52:03+00:00\",\"breadcrumb\":{\"@id\":\"https:\/\/www.ifema.es\/siconmx\/en\/why-exhibit\/#breadcrumb\"},\"inLanguage\":\"es\",\"potentialAction\":[{\"@type\":\"ReadAction\",\"target\":[\"https:\/\/www.ifema.es\/siconmx\/en\/why-exhibit\/\"]}]},{\"@type\":\"BreadcrumbList\",\"@id\":\"https:\/\/www.ifema.es\/siconmx\/en\/why-exhibit\/#breadcrumb\",\"itemListElement\":[{\"@type\":\"ListItem\",\"position\":1,\"name\":\"Portada\",\"item\":\"https:\/\/www.ifema.es\/siconmx\/\"},{\"@type\":\"ListItem\",\"position\":2,\"name\":\"Why exhibit?\"}]},{\"@type\":\"WebSite\",\"@id\":\"https:\/\/www.ifema.es\/siconmx\/#website\",\"url\":\"https:\/\/www.ifema.es\/siconmx\/\",\"name\":\"SICON M\u00e9xico\",\"description\":\"Asiste a SICON M\u00e9xico 2026, del 14 al 16 de abril, el evento l\u00edder del sector de la construcci\u00f3n que se llevar\u00e1 a cabo en Guadalajara\",\"publisher\":{\"@id\":\"https:\/\/www.ifema.es\/siconmx\/#organization\"},\"potentialAction\":[{\"@type\":\"SearchAction\",\"target\":{\"@type\":\"EntryPoint\",\"urlTemplate\":\"https:\/\/www.ifema.es\/siconmx\/?s={search_term_string}\"},\"query-input\":{\"@type\":\"PropertyValueSpecification\",\"valueRequired\":true,\"valueName\":\"search_term_string\"}}],\"inLanguage\":\"es\"},{\"@type\":\"Organization\",\"@id\":\"https:\/\/www.ifema.es\/siconmx\/#organization\",\"name\":\"SICON M\u00e9xico\",\"url\":\"https:\/\/www.ifema.es\/siconmx\/\",\"logo\":{\"@type\":\"ImageObject\",\"inLanguage\":\"es\",\"@id\":\"https:\/\/www.ifema.es\/siconmx\/#\/schema\/logo\/image\/\",\"url\":\"https:\/\/www.ifema.es\/siconmx\/wp-content\/uploads\/2025\/08\/siconmx-completo.png\",\"contentUrl\":\"https:\/\/www.ifema.es\/siconmx\/wp-content\/uploads\/2025\/08\/siconmx-completo.png\",\"width\":512,\"height\":160,\"caption\":\"SICON M\u00e9xico\"},\"image\":{\"@id\":\"https:\/\/www.ifema.es\/siconmx\/#\/schema\/logo\/image\/\"}}]}<\/script>\n<!-- \/ Yoast SEO plugin. -->","yoast_head_json":{"title":"Why exhibit? - SICON M\u00e9xico 2026 | IFEMA MADRID","robots":{"index":"index","follow":"follow","max-snippet":"max-snippet:-1","max-image-preview":"max-image-preview:large","max-video-preview":"max-video-preview:-1"},"canonical":"https:\/\/www.ifema.es\/siconmx\/en\/why-exhibit\/","og_locale":"es_ES","og_type":"article","og_title":"Why exhibit? - SICON M\u00e9xico 2026 | IFEMA MADRID","og_url":"https:\/\/www.ifema.es\/siconmx\/en\/why-exhibit\/","og_site_name":"SICON M\u00e9xico 2026 | IFEMA MADRID","article_modified_time":"2026-01-16T16:52:03+00:00","twitter_card":"summary_large_image","twitter_misc":{"Tiempo de lectura":"3 minutos"},"schema":{"@context":"https:\/\/schema.org","@graph":[{"@type":"WebPage","@id":"https:\/\/www.ifema.es\/siconmx\/en\/why-exhibit\/","url":"https:\/\/www.ifema.es\/siconmx\/en\/why-exhibit\/","name":"Why exhibit? - SICON M\u00e9xico 2026 | IFEMA MADRID","isPartOf":{"@id":"https:\/\/www.ifema.es\/siconmx\/#website"},"datePublished":"2025-09-08T09:42:31+00:00","dateModified":"2026-01-16T16:52:03+00:00","breadcrumb":{"@id":"https:\/\/www.ifema.es\/siconmx\/en\/why-exhibit\/#breadcrumb"},"inLanguage":"es","potentialAction":[{"@type":"ReadAction","target":["https:\/\/www.ifema.es\/siconmx\/en\/why-exhibit\/"]}]},{"@type":"BreadcrumbList","@id":"https:\/\/www.ifema.es\/siconmx\/en\/why-exhibit\/#breadcrumb","itemListElement":[{"@type":"ListItem","position":1,"name":"Portada","item":"https:\/\/www.ifema.es\/siconmx\/"},{"@type":"ListItem","position":2,"name":"Why exhibit?"}]},{"@type":"WebSite","@id":"https:\/\/www.ifema.es\/siconmx\/#website","url":"https:\/\/www.ifema.es\/siconmx\/","name":"SICON M\u00e9xico","description":"Asiste a SICON M\u00e9xico 2026, del 14 al 16 de abril, el evento l\u00edder del sector de la construcci\u00f3n que se llevar\u00e1 a cabo en Guadalajara","publisher":{"@id":"https:\/\/www.ifema.es\/siconmx\/#organization"},"potentialAction":[{"@type":"SearchAction","target":{"@type":"EntryPoint","urlTemplate":"https:\/\/www.ifema.es\/siconmx\/?s={search_term_string}"},"query-input":{"@type":"PropertyValueSpecification","valueRequired":true,"valueName":"search_term_string"}}],"inLanguage":"es"},{"@type":"Organization","@id":"https:\/\/www.ifema.es\/siconmx\/#organization","name":"SICON M\u00e9xico","url":"https:\/\/www.ifema.es\/siconmx\/","logo":{"@type":"ImageObject","inLanguage":"es","@id":"https:\/\/www.ifema.es\/siconmx\/#\/schema\/logo\/image\/","url":"https:\/\/www.ifema.es\/siconmx\/wp-content\/uploads\/2025\/08\/siconmx-completo.png","contentUrl":"https:\/\/www.ifema.es\/siconmx\/wp-content\/uploads\/2025\/08\/siconmx-completo.png","width":512,"height":160,"caption":"SICON M\u00e9xico"},"image":{"@id":"https:\/\/www.ifema.es\/siconmx\/#\/schema\/logo\/image\/"}}]}},"_links":{"self":[{"href":"https:\/\/www.ifema.es\/siconmx\/wp-json\/wp\/v2\/pages\/155","targetHints":{"allow":["GET"]}}],"collection":[{"href":"https:\/\/www.ifema.es\/siconmx\/wp-json\/wp\/v2\/pages"}],"about":[{"href":"https:\/\/www.ifema.es\/siconmx\/wp-json\/wp\/v2\/types\/page"}],"author":[{"embeddable":true,"href":"https:\/\/www.ifema.es\/siconmx\/wp-json\/wp\/v2\/users\/2"}],"replies":[{"embeddable":true,"href":"https:\/\/www.ifema.es\/siconmx\/wp-json\/wp\/v2\/comments?post=155"}],"version-history":[{"count":7,"href":"https:\/\/www.ifema.es\/siconmx\/wp-json\/wp\/v2\/pages\/155\/revisions"}],"predecessor-version":[{"id":462,"href":"https:\/\/www.ifema.es\/siconmx\/wp-json\/wp\/v2\/pages\/155\/revisions\/462"}],"wp:attachment":[{"href":"https:\/\/www.ifema.es\/siconmx\/wp-json\/wp\/v2\/media?parent=155"}],"curies":[{"name":"wp","href":"https:\/\/api.w.org\/{rel}","templated":true}]}}