{"id":120,"date":"2025-08-04T09:05:25","date_gmt":"2025-08-04T07:05:25","guid":{"rendered":"https:\/\/www.ifema.es\/siconmx\/?page_id=120"},"modified":"2026-04-28T19:05:59","modified_gmt":"2026-04-28T17:05:59","slug":"sala-de-prensa","status":"publish","type":"page","link":"https:\/\/www.ifema.es\/siconmx\/sala-de-prensa\/","title":{"rendered":"Sala de prensa"},"content":{"rendered":"<section class=\"l-section wpb_row height_medium\"><div class=\"l-section-h i-cf\"><div class=\"g-cols via_grid cols_1 laptops-cols_inherit tablets-cols_inherit mobiles-cols_1 valign_top type_default\"><div class=\"wpb_column vc_column_container\"><div class=\"vc_column-inner\"><div class=\"w-html\"><section class=\"sicon-kit-section\">\n  <div class=\"sicon-kit-wrap\">\n\n    <div class=\"sicon-kit-left\">\n      <div class=\"sicon-kit-badge\">Kit de Medios<\/div>\n      <h2>Descarga todo el material gr\u00e1fico del evento para promocionar tu participaci\u00f3n en la Semana de la Construcci\u00f3n.<\/h2>\n      <p class=\"sicon-kit-intro\">\n        En el siguiente <strong>Kit de Medios<\/strong> encontrar\u00e1s los siguientes archivos:\n      <\/p>\n\n      <ul class=\"sicon-kit-list\">\n        <li>Logo de SICON editable en todas sus versiones<\/li>\n        <li>Imagen de la campa\u00f1a<\/li>\n        <li>Imagen de template en formato post y storie<\/li>\n        <li>Logo de IFEMA en todas versiones<\/li>\n        <li>Logo de Expo en todas versiones<\/li>\n        <li>Logo CMIC en todas versiones<\/li>\n        <li>Presentaci\u00f3n general del evento<\/li>\n      <\/ul>\n\n      <div class=\"sicon-kit-btn-wrap\">\n        <a href=\"https:\/\/drive.google.com\/drive\/folders\/1M1Al8Gsy_FGURMLCoE5ZmnYlA5Mx-SlJ\" class=\"sicon-kit-btn\" target=\"_blank\">Descargar Kit<\/a>\n      <\/div>\n    <\/div>\n\n    <div class=\"sicon-kit-right\">\n      <div class=\"sicon-kit-card\">\n        <h3>\u00bfNecesitas m\u00e1s informaci\u00f3n?<\/h3>\n        <p class=\"sicon-kit-contact-text\">\n          Si necesitas m\u00e1s informaci\u00f3n o tienes dudas, puedes contactarnos por los siguientes medios.\n        <\/p>\n\n        <div class=\"sicon-kit-contact-item\">\n          <span class=\"sicon-kit-contact-label\">Contacto general<\/span>\n        <\/div>\n\n        <div class=\"sicon-kit-contact-item\">\n          <span class=\"sicon-kit-contact-label\">Correo electr\u00f3nico:<\/span>\n          <a href=\"mailto:pmedina@expoguadalajara.mx\">pmedina@expoguadalajara.mx<\/a>\n        <\/div>\n\n        <div class=\"sicon-kit-contact-item\">\n          <span class=\"sicon-kit-contact-label\">Telef\u00f3nico:<\/span>\n          <a href=\"tel:+523333433010\">+52 33 3343 3010<\/a>\n        <\/div>\n\n        <div class=\"sicon-kit-contact-item\">\n          <span class=\"sicon-kit-contact-label\">Ubicaci\u00f3n:<\/span>\n          <span>Av. Mariano Otero 1499, Verde Valle, 44550 Guadalajara, Jal.<\/span>\n        <\/div>\n      <\/div>\n    <\/div>\n\n  <\/div>\n<\/section><\/div><\/div><\/div><\/div><\/div><\/section>\n","protected":false},"excerpt":{"rendered":"Kit de Medios Descarga todo el material gr\u00e1fico del evento para promocionar tu participaci\u00f3n en la Semana de la Construcci\u00f3n. En el siguiente Kit de Medios encontrar\u00e1s los siguientes archivos: Logo de SICON editable en todas sus versiones Imagen de la campa\u00f1a Imagen de template en formato post y storie Logo de IFEMA en todas...","protected":false},"author":2,"featured_media":0,"parent":0,"menu_order":0,"comment_status":"closed","ping_status":"closed","template":"","meta":{"inline_featured_image":false,"footnotes":""},"class_list":["post-120","page","type-page","status-publish","hentry"],"yoast_head":"<!-- This site is optimized with the Yoast SEO plugin v26.6 - https:\/\/yoast.com\/wordpress\/plugins\/seo\/ -->\n<title>Sala de prensa - SICON M\u00e9xico 2027 | IFEMA MADRID<\/title>\n<meta name=\"robots\" content=\"index, follow, max-snippet:-1, max-image-preview:large, max-video-preview:-1\" \/>\n<link rel=\"canonical\" href=\"https:\/\/www.ifema.es\/siconmx\/sala-de-prensa\/\" \/>\n<meta property=\"og:locale\" content=\"es_ES\" \/>\n<meta property=\"og:type\" content=\"article\" \/>\n<meta property=\"og:title\" content=\"Sala de prensa - SICON M\u00e9xico 2027 | IFEMA MADRID\" \/>\n<meta property=\"og:url\" content=\"https:\/\/www.ifema.es\/siconmx\/sala-de-prensa\/\" \/>\n<meta property=\"og:site_name\" content=\"SICON M\u00e9xico 2027 | IFEMA MADRID\" \/>\n<meta property=\"article:modified_time\" content=\"2026-04-28T17:05:59+00:00\" \/>\n<meta name=\"twitter:card\" content=\"summary_large_image\" \/>\n<meta name=\"twitter:label1\" content=\"Tiempo de lectura\" \/>\n\t<meta name=\"twitter:data1\" content=\"3 minutos\" \/>\n<script type=\"application\/ld+json\" class=\"yoast-schema-graph\">{\"@context\":\"https:\/\/schema.org\",\"@graph\":[{\"@type\":\"WebPage\",\"@id\":\"https:\/\/www.ifema.es\/siconmx\/sala-de-prensa\/\",\"url\":\"https:\/\/www.ifema.es\/siconmx\/sala-de-prensa\/\",\"name\":\"Sala de prensa - SICON M\u00e9xico 2027 | IFEMA MADRID\",\"isPartOf\":{\"@id\":\"https:\/\/www.ifema.es\/siconmx\/#website\"},\"datePublished\":\"2025-08-04T07:05:25+00:00\",\"dateModified\":\"2026-04-28T17:05:59+00:00\",\"breadcrumb\":{\"@id\":\"https:\/\/www.ifema.es\/siconmx\/sala-de-prensa\/#breadcrumb\"},\"inLanguage\":\"es\",\"potentialAction\":[{\"@type\":\"ReadAction\",\"target\":[\"https:\/\/www.ifema.es\/siconmx\/sala-de-prensa\/\"]}]},{\"@type\":\"BreadcrumbList\",\"@id\":\"https:\/\/www.ifema.es\/siconmx\/sala-de-prensa\/#breadcrumb\",\"itemListElement\":[{\"@type\":\"ListItem\",\"position\":1,\"name\":\"Portada\",\"item\":\"https:\/\/www.ifema.es\/siconmx\/\"},{\"@type\":\"ListItem\",\"position\":2,\"name\":\"Sala de prensa\"}]},{\"@type\":\"WebSite\",\"@id\":\"https:\/\/www.ifema.es\/siconmx\/#website\",\"url\":\"https:\/\/www.ifema.es\/siconmx\/\",\"name\":\"SICON M\u00e9xico\",\"description\":\"Asiste a SICON M\u00e9xico 2027, del 20 al 22 de abril, el evento l\u00edder del sector de la construcci\u00f3n que se llevar\u00e1 a cabo en Guadalajara\",\"publisher\":{\"@id\":\"https:\/\/www.ifema.es\/siconmx\/#organization\"},\"potentialAction\":[{\"@type\":\"SearchAction\",\"target\":{\"@type\":\"EntryPoint\",\"urlTemplate\":\"https:\/\/www.ifema.es\/siconmx\/?s={search_term_string}\"},\"query-input\":{\"@type\":\"PropertyValueSpecification\",\"valueRequired\":true,\"valueName\":\"search_term_string\"}}],\"inLanguage\":\"es\"},{\"@type\":\"Organization\",\"@id\":\"https:\/\/www.ifema.es\/siconmx\/#organization\",\"name\":\"SICON M\u00e9xico\",\"url\":\"https:\/\/www.ifema.es\/siconmx\/\",\"logo\":{\"@type\":\"ImageObject\",\"inLanguage\":\"es\",\"@id\":\"https:\/\/www.ifema.es\/siconmx\/#\/schema\/logo\/image\/\",\"url\":\"https:\/\/www.ifema.es\/siconmx\/wp-content\/uploads\/2025\/08\/siconmx-completo.png\",\"contentUrl\":\"https:\/\/www.ifema.es\/siconmx\/wp-content\/uploads\/2025\/08\/siconmx-completo.png\",\"width\":512,\"height\":160,\"caption\":\"SICON M\u00e9xico\"},\"image\":{\"@id\":\"https:\/\/www.ifema.es\/siconmx\/#\/schema\/logo\/image\/\"}}]}<\/script>\n<!-- \/ Yoast SEO plugin. -->","yoast_head_json":{"title":"Sala de prensa - SICON M\u00e9xico 2027 | IFEMA MADRID","robots":{"index":"index","follow":"follow","max-snippet":"max-snippet:-1","max-image-preview":"max-image-preview:large","max-video-preview":"max-video-preview:-1"},"canonical":"https:\/\/www.ifema.es\/siconmx\/sala-de-prensa\/","og_locale":"es_ES","og_type":"article","og_title":"Sala de prensa - SICON M\u00e9xico 2027 | IFEMA MADRID","og_url":"https:\/\/www.ifema.es\/siconmx\/sala-de-prensa\/","og_site_name":"SICON M\u00e9xico 2027 | IFEMA MADRID","article_modified_time":"2026-04-28T17:05:59+00:00","twitter_card":"summary_large_image","twitter_misc":{"Tiempo de lectura":"3 minutos"},"schema":{"@context":"https:\/\/schema.org","@graph":[{"@type":"WebPage","@id":"https:\/\/www.ifema.es\/siconmx\/sala-de-prensa\/","url":"https:\/\/www.ifema.es\/siconmx\/sala-de-prensa\/","name":"Sala de prensa - SICON M\u00e9xico 2027 | IFEMA MADRID","isPartOf":{"@id":"https:\/\/www.ifema.es\/siconmx\/#website"},"datePublished":"2025-08-04T07:05:25+00:00","dateModified":"2026-04-28T17:05:59+00:00","breadcrumb":{"@id":"https:\/\/www.ifema.es\/siconmx\/sala-de-prensa\/#breadcrumb"},"inLanguage":"es","potentialAction":[{"@type":"ReadAction","target":["https:\/\/www.ifema.es\/siconmx\/sala-de-prensa\/"]}]},{"@type":"BreadcrumbList","@id":"https:\/\/www.ifema.es\/siconmx\/sala-de-prensa\/#breadcrumb","itemListElement":[{"@type":"ListItem","position":1,"name":"Portada","item":"https:\/\/www.ifema.es\/siconmx\/"},{"@type":"ListItem","position":2,"name":"Sala de prensa"}]},{"@type":"WebSite","@id":"https:\/\/www.ifema.es\/siconmx\/#website","url":"https:\/\/www.ifema.es\/siconmx\/","name":"SICON M\u00e9xico","description":"Asiste a SICON M\u00e9xico 2027, del 20 al 22 de abril, el evento l\u00edder del sector de la construcci\u00f3n que se llevar\u00e1 a cabo en Guadalajara","publisher":{"@id":"https:\/\/www.ifema.es\/siconmx\/#organization"},"potentialAction":[{"@type":"SearchAction","target":{"@type":"EntryPoint","urlTemplate":"https:\/\/www.ifema.es\/siconmx\/?s={search_term_string}"},"query-input":{"@type":"PropertyValueSpecification","valueRequired":true,"valueName":"search_term_string"}}],"inLanguage":"es"},{"@type":"Organization","@id":"https:\/\/www.ifema.es\/siconmx\/#organization","name":"SICON M\u00e9xico","url":"https:\/\/www.ifema.es\/siconmx\/","logo":{"@type":"ImageObject","inLanguage":"es","@id":"https:\/\/www.ifema.es\/siconmx\/#\/schema\/logo\/image\/","url":"https:\/\/www.ifema.es\/siconmx\/wp-content\/uploads\/2025\/08\/siconmx-completo.png","contentUrl":"https:\/\/www.ifema.es\/siconmx\/wp-content\/uploads\/2025\/08\/siconmx-completo.png","width":512,"height":160,"caption":"SICON M\u00e9xico"},"image":{"@id":"https:\/\/www.ifema.es\/siconmx\/#\/schema\/logo\/image\/"}}]}},"_links":{"self":[{"href":"https:\/\/www.ifema.es\/siconmx\/wp-json\/wp\/v2\/pages\/120","targetHints":{"allow":["GET"]}}],"collection":[{"href":"https:\/\/www.ifema.es\/siconmx\/wp-json\/wp\/v2\/pages"}],"about":[{"href":"https:\/\/www.ifema.es\/siconmx\/wp-json\/wp\/v2\/types\/page"}],"author":[{"embeddable":true,"href":"https:\/\/www.ifema.es\/siconmx\/wp-json\/wp\/v2\/users\/2"}],"replies":[{"embeddable":true,"href":"https:\/\/www.ifema.es\/siconmx\/wp-json\/wp\/v2\/comments?post=120"}],"version-history":[{"count":21,"href":"https:\/\/www.ifema.es\/siconmx\/wp-json\/wp\/v2\/pages\/120\/revisions"}],"predecessor-version":[{"id":1459,"href":"https:\/\/www.ifema.es\/siconmx\/wp-json\/wp\/v2\/pages\/120\/revisions\/1459"}],"wp:attachment":[{"href":"https:\/\/www.ifema.es\/siconmx\/wp-json\/wp\/v2\/media?parent=120"}],"curies":[{"name":"wp","href":"https:\/\/api.w.org\/{rel}","templated":true}]}}