{"id":1088,"date":"2026-04-06T16:08:40","date_gmt":"2026-04-06T14:08:40","guid":{"rendered":"https:\/\/www.ifema.es\/siconmx\/?page_id=1088"},"modified":"2026-04-06T16:08:40","modified_gmt":"2026-04-06T14:08:40","slug":"where-to-stay","status":"publish","type":"page","link":"https:\/\/www.ifema.es\/siconmx\/en\/where-to-stay\/","title":{"rendered":"Where to stay"},"content":{"rendered":"","protected":false},"excerpt":{"rendered":"","protected":false},"author":2,"featured_media":0,"parent":0,"menu_order":0,"comment_status":"closed","ping_status":"closed","template":"","meta":{"inline_featured_image":false,"footnotes":""},"class_list":["post-1088","page","type-page","status-publish","hentry"],"yoast_head":"<!-- This site is optimized with the Yoast SEO plugin v26.6 - https:\/\/yoast.com\/wordpress\/plugins\/seo\/ -->\n<title>Where to stay - SICON M\u00e9xico 2026 | IFEMA MADRID<\/title>\n<meta name=\"robots\" content=\"index, follow, max-snippet:-1, max-image-preview:large, max-video-preview:-1\" \/>\n<link rel=\"canonical\" href=\"https:\/\/www.ifema.es\/siconmx\/en\/where-to-stay\/\" \/>\n<meta property=\"og:locale\" content=\"es_ES\" \/>\n<meta property=\"og:type\" content=\"article\" \/>\n<meta property=\"og:title\" content=\"Where to stay - SICON M\u00e9xico 2026 | IFEMA MADRID\" \/>\n<meta property=\"og:url\" content=\"https:\/\/www.ifema.es\/siconmx\/en\/where-to-stay\/\" \/>\n<meta property=\"og:site_name\" content=\"SICON M\u00e9xico 2026 | IFEMA MADRID\" \/>\n<meta name=\"twitter:card\" content=\"summary_large_image\" \/>\n<script type=\"application\/ld+json\" class=\"yoast-schema-graph\">{\"@context\":\"https:\/\/schema.org\",\"@graph\":[{\"@type\":\"WebPage\",\"@id\":\"https:\/\/www.ifema.es\/siconmx\/en\/where-to-stay\/\",\"url\":\"https:\/\/www.ifema.es\/siconmx\/en\/where-to-stay\/\",\"name\":\"Where to stay - SICON M\u00e9xico 2026 | IFEMA MADRID\",\"isPartOf\":{\"@id\":\"https:\/\/www.ifema.es\/siconmx\/#website\"},\"datePublished\":\"2026-04-06T14:08:40+00:00\",\"breadcrumb\":{\"@id\":\"https:\/\/www.ifema.es\/siconmx\/en\/where-to-stay\/#breadcrumb\"},\"inLanguage\":\"es\",\"potentialAction\":[{\"@type\":\"ReadAction\",\"target\":[\"https:\/\/www.ifema.es\/siconmx\/en\/where-to-stay\/\"]}]},{\"@type\":\"BreadcrumbList\",\"@id\":\"https:\/\/www.ifema.es\/siconmx\/en\/where-to-stay\/#breadcrumb\",\"itemListElement\":[{\"@type\":\"ListItem\",\"position\":1,\"name\":\"Portada\",\"item\":\"https:\/\/www.ifema.es\/siconmx\/\"},{\"@type\":\"ListItem\",\"position\":2,\"name\":\"Where to stay\"}]},{\"@type\":\"WebSite\",\"@id\":\"https:\/\/www.ifema.es\/siconmx\/#website\",\"url\":\"https:\/\/www.ifema.es\/siconmx\/\",\"name\":\"SICON M\u00e9xico\",\"description\":\"Asiste a SICON M\u00e9xico 2026, del 14 al 16 de abril, el evento l\u00edder del sector de la construcci\u00f3n que se llevar\u00e1 a cabo en Guadalajara\",\"publisher\":{\"@id\":\"https:\/\/www.ifema.es\/siconmx\/#organization\"},\"potentialAction\":[{\"@type\":\"SearchAction\",\"target\":{\"@type\":\"EntryPoint\",\"urlTemplate\":\"https:\/\/www.ifema.es\/siconmx\/?s={search_term_string}\"},\"query-input\":{\"@type\":\"PropertyValueSpecification\",\"valueRequired\":true,\"valueName\":\"search_term_string\"}}],\"inLanguage\":\"es\"},{\"@type\":\"Organization\",\"@id\":\"https:\/\/www.ifema.es\/siconmx\/#organization\",\"name\":\"SICON M\u00e9xico\",\"url\":\"https:\/\/www.ifema.es\/siconmx\/\",\"logo\":{\"@type\":\"ImageObject\",\"inLanguage\":\"es\",\"@id\":\"https:\/\/www.ifema.es\/siconmx\/#\/schema\/logo\/image\/\",\"url\":\"https:\/\/www.ifema.es\/siconmx\/wp-content\/uploads\/2025\/08\/siconmx-completo.png\",\"contentUrl\":\"https:\/\/www.ifema.es\/siconmx\/wp-content\/uploads\/2025\/08\/siconmx-completo.png\",\"width\":512,\"height\":160,\"caption\":\"SICON M\u00e9xico\"},\"image\":{\"@id\":\"https:\/\/www.ifema.es\/siconmx\/#\/schema\/logo\/image\/\"}}]}<\/script>\n<!-- \/ Yoast SEO plugin. -->","yoast_head_json":{"title":"Where to stay - SICON M\u00e9xico 2026 | IFEMA MADRID","robots":{"index":"index","follow":"follow","max-snippet":"max-snippet:-1","max-image-preview":"max-image-preview:large","max-video-preview":"max-video-preview:-1"},"canonical":"https:\/\/www.ifema.es\/siconmx\/en\/where-to-stay\/","og_locale":"es_ES","og_type":"article","og_title":"Where to stay - SICON M\u00e9xico 2026 | IFEMA MADRID","og_url":"https:\/\/www.ifema.es\/siconmx\/en\/where-to-stay\/","og_site_name":"SICON M\u00e9xico 2026 | IFEMA MADRID","twitter_card":"summary_large_image","schema":{"@context":"https:\/\/schema.org","@graph":[{"@type":"WebPage","@id":"https:\/\/www.ifema.es\/siconmx\/en\/where-to-stay\/","url":"https:\/\/www.ifema.es\/siconmx\/en\/where-to-stay\/","name":"Where to stay - SICON M\u00e9xico 2026 | IFEMA MADRID","isPartOf":{"@id":"https:\/\/www.ifema.es\/siconmx\/#website"},"datePublished":"2026-04-06T14:08:40+00:00","breadcrumb":{"@id":"https:\/\/www.ifema.es\/siconmx\/en\/where-to-stay\/#breadcrumb"},"inLanguage":"es","potentialAction":[{"@type":"ReadAction","target":["https:\/\/www.ifema.es\/siconmx\/en\/where-to-stay\/"]}]},{"@type":"BreadcrumbList","@id":"https:\/\/www.ifema.es\/siconmx\/en\/where-to-stay\/#breadcrumb","itemListElement":[{"@type":"ListItem","position":1,"name":"Portada","item":"https:\/\/www.ifema.es\/siconmx\/"},{"@type":"ListItem","position":2,"name":"Where to stay"}]},{"@type":"WebSite","@id":"https:\/\/www.ifema.es\/siconmx\/#website","url":"https:\/\/www.ifema.es\/siconmx\/","name":"SICON M\u00e9xico","description":"Asiste a SICON M\u00e9xico 2026, del 14 al 16 de abril, el evento l\u00edder del sector de la construcci\u00f3n que se llevar\u00e1 a cabo en Guadalajara","publisher":{"@id":"https:\/\/www.ifema.es\/siconmx\/#organization"},"potentialAction":[{"@type":"SearchAction","target":{"@type":"EntryPoint","urlTemplate":"https:\/\/www.ifema.es\/siconmx\/?s={search_term_string}"},"query-input":{"@type":"PropertyValueSpecification","valueRequired":true,"valueName":"search_term_string"}}],"inLanguage":"es"},{"@type":"Organization","@id":"https:\/\/www.ifema.es\/siconmx\/#organization","name":"SICON M\u00e9xico","url":"https:\/\/www.ifema.es\/siconmx\/","logo":{"@type":"ImageObject","inLanguage":"es","@id":"https:\/\/www.ifema.es\/siconmx\/#\/schema\/logo\/image\/","url":"https:\/\/www.ifema.es\/siconmx\/wp-content\/uploads\/2025\/08\/siconmx-completo.png","contentUrl":"https:\/\/www.ifema.es\/siconmx\/wp-content\/uploads\/2025\/08\/siconmx-completo.png","width":512,"height":160,"caption":"SICON M\u00e9xico"},"image":{"@id":"https:\/\/www.ifema.es\/siconmx\/#\/schema\/logo\/image\/"}}]}},"_links":{"self":[{"href":"https:\/\/www.ifema.es\/siconmx\/wp-json\/wp\/v2\/pages\/1088","targetHints":{"allow":["GET"]}}],"collection":[{"href":"https:\/\/www.ifema.es\/siconmx\/wp-json\/wp\/v2\/pages"}],"about":[{"href":"https:\/\/www.ifema.es\/siconmx\/wp-json\/wp\/v2\/types\/page"}],"author":[{"embeddable":true,"href":"https:\/\/www.ifema.es\/siconmx\/wp-json\/wp\/v2\/users\/2"}],"replies":[{"embeddable":true,"href":"https:\/\/www.ifema.es\/siconmx\/wp-json\/wp\/v2\/comments?post=1088"}],"version-history":[{"count":1,"href":"https:\/\/www.ifema.es\/siconmx\/wp-json\/wp\/v2\/pages\/1088\/revisions"}],"predecessor-version":[{"id":1089,"href":"https:\/\/www.ifema.es\/siconmx\/wp-json\/wp\/v2\/pages\/1088\/revisions\/1089"}],"wp:attachment":[{"href":"https:\/\/www.ifema.es\/siconmx\/wp-json\/wp\/v2\/media?parent=1088"}],"curies":[{"name":"wp","href":"https:\/\/api.w.org\/{rel}","templated":true}]}}