{"id":489,"date":"2024-01-23T14:10:09","date_gmt":"2024-01-23T13:10:09","guid":{"rendered":"https:\/\/www.ifema.es\/fruit-attraction-sao-paulo\/?page_id=489"},"modified":"2026-03-31T15:51:05","modified_gmt":"2026-03-31T13:51:05","slug":"lugar-de-la-feria","status":"publish","type":"page","link":"https:\/\/www.ifema.es\/fruit-attraction-sao-paulo\/es\/lugar-de-la-feria\/","title":{"rendered":"Lugar de la Feria"},"content":{"rendered":"<section class=\"l-section wpb_row height_medium\"><div class=\"l-section-h i-cf\"><div class=\"g-cols via_grid cols_1 laptops-cols_inherit tablets-cols_inherit mobiles-cols_1 valign_top type_default\"><div class=\"wpb_column vc_column_container\"><div class=\"vc_column-inner\"><div class=\"wpb_text_column\"><div class=\"wpb_wrapper\"><p><strong>Datos:<\/strong> 06 a 08 de abril de 2027<\/p>\n<p><strong>Horario:<\/strong> 10h \u2013 18h<\/p>\n<p><strong>Local:<\/strong> Distrito Anhembi<\/p>\n<p><strong>Endere\u00e7o:<\/strong> Av. Olavo Fontoura, 1209 &#8211; Santana, S\u00e3o Paulo &#8211; SP, 02001-900<\/p>\n<p><strong>Transporte Gratuito:<\/strong><\/p>\n<p>Tendr\u00e1 transporte gratuito con inicio 1 hora antes y 1 hora despu\u00e9s del funcionamiento de la feria.<\/p>\n<p><strong>Estacionamento:<\/strong> <a href=\"https:\/\/distritoanhembi.com.br\/localizacao\/\">CLIQUE AQUI<\/a><\/p>\n<p><strong>Taxi com\u00fan:<\/strong><\/p>\n<p>Indicamos a Rua Professor Milton Rodrigues para embarcar y desembarcar de taxi o transporte por aplicativo.<\/p>\n<p><strong>Garanta j\u00e1 o seu lugar no maior evento do setor.<\/strong><\/p>\n<\/div><\/div><div class=\"w-html\"><iframe src=\"https:\/\/www.google.com\/maps\/embed?pb=!1m18!1m12!1m3!1d3658.4905716393573!2d-46.6378816!3d-23.514851799999995!2m3!1f0!2f0!3f0!3m2!1i1024!2i768!4f13.1!3m3!1m2!1s0x94ce59b9fbe36481%3A0x1dd5192dce59d497!2sDistrito%20Anhembi!5e0!3m2!1spt-BR!2sbr!4v1774964789734!5m2!1spt-BR!2sbr\" width=\"100%\" height=\"450\" style=\"border:0;\" allowfullscreen=\"\" loading=\"lazy\" referrerpolicy=\"no-referrer-when-downgrade\"><\/iframe><\/div><\/div><\/div><\/div><\/div><\/section>\n","protected":false},"excerpt":{"rendered":"Datos: 06 a 08 de abril de 2027 Horario: 10h \u2013 18h Local: Distrito Anhembi Endere\u00e7o: Av. Olavo Fontoura, 1209 &#8211; Santana, S\u00e3o Paulo &#8211; SP, 02001-900 Transporte Gratuito: Tendr\u00e1 transporte gratuito con inicio 1 hora antes y 1 hora despu\u00e9s del funcionamiento de la feria. Estacionamento: CLIQUE AQUI Taxi com\u00fan: Indicamos a Rua Professor...","protected":false},"author":3,"featured_media":0,"parent":0,"menu_order":0,"comment_status":"closed","ping_status":"closed","template":"","meta":{"_eb_attr":"","inline_featured_image":false,"footnotes":""},"class_list":["post-489","page","type-page","status-publish","hentry"],"yoast_head":"<!-- This site is optimized with the Yoast SEO plugin v27.1.1 - https:\/\/yoast.com\/product\/yoast-seo-wordpress\/ -->\n<title>Lugar de la Feria - Fruit Attraction Sao Paulo | IFEMA MADRID INTERNACIONAL<\/title>\n<meta name=\"robots\" content=\"index, follow, max-snippet:-1, max-image-preview:large, max-video-preview:-1\" \/>\n<link rel=\"canonical\" href=\"https:\/\/www.ifema.es\/fruit-attraction-sao-paulo\/es\/lugar-de-la-feria\/\" \/>\n<meta property=\"og:locale\" content=\"es_ES\" \/>\n<meta property=\"og:type\" content=\"article\" \/>\n<meta property=\"og:title\" content=\"Lugar de la Feria - Fruit Attraction Sao Paulo | IFEMA MADRID INTERNACIONAL\" \/>\n<meta property=\"og:url\" content=\"https:\/\/www.ifema.es\/fruit-attraction-sao-paulo\/es\/lugar-de-la-feria\/\" \/>\n<meta property=\"og:site_name\" content=\"Fruit Attraction Sao Paulo | IFEMA MADRID INTERNACIONAL\" \/>\n<meta property=\"article:publisher\" content=\"https:\/\/www.facebook.com\/people\/Fruit-Attraction-So-Paulo\/61553117052718\/\" \/>\n<meta property=\"article:modified_time\" content=\"2026-03-31T13:51:05+00:00\" \/>\n<meta property=\"og:image\" content=\"https:\/\/www.ifema.es\/fruit-attraction-sao-paulo\/wp-content\/uploads\/2024\/01\/img-rrss-fruit-attraction-sao-paulo.jpg\" \/>\n\t<meta property=\"og:image:width\" content=\"1200\" \/>\n\t<meta property=\"og:image:height\" content=\"675\" \/>\n\t<meta property=\"og:image:type\" content=\"image\/jpeg\" \/>\n<meta name=\"twitter:card\" content=\"summary_large_image\" \/>\n<meta name=\"twitter:label1\" content=\"Tiempo de lectura\" \/>\n\t<meta name=\"twitter:data1\" content=\"1 minute\" \/>\n<script type=\"application\/ld+json\" class=\"yoast-schema-graph\">{\"@context\":\"https:\/\/schema.org\",\"@graph\":[{\"@type\":\"WebPage\",\"@id\":\"https:\/\/www.ifema.es\/fruit-attraction-sao-paulo\/es\/lugar-de-la-feria\/\",\"url\":\"https:\/\/www.ifema.es\/fruit-attraction-sao-paulo\/es\/lugar-de-la-feria\/\",\"name\":\"Lugar de la Feria - Fruit Attraction Sao Paulo | IFEMA MADRID INTERNACIONAL\",\"isPartOf\":{\"@id\":\"https:\/\/www.ifema.es\/fruit-attraction-sao-paulo\/#website\"},\"datePublished\":\"2024-01-23T13:10:09+00:00\",\"dateModified\":\"2026-03-31T13:51:05+00:00\",\"inLanguage\":\"es-ES\",\"potentialAction\":[{\"@type\":\"ReadAction\",\"target\":[\"https:\/\/www.ifema.es\/fruit-attraction-sao-paulo\/es\/lugar-de-la-feria\/\"]}]},{\"@type\":\"WebSite\",\"@id\":\"https:\/\/www.ifema.es\/fruit-attraction-sao-paulo\/#website\",\"url\":\"https:\/\/www.ifema.es\/fruit-attraction-sao-paulo\/\",\"name\":\"Fruit Attraction Sao Paulo | IFEMA MADRID INTERNACIONAL\",\"description\":\"Bienvenido a Fruit Attraction Sao Paulo, la Feria Internacional del Sector de Frutas y Hortalizas. Haz click y descubre todas las novedades de la edici\u00f3n de este a\u00f1o.\",\"publisher\":{\"@id\":\"https:\/\/www.ifema.es\/fruit-attraction-sao-paulo\/#organization\"},\"potentialAction\":[{\"@type\":\"SearchAction\",\"target\":{\"@type\":\"EntryPoint\",\"urlTemplate\":\"https:\/\/www.ifema.es\/fruit-attraction-sao-paulo\/?s={search_term_string}\"},\"query-input\":{\"@type\":\"PropertyValueSpecification\",\"valueRequired\":true,\"valueName\":\"search_term_string\"}}],\"inLanguage\":\"es-ES\"},{\"@type\":\"Organization\",\"@id\":\"https:\/\/www.ifema.es\/fruit-attraction-sao-paulo\/#organization\",\"name\":\"Fruit Attraction Sao Paulo | IFEMA MADRID INTERNACIONAL\",\"url\":\"https:\/\/www.ifema.es\/fruit-attraction-sao-paulo\/\",\"logo\":{\"@type\":\"ImageObject\",\"inLanguage\":\"es-ES\",\"@id\":\"https:\/\/www.ifema.es\/fruit-attraction-sao-paulo\/#\/schema\/logo\/image\/\",\"url\":\"https:\/\/www.ifema.es\/fruit-attraction-sao-paulo\/wp-content\/uploads\/2024\/01\/logo-fruit-attraction-sao-paulo.jpg\",\"contentUrl\":\"https:\/\/www.ifema.es\/fruit-attraction-sao-paulo\/wp-content\/uploads\/2024\/01\/logo-fruit-attraction-sao-paulo.jpg\",\"width\":400,\"height\":300,\"caption\":\"Fruit Attraction Sao Paulo | IFEMA MADRID INTERNACIONAL\"},\"image\":{\"@id\":\"https:\/\/www.ifema.es\/fruit-attraction-sao-paulo\/#\/schema\/logo\/image\/\"},\"sameAs\":[\"https:\/\/www.facebook.com\/people\/Fruit-Attraction-So-Paulo\/61553117052718\/\",\"https:\/\/www.instagram.com\/fruitattraction_saopaulo\/\",\"https:\/\/www.linkedin.com\/company\/fruit-attraction-so-paulo\/\"]}]}<\/script>\n<!-- \/ Yoast SEO plugin. -->","yoast_head_json":{"title":"Lugar de la Feria - Fruit Attraction Sao Paulo | IFEMA MADRID INTERNACIONAL","robots":{"index":"index","follow":"follow","max-snippet":"max-snippet:-1","max-image-preview":"max-image-preview:large","max-video-preview":"max-video-preview:-1"},"canonical":"https:\/\/www.ifema.es\/fruit-attraction-sao-paulo\/es\/lugar-de-la-feria\/","og_locale":"es_ES","og_type":"article","og_title":"Lugar de la Feria - Fruit Attraction Sao Paulo | IFEMA MADRID INTERNACIONAL","og_url":"https:\/\/www.ifema.es\/fruit-attraction-sao-paulo\/es\/lugar-de-la-feria\/","og_site_name":"Fruit Attraction Sao Paulo | IFEMA MADRID INTERNACIONAL","article_publisher":"https:\/\/www.facebook.com\/people\/Fruit-Attraction-So-Paulo\/61553117052718\/","article_modified_time":"2026-03-31T13:51:05+00:00","og_image":[{"width":1200,"height":675,"url":"https:\/\/www.ifema.es\/fruit-attraction-sao-paulo\/wp-content\/uploads\/2024\/01\/img-rrss-fruit-attraction-sao-paulo.jpg","type":"image\/jpeg"}],"twitter_card":"summary_large_image","twitter_misc":{"Tiempo de lectura":"1 minute"},"schema":{"@context":"https:\/\/schema.org","@graph":[{"@type":"WebPage","@id":"https:\/\/www.ifema.es\/fruit-attraction-sao-paulo\/es\/lugar-de-la-feria\/","url":"https:\/\/www.ifema.es\/fruit-attraction-sao-paulo\/es\/lugar-de-la-feria\/","name":"Lugar de la Feria - Fruit Attraction Sao Paulo | IFEMA MADRID INTERNACIONAL","isPartOf":{"@id":"https:\/\/www.ifema.es\/fruit-attraction-sao-paulo\/#website"},"datePublished":"2024-01-23T13:10:09+00:00","dateModified":"2026-03-31T13:51:05+00:00","inLanguage":"es-ES","potentialAction":[{"@type":"ReadAction","target":["https:\/\/www.ifema.es\/fruit-attraction-sao-paulo\/es\/lugar-de-la-feria\/"]}]},{"@type":"WebSite","@id":"https:\/\/www.ifema.es\/fruit-attraction-sao-paulo\/#website","url":"https:\/\/www.ifema.es\/fruit-attraction-sao-paulo\/","name":"Fruit Attraction Sao Paulo | IFEMA MADRID INTERNACIONAL","description":"Bienvenido a Fruit Attraction Sao Paulo, la Feria Internacional del Sector de Frutas y Hortalizas. Haz click y descubre todas las novedades de la edici\u00f3n de este a\u00f1o.","publisher":{"@id":"https:\/\/www.ifema.es\/fruit-attraction-sao-paulo\/#organization"},"potentialAction":[{"@type":"SearchAction","target":{"@type":"EntryPoint","urlTemplate":"https:\/\/www.ifema.es\/fruit-attraction-sao-paulo\/?s={search_term_string}"},"query-input":{"@type":"PropertyValueSpecification","valueRequired":true,"valueName":"search_term_string"}}],"inLanguage":"es-ES"},{"@type":"Organization","@id":"https:\/\/www.ifema.es\/fruit-attraction-sao-paulo\/#organization","name":"Fruit Attraction Sao Paulo | IFEMA MADRID INTERNACIONAL","url":"https:\/\/www.ifema.es\/fruit-attraction-sao-paulo\/","logo":{"@type":"ImageObject","inLanguage":"es-ES","@id":"https:\/\/www.ifema.es\/fruit-attraction-sao-paulo\/#\/schema\/logo\/image\/","url":"https:\/\/www.ifema.es\/fruit-attraction-sao-paulo\/wp-content\/uploads\/2024\/01\/logo-fruit-attraction-sao-paulo.jpg","contentUrl":"https:\/\/www.ifema.es\/fruit-attraction-sao-paulo\/wp-content\/uploads\/2024\/01\/logo-fruit-attraction-sao-paulo.jpg","width":400,"height":300,"caption":"Fruit Attraction Sao Paulo | IFEMA MADRID INTERNACIONAL"},"image":{"@id":"https:\/\/www.ifema.es\/fruit-attraction-sao-paulo\/#\/schema\/logo\/image\/"},"sameAs":["https:\/\/www.facebook.com\/people\/Fruit-Attraction-So-Paulo\/61553117052718\/","https:\/\/www.instagram.com\/fruitattraction_saopaulo\/","https:\/\/www.linkedin.com\/company\/fruit-attraction-so-paulo\/"]}]}},"_links":{"self":[{"href":"https:\/\/www.ifema.es\/fruit-attraction-sao-paulo\/wp-json\/wp\/v2\/pages\/489","targetHints":{"allow":["GET"]}}],"collection":[{"href":"https:\/\/www.ifema.es\/fruit-attraction-sao-paulo\/wp-json\/wp\/v2\/pages"}],"about":[{"href":"https:\/\/www.ifema.es\/fruit-attraction-sao-paulo\/wp-json\/wp\/v2\/types\/page"}],"author":[{"embeddable":true,"href":"https:\/\/www.ifema.es\/fruit-attraction-sao-paulo\/wp-json\/wp\/v2\/users\/3"}],"replies":[{"embeddable":true,"href":"https:\/\/www.ifema.es\/fruit-attraction-sao-paulo\/wp-json\/wp\/v2\/comments?post=489"}],"version-history":[{"count":15,"href":"https:\/\/www.ifema.es\/fruit-attraction-sao-paulo\/wp-json\/wp\/v2\/pages\/489\/revisions"}],"predecessor-version":[{"id":31876,"href":"https:\/\/www.ifema.es\/fruit-attraction-sao-paulo\/wp-json\/wp\/v2\/pages\/489\/revisions\/31876"}],"wp:attachment":[{"href":"https:\/\/www.ifema.es\/fruit-attraction-sao-paulo\/wp-json\/wp\/v2\/media?parent=489"}],"curies":[{"name":"wp","href":"https:\/\/api.w.org\/{rel}","templated":true}]}}