{"id":425,"date":"2024-01-16T18:55:17","date_gmt":"2024-01-16T17:55:17","guid":{"rendered":"https:\/\/www.ifema.es\/fruit-attraction-sao-paulo\/?page_id=425"},"modified":"2026-03-31T16:05:38","modified_gmt":"2026-03-31T14:05:38","slug":"credenciamento","status":"publish","type":"page","link":"https:\/\/www.ifema.es\/fruit-attraction-sao-paulo\/credenciamento\/","title":{"rendered":"Credenciamento"},"content":{"rendered":"<section class=\"l-section wpb_row height_medium\"><div class=\"l-section-h i-cf\"><div class=\"g-cols via_grid cols_1 laptops-cols_inherit tablets-cols_inherit mobiles-cols_1 valign_top type_default\"><div class=\"wpb_column vc_column_container\"><div class=\"vc_column-inner\"><h2 class=\"w-itext type_fadeIn align_left\" onclick='return {&quot;duration&quot;:300,&quot;delay&quot;:5000,&quot;disablePartAnimation&quot;:false,&quot;html_nbsp_char&quot;:true}'>Pr\u00e9\u00a0Credenciamento<\/h2><div class=\"wpb_text_column\"><div class=\"wpb_wrapper\"><p style=\"text-align: left;\">Preencha o formul\u00e1rio abaixo, assim voc\u00ea ser\u00e1 avisado quando o Credenciamento da Fruit Attraction S\u00e3o Paulo 2027 entrar\u00e1 no ar.<\/p>\n<\/div><\/div>\n<div class=\"wpcf7 no-js\" id=\"wpcf7-f426-o1\" lang=\"es-ES\" dir=\"ltr\" data-wpcf7-id=\"426\">\n<div class=\"screen-reader-response\"><p role=\"status\" aria-live=\"polite\" aria-atomic=\"true\"><\/p> <ul><\/ul><\/div>\n<form action=\"\/fruit-attraction-sao-paulo\/wp-json\/wp\/v2\/pages\/425#wpcf7-f426-o1\" method=\"post\" class=\"wpcf7-form init\" aria-label=\"Formulario de contacto\" novalidate=\"novalidate\" data-status=\"init\">\n<fieldset class=\"hidden-fields-container\"><input type=\"hidden\" name=\"_wpcf7\" value=\"426\" \/><input type=\"hidden\" name=\"_wpcf7_version\" value=\"6.1.5\" \/><input type=\"hidden\" name=\"_wpcf7_locale\" value=\"es_ES\" \/><input type=\"hidden\" name=\"_wpcf7_unit_tag\" value=\"wpcf7-f426-o1\" \/><input type=\"hidden\" name=\"_wpcf7_container_post\" value=\"0\" \/><input type=\"hidden\" name=\"_wpcf7_posted_data_hash\" value=\"\" \/><input type=\"hidden\" name=\"_wpcf7_recaptcha_response\" value=\"\" \/>\n<\/fieldset>\n<p><label> Nome<br \/>\n<span class=\"wpcf7-form-control-wrap\" data-name=\"your-name\"><input size=\"40\" maxlength=\"400\" class=\"wpcf7-form-control wpcf7-text wpcf7-validates-as-required\" aria-required=\"true\" aria-invalid=\"false\" value=\"\" type=\"text\" name=\"your-name\" \/><\/span> <\/label>\n<\/p>\n<p><label> Email<br \/>\n<span class=\"wpcf7-form-control-wrap\" data-name=\"email\"><input size=\"40\" maxlength=\"400\" class=\"wpcf7-form-control wpcf7-email wpcf7-validates-as-required wpcf7-text wpcf7-validates-as-email\" aria-required=\"true\" aria-invalid=\"false\" value=\"\" type=\"email\" name=\"email\" \/><\/span> <\/label>\n<\/p>\n<p><label> Telefone<br \/>\n<span class=\"wpcf7-form-control-wrap\" data-name=\"phone\"><input size=\"40\" maxlength=\"400\" class=\"wpcf7-form-control wpcf7-tel wpcf7-validates-as-required wpcf7-text wpcf7-validates-as-tel\" aria-required=\"true\" aria-invalid=\"false\" value=\"\" type=\"tel\" name=\"phone\" \/><\/span><\/label>\n<\/p>\n<p><label> Empresa<br \/>\n<span class=\"wpcf7-form-control-wrap\" data-name=\"company\"><input size=\"40\" maxlength=\"400\" class=\"wpcf7-form-control wpcf7-text wpcf7-validates-as-required\" aria-required=\"true\" aria-invalid=\"false\" value=\"\" type=\"text\" name=\"company\" \/><\/span> <\/label>\n<\/p>\n<p><label> Cargo<br \/>\n<span class=\"wpcf7-form-control-wrap\" data-name=\"position\"><input size=\"40\" maxlength=\"400\" class=\"wpcf7-form-control wpcf7-text\" aria-invalid=\"false\" value=\"\" type=\"text\" name=\"position\" \/><\/span> <\/label>\n<\/p>\n<p><input class=\"wpcf7-form-control wpcf7-submit has-spinner\" type=\"submit\" value=\"Enviar\" \/>\n<\/p><div class=\"wpcf7-response-output\" aria-hidden=\"true\"><\/div>\n<\/form>\n<\/div>\n<h2 class=\"w-itext type_fadeIn align_center\" onclick='return {&quot;duration&quot;:300,&quot;delay&quot;:5000,&quot;disablePartAnimation&quot;:false,&quot;html_nbsp_char&quot;:true}'>Servi\u00e7os\u00a0para\u00a0te\u00a0ajudar\u00a0a\u00a0chegar\u00a0na\u00a0Fruit\u00a0Attraction\u00a0S\u00e3o\u00a0Paulo<\/h2><div class=\"g-cols wpb_row via_grid cols_3 laptops-cols_inherit tablets-cols_inherit mobiles-cols_1 valign_top type_default\"><div class=\"wpb_column vc_column_container\"><div class=\"vc_column-inner\"><div class=\"w-iconbox iconpos_top style_outlined color_primary align_center\"><div class=\"w-iconbox-icon\" style=\"font-size:2rem;\"><i class=\"fas fa-check\"><\/i><\/div><div class=\"w-iconbox-meta\"><h4 class=\"w-iconbox-title\">Transporte Gratuito<\/h4><div class=\"w-iconbox-text\"><p>A FASP disponibiliza vans 1 hora antes at\u00e9 1 hora depois do funcionamento da feira. Acesse nossas Redes Sociais para conferir o endere\u00e7o atualizado de embarque.<\/p>\n<\/div><\/div><\/div><\/div><\/div><div class=\"wpb_column vc_column_container\"><div class=\"vc_column-inner\"><div class=\"w-iconbox iconpos_top style_outlined color_primary align_center\"><div class=\"w-iconbox-icon\" style=\"font-size:2rem;\"><i class=\"fas fa-check\"><\/i><\/div><div class=\"w-iconbox-meta\"><h4 class=\"w-iconbox-title\">Estacionamento<\/h4><div class=\"w-iconbox-text\"><p>Acesso principal do\u00a0<b>Estacionamento Oficial \u2013 Port\u00e3o 38<\/b>\u00a0\u2013 Av. Olavo Fontoura, 1.209<\/p>\n<\/div><\/div><\/div><\/div><\/div><div class=\"wpb_column vc_column_container\"><div class=\"vc_column-inner\"><div class=\"w-iconbox iconpos_top style_outlined color_primary align_center\"><div class=\"w-iconbox-icon\" style=\"font-size:2rem;\"><i class=\"fas fa-check\"><\/i><\/div><div class=\"w-iconbox-meta\"><h4 class=\"w-iconbox-title\">Servi\u00e7o de taxi<\/h4><div class=\"w-iconbox-text\"><p>Indicamos a Rua Professor Milton Rodrigues para embarcar e desembarcar de t\u00e1xi ou transporte por aplicativo.<\/p>\n<\/div><\/div><\/div><\/div><\/div><\/div><\/div><\/div><\/div><\/div><\/section>\n","protected":false},"excerpt":{"rendered":"Pr\u00e9\u00a0CredenciamentoPreencha o formul\u00e1rio abaixo, assim voc\u00ea ser\u00e1 avisado quando o Credenciamento da Fruit Attraction S\u00e3o Paulo 2027 entrar\u00e1 no ar. Nome Email Telefone Empresa Cargo Servi\u00e7os\u00a0para\u00a0te\u00a0ajudar\u00a0a\u00a0chegar\u00a0na\u00a0Fruit\u00a0Attraction\u00a0S\u00e3o\u00a0PauloTransporte GratuitoA FASP disponibiliza vans 1 hora antes at\u00e9 1 hora depois do funcionamento da feira. Acesse nossas Redes Sociais para conferir o endere\u00e7o atualizado de embarque. EstacionamentoAcesso principal do\u00a0Estacionamento...","protected":false},"author":3,"featured_media":0,"parent":0,"menu_order":0,"comment_status":"closed","ping_status":"closed","template":"","meta":{"_eb_attr":"","inline_featured_image":false,"footnotes":""},"class_list":["post-425","page","type-page","status-publish","hentry"],"yoast_head":"<!-- This site is optimized with the Yoast SEO plugin v27.1.1 - https:\/\/yoast.com\/product\/yoast-seo-wordpress\/ -->\n<title>Credenciamento - Fruit Attraction Sao Paulo | IFEMA MADRID INTERNACIONAL<\/title>\n<meta name=\"robots\" content=\"index, follow, max-snippet:-1, max-image-preview:large, max-video-preview:-1\" \/>\n<link rel=\"canonical\" href=\"https:\/\/www.ifema.es\/fruit-attraction-sao-paulo\/credenciamento\/\" \/>\n<meta property=\"og:locale\" content=\"es_ES\" \/>\n<meta property=\"og:type\" content=\"article\" \/>\n<meta property=\"og:title\" content=\"Credenciamento - Fruit Attraction Sao Paulo | IFEMA MADRID INTERNACIONAL\" \/>\n<meta property=\"og:url\" content=\"https:\/\/www.ifema.es\/fruit-attraction-sao-paulo\/credenciamento\/\" \/>\n<meta property=\"og:site_name\" content=\"Fruit Attraction Sao Paulo | IFEMA MADRID INTERNACIONAL\" \/>\n<meta property=\"article:publisher\" content=\"https:\/\/www.facebook.com\/people\/Fruit-Attraction-So-Paulo\/61553117052718\/\" \/>\n<meta property=\"article:modified_time\" content=\"2026-03-31T14:05:38+00:00\" \/>\n<meta property=\"og:image\" content=\"https:\/\/www.ifema.es\/fruit-attraction-sao-paulo\/wp-content\/uploads\/2024\/01\/img-rrss-fruit-attraction-sao-paulo.jpg\" \/>\n\t<meta property=\"og:image:width\" content=\"1200\" \/>\n\t<meta property=\"og:image:height\" content=\"675\" \/>\n\t<meta property=\"og:image:type\" content=\"image\/jpeg\" \/>\n<meta name=\"twitter:card\" content=\"summary_large_image\" \/>\n<meta name=\"twitter:label1\" content=\"Tiempo de lectura\" \/>\n\t<meta name=\"twitter:data1\" content=\"1 minute\" \/>\n<script type=\"application\/ld+json\" class=\"yoast-schema-graph\">{\"@context\":\"https:\/\/schema.org\",\"@graph\":[{\"@type\":\"WebPage\",\"@id\":\"https:\/\/www.ifema.es\/fruit-attraction-sao-paulo\/credenciamento\/\",\"url\":\"https:\/\/www.ifema.es\/fruit-attraction-sao-paulo\/credenciamento\/\",\"name\":\"Credenciamento - Fruit Attraction Sao Paulo | IFEMA MADRID INTERNACIONAL\",\"isPartOf\":{\"@id\":\"https:\/\/www.ifema.es\/fruit-attraction-sao-paulo\/#website\"},\"datePublished\":\"2024-01-16T17:55:17+00:00\",\"dateModified\":\"2026-03-31T14:05:38+00:00\",\"inLanguage\":\"es-ES\",\"potentialAction\":[{\"@type\":\"ReadAction\",\"target\":[\"https:\/\/www.ifema.es\/fruit-attraction-sao-paulo\/credenciamento\/\"]}]},{\"@type\":\"WebSite\",\"@id\":\"https:\/\/www.ifema.es\/fruit-attraction-sao-paulo\/#website\",\"url\":\"https:\/\/www.ifema.es\/fruit-attraction-sao-paulo\/\",\"name\":\"Fruit Attraction Sao Paulo | IFEMA MADRID INTERNACIONAL\",\"description\":\"Bienvenido a Fruit Attraction Sao Paulo, la Feria Internacional del Sector de Frutas y Hortalizas. Haz click y descubre todas las novedades de la edici\u00f3n de este a\u00f1o.\",\"publisher\":{\"@id\":\"https:\/\/www.ifema.es\/fruit-attraction-sao-paulo\/#organization\"},\"potentialAction\":[{\"@type\":\"SearchAction\",\"target\":{\"@type\":\"EntryPoint\",\"urlTemplate\":\"https:\/\/www.ifema.es\/fruit-attraction-sao-paulo\/?s={search_term_string}\"},\"query-input\":{\"@type\":\"PropertyValueSpecification\",\"valueRequired\":true,\"valueName\":\"search_term_string\"}}],\"inLanguage\":\"es-ES\"},{\"@type\":\"Organization\",\"@id\":\"https:\/\/www.ifema.es\/fruit-attraction-sao-paulo\/#organization\",\"name\":\"Fruit Attraction Sao Paulo | IFEMA MADRID INTERNACIONAL\",\"url\":\"https:\/\/www.ifema.es\/fruit-attraction-sao-paulo\/\",\"logo\":{\"@type\":\"ImageObject\",\"inLanguage\":\"es-ES\",\"@id\":\"https:\/\/www.ifema.es\/fruit-attraction-sao-paulo\/#\/schema\/logo\/image\/\",\"url\":\"https:\/\/www.ifema.es\/fruit-attraction-sao-paulo\/wp-content\/uploads\/2024\/01\/logo-fruit-attraction-sao-paulo.jpg\",\"contentUrl\":\"https:\/\/www.ifema.es\/fruit-attraction-sao-paulo\/wp-content\/uploads\/2024\/01\/logo-fruit-attraction-sao-paulo.jpg\",\"width\":400,\"height\":300,\"caption\":\"Fruit Attraction Sao Paulo | IFEMA MADRID INTERNACIONAL\"},\"image\":{\"@id\":\"https:\/\/www.ifema.es\/fruit-attraction-sao-paulo\/#\/schema\/logo\/image\/\"},\"sameAs\":[\"https:\/\/www.facebook.com\/people\/Fruit-Attraction-So-Paulo\/61553117052718\/\",\"https:\/\/www.instagram.com\/fruitattraction_saopaulo\/\",\"https:\/\/www.linkedin.com\/company\/fruit-attraction-so-paulo\/\"]}]}<\/script>\n<!-- \/ Yoast SEO plugin. -->","yoast_head_json":{"title":"Credenciamento - Fruit Attraction Sao Paulo | IFEMA MADRID INTERNACIONAL","robots":{"index":"index","follow":"follow","max-snippet":"max-snippet:-1","max-image-preview":"max-image-preview:large","max-video-preview":"max-video-preview:-1"},"canonical":"https:\/\/www.ifema.es\/fruit-attraction-sao-paulo\/credenciamento\/","og_locale":"es_ES","og_type":"article","og_title":"Credenciamento - Fruit Attraction Sao Paulo | IFEMA MADRID INTERNACIONAL","og_url":"https:\/\/www.ifema.es\/fruit-attraction-sao-paulo\/credenciamento\/","og_site_name":"Fruit Attraction Sao Paulo | IFEMA MADRID INTERNACIONAL","article_publisher":"https:\/\/www.facebook.com\/people\/Fruit-Attraction-So-Paulo\/61553117052718\/","article_modified_time":"2026-03-31T14:05:38+00:00","og_image":[{"width":1200,"height":675,"url":"https:\/\/www.ifema.es\/fruit-attraction-sao-paulo\/wp-content\/uploads\/2024\/01\/img-rrss-fruit-attraction-sao-paulo.jpg","type":"image\/jpeg"}],"twitter_card":"summary_large_image","twitter_misc":{"Tiempo de lectura":"1 minute"},"schema":{"@context":"https:\/\/schema.org","@graph":[{"@type":"WebPage","@id":"https:\/\/www.ifema.es\/fruit-attraction-sao-paulo\/credenciamento\/","url":"https:\/\/www.ifema.es\/fruit-attraction-sao-paulo\/credenciamento\/","name":"Credenciamento - Fruit Attraction Sao Paulo | IFEMA MADRID INTERNACIONAL","isPartOf":{"@id":"https:\/\/www.ifema.es\/fruit-attraction-sao-paulo\/#website"},"datePublished":"2024-01-16T17:55:17+00:00","dateModified":"2026-03-31T14:05:38+00:00","inLanguage":"es-ES","potentialAction":[{"@type":"ReadAction","target":["https:\/\/www.ifema.es\/fruit-attraction-sao-paulo\/credenciamento\/"]}]},{"@type":"WebSite","@id":"https:\/\/www.ifema.es\/fruit-attraction-sao-paulo\/#website","url":"https:\/\/www.ifema.es\/fruit-attraction-sao-paulo\/","name":"Fruit Attraction Sao Paulo | IFEMA MADRID INTERNACIONAL","description":"Bienvenido a Fruit Attraction Sao Paulo, la Feria Internacional del Sector de Frutas y Hortalizas. Haz click y descubre todas las novedades de la edici\u00f3n de este a\u00f1o.","publisher":{"@id":"https:\/\/www.ifema.es\/fruit-attraction-sao-paulo\/#organization"},"potentialAction":[{"@type":"SearchAction","target":{"@type":"EntryPoint","urlTemplate":"https:\/\/www.ifema.es\/fruit-attraction-sao-paulo\/?s={search_term_string}"},"query-input":{"@type":"PropertyValueSpecification","valueRequired":true,"valueName":"search_term_string"}}],"inLanguage":"es-ES"},{"@type":"Organization","@id":"https:\/\/www.ifema.es\/fruit-attraction-sao-paulo\/#organization","name":"Fruit Attraction Sao Paulo | IFEMA MADRID INTERNACIONAL","url":"https:\/\/www.ifema.es\/fruit-attraction-sao-paulo\/","logo":{"@type":"ImageObject","inLanguage":"es-ES","@id":"https:\/\/www.ifema.es\/fruit-attraction-sao-paulo\/#\/schema\/logo\/image\/","url":"https:\/\/www.ifema.es\/fruit-attraction-sao-paulo\/wp-content\/uploads\/2024\/01\/logo-fruit-attraction-sao-paulo.jpg","contentUrl":"https:\/\/www.ifema.es\/fruit-attraction-sao-paulo\/wp-content\/uploads\/2024\/01\/logo-fruit-attraction-sao-paulo.jpg","width":400,"height":300,"caption":"Fruit Attraction Sao Paulo | IFEMA MADRID INTERNACIONAL"},"image":{"@id":"https:\/\/www.ifema.es\/fruit-attraction-sao-paulo\/#\/schema\/logo\/image\/"},"sameAs":["https:\/\/www.facebook.com\/people\/Fruit-Attraction-So-Paulo\/61553117052718\/","https:\/\/www.instagram.com\/fruitattraction_saopaulo\/","https:\/\/www.linkedin.com\/company\/fruit-attraction-so-paulo\/"]}]}},"_links":{"self":[{"href":"https:\/\/www.ifema.es\/fruit-attraction-sao-paulo\/wp-json\/wp\/v2\/pages\/425","targetHints":{"allow":["GET"]}}],"collection":[{"href":"https:\/\/www.ifema.es\/fruit-attraction-sao-paulo\/wp-json\/wp\/v2\/pages"}],"about":[{"href":"https:\/\/www.ifema.es\/fruit-attraction-sao-paulo\/wp-json\/wp\/v2\/types\/page"}],"author":[{"embeddable":true,"href":"https:\/\/www.ifema.es\/fruit-attraction-sao-paulo\/wp-json\/wp\/v2\/users\/3"}],"replies":[{"embeddable":true,"href":"https:\/\/www.ifema.es\/fruit-attraction-sao-paulo\/wp-json\/wp\/v2\/comments?post=425"}],"version-history":[{"count":9,"href":"https:\/\/www.ifema.es\/fruit-attraction-sao-paulo\/wp-json\/wp\/v2\/pages\/425\/revisions"}],"predecessor-version":[{"id":31879,"href":"https:\/\/www.ifema.es\/fruit-attraction-sao-paulo\/wp-json\/wp\/v2\/pages\/425\/revisions\/31879"}],"wp:attachment":[{"href":"https:\/\/www.ifema.es\/fruit-attraction-sao-paulo\/wp-json\/wp\/v2\/media?parent=425"}],"curies":[{"name":"wp","href":"https:\/\/api.w.org\/{rel}","templated":true}]}}