{"id":30362,"date":"2025-12-01T16:25:04","date_gmt":"2025-12-01T15:25:04","guid":{"rendered":"https:\/\/www.ifema.es\/fruit-attraction-sao-paulo\/?page_id=30362"},"modified":"2025-12-03T13:25:33","modified_gmt":"2025-12-03T12:25:33","slug":"contato","status":"publish","type":"page","link":"https:\/\/www.ifema.es\/fruit-attraction-sao-paulo\/contato\/","title":{"rendered":"Contato"},"content":{"rendered":"<section class=\"l-section wpb_row us_custom_e3898c82 height_medium\"><div class=\"l-section-h i-cf\"><div class=\"g-cols via_grid cols_1 laptops-cols_inherit tablets-cols_inherit mobiles-cols_1 valign_top type_default\"><div class=\"wpb_column vc_column_container\"><div class=\"vc_column-inner\"><div class=\"wpb_text_column\"><div class=\"wpb_wrapper\"><p><strong>Entre em contato conosco para sua participa\u00e7\u00e3o na Fruit Attraction S\u00e3o Paulo.<\/strong><\/p>\n\n<div class=\"wpcf7 no-js\" id=\"wpcf7-f21-o1\" lang=\"es-ES\" dir=\"ltr\" data-wpcf7-id=\"21\">\n<div class=\"screen-reader-response\"><p role=\"status\" aria-live=\"polite\" aria-atomic=\"true\"><\/p> <ul><\/ul><\/div>\n<form action=\"\/fruit-attraction-sao-paulo\/wp-json\/wp\/v2\/pages\/30362#wpcf7-f21-o1\" method=\"post\" class=\"wpcf7-form init\" aria-label=\"Formulario de contacto\" novalidate=\"novalidate\" data-status=\"init\">\n<fieldset class=\"hidden-fields-container\"><input type=\"hidden\" name=\"_wpcf7\" value=\"21\" \/><input type=\"hidden\" name=\"_wpcf7_version\" value=\"6.1.5\" \/><input type=\"hidden\" name=\"_wpcf7_locale\" value=\"es_ES\" \/><input type=\"hidden\" name=\"_wpcf7_unit_tag\" value=\"wpcf7-f21-o1\" \/><input type=\"hidden\" name=\"_wpcf7_container_post\" value=\"0\" \/><input type=\"hidden\" name=\"_wpcf7_posted_data_hash\" value=\"\" \/><input type=\"hidden\" name=\"_wpcf7_recaptcha_response\" value=\"\" \/>\n<\/fieldset>\n<p><label> Nome<br \/>\n<span class=\"wpcf7-form-control-wrap\" data-name=\"your-name\"><input size=\"40\" maxlength=\"400\" class=\"wpcf7-form-control wpcf7-text wpcf7-validates-as-required\" aria-required=\"true\" aria-invalid=\"false\" value=\"\" type=\"text\" name=\"your-name\" \/><\/span> <\/label>\n<\/p>\n<p><label> Empresa<br \/>\n<span class=\"wpcf7-form-control-wrap\" data-name=\"your-company\"><input size=\"40\" maxlength=\"400\" class=\"wpcf7-form-control wpcf7-text wpcf7-validates-as-required\" aria-required=\"true\" aria-invalid=\"false\" value=\"\" type=\"text\" name=\"your-company\" \/><\/span> <\/label>\n<\/p>\n<p><label> CNPJ<br \/>\n<span class=\"wpcf7-form-control-wrap\" data-name=\"CNPJ\"><input size=\"40\" maxlength=\"14\" minlength=\"14\" class=\"wpcf7-form-control wpcf7-text wpcf7-validates-as-required CNPJ\" aria-required=\"true\" aria-invalid=\"false\" value=\"\" type=\"text\" name=\"CNPJ\" \/><\/span><\/label>\n<\/p>\n<p><label>Setor<br \/>\n<i style=\"font-size: 12px\">Defina o setor de atua\u00e7\u00e3o da sua empresa (ex: Frutas, Tecnologia, M\u00e1quinas, etc.)<\/i><br \/>\n<span class=\"wpcf7-form-control-wrap\" data-name=\"sector\"><select class=\"wpcf7-form-control wpcf7-select wpcf7-validates-as-required\" aria-required=\"true\" aria-invalid=\"false\" name=\"sector\"><option value=\"\">Frutas e Legumes Frescos<\/option><option value=\"Ervas arom\u00e1ticas e especiarias\">Ervas arom\u00e1ticas e especiarias<\/option><option value=\"Fresco e pronto para comer\">Fresco e pronto para comer<\/option><option value=\"Oleaginosas\">Oleaginosas<\/option><option value=\"Mercado Ecorg\u00e2nico\">Mercado Ecorg\u00e2nico<\/option><option value=\"Produtos transformados (congelados, conservados, concentrado)\">Produtos transformados (congelados, conservados, concentrado)<\/option><option value=\"Organiza\u00e7\u00f5es e Associa\u00e7\u00f5es\">Organiza\u00e7\u00f5es e Associa\u00e7\u00f5es<\/option><option value=\"Estufas\">Estufas<\/option><option value=\"Sementes\">Sementes<\/option><option value=\"Fertilizantes, Agronutrientes e Fitossanit\u00e1rios\">Fertilizantes, Agronutrientes e Fitossanit\u00e1rios<\/option><option value=\"Produtos\">Produtos<\/option><option value=\"Pr\u00e9-Colheita\">Pr\u00e9-Colheita<\/option><option value=\"Transporte e Log\u00edstica\">Transporte e Log\u00edstica<\/option><option value=\"Embalagem &amp; Rotulagem\">Embalagem &amp; Rotulagem<\/option><option value=\"P\u00f3s-Colheita\">P\u00f3s-Colheita<\/option><option value=\"Ponto de Venda\">Ponto de Venda<\/option><option value=\"Smart Agro (aplicativos, IOT, big data, IA, ERPs, rastreamento,\">Smart Agro (aplicativos, IOT, big data, IA, ERPs, rastreamento,<\/option><option value=\"Monitoramento, automa\u00e7\u00e3o, previs\u00e3o, digitaliza\u00e7\u00e3o\u2026)\">Monitoramento, automa\u00e7\u00e3o, previs\u00e3o, digitaliza\u00e7\u00e3o\u2026)<\/option><option value=\"Agricultura 4.0\">Agricultura 4.0<\/option><option value=\"Software e dispositivos aplicados ao setor\">Software e dispositivos aplicados ao setor<\/option><option value=\"Tecnologias de Cadeia Fria e Automa\u00e7\u00e3o\">Tecnologias de Cadeia Fria e Automa\u00e7\u00e3o<\/option><option value=\"Biotecnologia aplicada \u00e0 agrobiologia\/planta\">Biotecnologia aplicada \u00e0 agrobiologia\/planta<\/option><option value=\"Biotecnolog\u00eda\">Biotecnolog\u00eda<\/option><option value=\"Armazenamento na origem\">Armazenamento na origem<\/option><option value=\"Log\u00edstica e transporte at\u00e9 o destino\">Log\u00edstica e transporte at\u00e9 o destino<\/option><option value=\"Varejo\">Varejo<\/option><option value=\"Solu\u00e7\u00f5es de armazenamento refrigerado\">Solu\u00e7\u00f5es de armazenamento refrigerado<\/option><option value=\"\u00daltima milha\">\u00daltima milha<\/option><option value=\"Com\u00e9rcio eletr\u00f4nico\">Com\u00e9rcio eletr\u00f4nico<\/option><\/select><\/span><br \/>\n<\/label>\n<\/p>\n<p><label> Pa\u00eds<br \/>\n<span class=\"wpcf7-form-control-wrap\" data-name=\"your-country\"><input size=\"40\" maxlength=\"400\" class=\"wpcf7-form-control wpcf7-text wpcf7-validates-as-required\" aria-required=\"true\" aria-invalid=\"false\" value=\"\" type=\"text\" name=\"your-country\" \/><\/span> <\/label>\n<\/p>\n<p><label> Email<br \/>\n<span class=\"wpcf7-form-control-wrap\" data-name=\"your-email\"><input size=\"40\" maxlength=\"400\" class=\"wpcf7-form-control wpcf7-email wpcf7-validates-as-required wpcf7-text wpcf7-validates-as-email\" aria-required=\"true\" aria-invalid=\"false\" value=\"\" type=\"email\" name=\"your-email\" \/><\/span> <\/label>\n<\/p>\n<p><label> Telefone<br \/>\n<span class=\"wpcf7-form-control-wrap\" data-name=\"your-telephone\"><input class=\"wpcf7-form-control wpcf7-number wpcf7-validates-as-required wpcf7-validates-as-number\" aria-required=\"true\" aria-invalid=\"false\" value=\"\" type=\"number\" name=\"your-telephone\" \/><\/span> <\/label>\n<\/p>\n<p><label> Sua mensagem (opcional)<br \/>\n<span class=\"wpcf7-form-control-wrap\" data-name=\"your-message\"><textarea cols=\"40\" rows=\"10\" maxlength=\"2000\" class=\"wpcf7-form-control wpcf7-textarea\" aria-invalid=\"false\" name=\"your-message\"><\/textarea><\/span> <\/label>\n<\/p>\n<p><input class=\"wpcf7-form-control wpcf7-submit has-spinner\" type=\"submit\" value=\"Enviar\" \/>\n<\/p><div class=\"wpcf7-response-output\" aria-hidden=\"true\"><\/div>\n<\/form>\n<\/div>\n\n<\/div><\/div><\/div><\/div><\/div><\/div><\/section>\n","protected":false},"excerpt":{"rendered":"Entre em contato conosco para sua participa\u00e7\u00e3o na Fruit Attraction S\u00e3o Paulo. Nome Empresa CNPJ Setor Defina o setor de atua\u00e7\u00e3o da sua empresa (ex: Frutas, Tecnologia, M\u00e1quinas, etc.) Frutas e Legumes FrescosErvas arom\u00e1ticas e especiariasFresco e pronto para comerOleaginosasMercado Ecorg\u00e2nicoProdutos transformados (congelados, conservados, concentrado)Organiza\u00e7\u00f5es e Associa\u00e7\u00f5esEstufasSementesFertilizantes, Agronutrientes e Fitossanit\u00e1riosProdutosPr\u00e9-ColheitaTransporte e Log\u00edsticaEmbalagem &amp; RotulagemP\u00f3s-ColheitaPonto de...","protected":false},"author":2,"featured_media":0,"parent":0,"menu_order":0,"comment_status":"closed","ping_status":"closed","template":"","meta":{"_eb_attr":"","inline_featured_image":false,"footnotes":""},"class_list":["post-30362","page","type-page","status-publish","hentry"],"yoast_head":"<!-- This site is optimized with the Yoast SEO plugin v27.1.1 - https:\/\/yoast.com\/product\/yoast-seo-wordpress\/ -->\n<title>Contato - Fruit Attraction Sao Paulo | IFEMA MADRID INTERNACIONAL<\/title>\n<meta name=\"robots\" content=\"index, follow, max-snippet:-1, max-image-preview:large, max-video-preview:-1\" \/>\n<link rel=\"canonical\" href=\"https:\/\/www.ifema.es\/fruit-attraction-sao-paulo\/contato\/\" \/>\n<meta property=\"og:locale\" content=\"es_ES\" \/>\n<meta property=\"og:type\" content=\"article\" \/>\n<meta property=\"og:title\" content=\"Contato - Fruit Attraction Sao Paulo | IFEMA MADRID INTERNACIONAL\" \/>\n<meta property=\"og:url\" content=\"https:\/\/www.ifema.es\/fruit-attraction-sao-paulo\/contato\/\" \/>\n<meta property=\"og:site_name\" content=\"Fruit Attraction Sao Paulo | IFEMA MADRID INTERNACIONAL\" \/>\n<meta property=\"article:publisher\" content=\"https:\/\/www.facebook.com\/people\/Fruit-Attraction-So-Paulo\/61553117052718\/\" \/>\n<meta property=\"article:modified_time\" content=\"2025-12-03T12:25:33+00:00\" \/>\n<meta property=\"og:image\" content=\"https:\/\/www.ifema.es\/fruit-attraction-sao-paulo\/wp-content\/uploads\/2024\/01\/img-rrss-fruit-attraction-sao-paulo.jpg\" \/>\n\t<meta property=\"og:image:width\" content=\"1200\" \/>\n\t<meta property=\"og:image:height\" content=\"675\" \/>\n\t<meta property=\"og:image:type\" content=\"image\/jpeg\" \/>\n<meta name=\"twitter:card\" content=\"summary_large_image\" \/>\n<meta name=\"twitter:label1\" content=\"Tiempo de lectura\" \/>\n\t<meta name=\"twitter:data1\" content=\"1 minute\" \/>\n<script type=\"application\/ld+json\" class=\"yoast-schema-graph\">{\"@context\":\"https:\/\/schema.org\",\"@graph\":[{\"@type\":\"WebPage\",\"@id\":\"https:\/\/www.ifema.es\/fruit-attraction-sao-paulo\/contato\/\",\"url\":\"https:\/\/www.ifema.es\/fruit-attraction-sao-paulo\/contato\/\",\"name\":\"Contato - Fruit Attraction Sao Paulo | IFEMA MADRID INTERNACIONAL\",\"isPartOf\":{\"@id\":\"https:\/\/www.ifema.es\/fruit-attraction-sao-paulo\/#website\"},\"datePublished\":\"2025-12-01T15:25:04+00:00\",\"dateModified\":\"2025-12-03T12:25:33+00:00\",\"inLanguage\":\"es-ES\",\"potentialAction\":[{\"@type\":\"ReadAction\",\"target\":[\"https:\/\/www.ifema.es\/fruit-attraction-sao-paulo\/contato\/\"]}]},{\"@type\":\"WebSite\",\"@id\":\"https:\/\/www.ifema.es\/fruit-attraction-sao-paulo\/#website\",\"url\":\"https:\/\/www.ifema.es\/fruit-attraction-sao-paulo\/\",\"name\":\"Fruit Attraction Sao Paulo | IFEMA MADRID INTERNACIONAL\",\"description\":\"Bienvenido a Fruit Attraction Sao Paulo, la Feria Internacional del Sector de Frutas y Hortalizas. Haz click y descubre todas las novedades de la edici\u00f3n de este a\u00f1o.\",\"publisher\":{\"@id\":\"https:\/\/www.ifema.es\/fruit-attraction-sao-paulo\/#organization\"},\"potentialAction\":[{\"@type\":\"SearchAction\",\"target\":{\"@type\":\"EntryPoint\",\"urlTemplate\":\"https:\/\/www.ifema.es\/fruit-attraction-sao-paulo\/?s={search_term_string}\"},\"query-input\":{\"@type\":\"PropertyValueSpecification\",\"valueRequired\":true,\"valueName\":\"search_term_string\"}}],\"inLanguage\":\"es-ES\"},{\"@type\":\"Organization\",\"@id\":\"https:\/\/www.ifema.es\/fruit-attraction-sao-paulo\/#organization\",\"name\":\"Fruit Attraction Sao Paulo | IFEMA MADRID INTERNACIONAL\",\"url\":\"https:\/\/www.ifema.es\/fruit-attraction-sao-paulo\/\",\"logo\":{\"@type\":\"ImageObject\",\"inLanguage\":\"es-ES\",\"@id\":\"https:\/\/www.ifema.es\/fruit-attraction-sao-paulo\/#\/schema\/logo\/image\/\",\"url\":\"https:\/\/www.ifema.es\/fruit-attraction-sao-paulo\/wp-content\/uploads\/2024\/01\/logo-fruit-attraction-sao-paulo.jpg\",\"contentUrl\":\"https:\/\/www.ifema.es\/fruit-attraction-sao-paulo\/wp-content\/uploads\/2024\/01\/logo-fruit-attraction-sao-paulo.jpg\",\"width\":400,\"height\":300,\"caption\":\"Fruit Attraction Sao Paulo | IFEMA MADRID INTERNACIONAL\"},\"image\":{\"@id\":\"https:\/\/www.ifema.es\/fruit-attraction-sao-paulo\/#\/schema\/logo\/image\/\"},\"sameAs\":[\"https:\/\/www.facebook.com\/people\/Fruit-Attraction-So-Paulo\/61553117052718\/\",\"https:\/\/www.instagram.com\/fruitattraction_saopaulo\/\",\"https:\/\/www.linkedin.com\/company\/fruit-attraction-so-paulo\/\"]}]}<\/script>\n<!-- \/ Yoast SEO plugin. -->","yoast_head_json":{"title":"Contato - Fruit Attraction Sao Paulo | IFEMA MADRID INTERNACIONAL","robots":{"index":"index","follow":"follow","max-snippet":"max-snippet:-1","max-image-preview":"max-image-preview:large","max-video-preview":"max-video-preview:-1"},"canonical":"https:\/\/www.ifema.es\/fruit-attraction-sao-paulo\/contato\/","og_locale":"es_ES","og_type":"article","og_title":"Contato - Fruit Attraction Sao Paulo | IFEMA MADRID INTERNACIONAL","og_url":"https:\/\/www.ifema.es\/fruit-attraction-sao-paulo\/contato\/","og_site_name":"Fruit Attraction Sao Paulo | IFEMA MADRID INTERNACIONAL","article_publisher":"https:\/\/www.facebook.com\/people\/Fruit-Attraction-So-Paulo\/61553117052718\/","article_modified_time":"2025-12-03T12:25:33+00:00","og_image":[{"width":1200,"height":675,"url":"https:\/\/www.ifema.es\/fruit-attraction-sao-paulo\/wp-content\/uploads\/2024\/01\/img-rrss-fruit-attraction-sao-paulo.jpg","type":"image\/jpeg"}],"twitter_card":"summary_large_image","twitter_misc":{"Tiempo de lectura":"1 minute"},"schema":{"@context":"https:\/\/schema.org","@graph":[{"@type":"WebPage","@id":"https:\/\/www.ifema.es\/fruit-attraction-sao-paulo\/contato\/","url":"https:\/\/www.ifema.es\/fruit-attraction-sao-paulo\/contato\/","name":"Contato - Fruit Attraction Sao Paulo | IFEMA MADRID INTERNACIONAL","isPartOf":{"@id":"https:\/\/www.ifema.es\/fruit-attraction-sao-paulo\/#website"},"datePublished":"2025-12-01T15:25:04+00:00","dateModified":"2025-12-03T12:25:33+00:00","inLanguage":"es-ES","potentialAction":[{"@type":"ReadAction","target":["https:\/\/www.ifema.es\/fruit-attraction-sao-paulo\/contato\/"]}]},{"@type":"WebSite","@id":"https:\/\/www.ifema.es\/fruit-attraction-sao-paulo\/#website","url":"https:\/\/www.ifema.es\/fruit-attraction-sao-paulo\/","name":"Fruit Attraction Sao Paulo | IFEMA MADRID INTERNACIONAL","description":"Bienvenido a Fruit Attraction Sao Paulo, la Feria Internacional del Sector de Frutas y Hortalizas. Haz click y descubre todas las novedades de la edici\u00f3n de este a\u00f1o.","publisher":{"@id":"https:\/\/www.ifema.es\/fruit-attraction-sao-paulo\/#organization"},"potentialAction":[{"@type":"SearchAction","target":{"@type":"EntryPoint","urlTemplate":"https:\/\/www.ifema.es\/fruit-attraction-sao-paulo\/?s={search_term_string}"},"query-input":{"@type":"PropertyValueSpecification","valueRequired":true,"valueName":"search_term_string"}}],"inLanguage":"es-ES"},{"@type":"Organization","@id":"https:\/\/www.ifema.es\/fruit-attraction-sao-paulo\/#organization","name":"Fruit Attraction Sao Paulo | IFEMA MADRID INTERNACIONAL","url":"https:\/\/www.ifema.es\/fruit-attraction-sao-paulo\/","logo":{"@type":"ImageObject","inLanguage":"es-ES","@id":"https:\/\/www.ifema.es\/fruit-attraction-sao-paulo\/#\/schema\/logo\/image\/","url":"https:\/\/www.ifema.es\/fruit-attraction-sao-paulo\/wp-content\/uploads\/2024\/01\/logo-fruit-attraction-sao-paulo.jpg","contentUrl":"https:\/\/www.ifema.es\/fruit-attraction-sao-paulo\/wp-content\/uploads\/2024\/01\/logo-fruit-attraction-sao-paulo.jpg","width":400,"height":300,"caption":"Fruit Attraction Sao Paulo | IFEMA MADRID INTERNACIONAL"},"image":{"@id":"https:\/\/www.ifema.es\/fruit-attraction-sao-paulo\/#\/schema\/logo\/image\/"},"sameAs":["https:\/\/www.facebook.com\/people\/Fruit-Attraction-So-Paulo\/61553117052718\/","https:\/\/www.instagram.com\/fruitattraction_saopaulo\/","https:\/\/www.linkedin.com\/company\/fruit-attraction-so-paulo\/"]}]}},"_links":{"self":[{"href":"https:\/\/www.ifema.es\/fruit-attraction-sao-paulo\/wp-json\/wp\/v2\/pages\/30362","targetHints":{"allow":["GET"]}}],"collection":[{"href":"https:\/\/www.ifema.es\/fruit-attraction-sao-paulo\/wp-json\/wp\/v2\/pages"}],"about":[{"href":"https:\/\/www.ifema.es\/fruit-attraction-sao-paulo\/wp-json\/wp\/v2\/types\/page"}],"author":[{"embeddable":true,"href":"https:\/\/www.ifema.es\/fruit-attraction-sao-paulo\/wp-json\/wp\/v2\/users\/2"}],"replies":[{"embeddable":true,"href":"https:\/\/www.ifema.es\/fruit-attraction-sao-paulo\/wp-json\/wp\/v2\/comments?post=30362"}],"version-history":[{"count":2,"href":"https:\/\/www.ifema.es\/fruit-attraction-sao-paulo\/wp-json\/wp\/v2\/pages\/30362\/revisions"}],"predecessor-version":[{"id":30386,"href":"https:\/\/www.ifema.es\/fruit-attraction-sao-paulo\/wp-json\/wp\/v2\/pages\/30362\/revisions\/30386"}],"wp:attachment":[{"href":"https:\/\/www.ifema.es\/fruit-attraction-sao-paulo\/wp-json\/wp\/v2\/media?parent=30362"}],"curies":[{"name":"wp","href":"https:\/\/api.w.org\/{rel}","templated":true}]}}