{"id":11317,"date":"2024-07-26T13:16:59","date_gmt":"2024-07-26T11:16:59","guid":{"rendered":"https:\/\/www.ifema.es\/fruit-attraction-sao-paulo\/?page_id=11317"},"modified":"2025-08-05T10:30:17","modified_gmt":"2025-08-05T08:30:17","slug":"expositores-de-assinatura","status":"publish","type":"page","link":"https:\/\/www.ifema.es\/fruit-attraction-sao-paulo\/expositores-de-assinatura\/","title":{"rendered":"Expositores de assinatura"},"content":{"rendered":"<section class=\"l-section wpb_row height_medium\"><div class=\"l-section-h i-cf\"><div class=\"g-cols via_grid cols_2 laptops-cols_inherit tablets-cols_inherit mobiles-cols_1 valign_top type_default\"><div class=\"wpb_column vc_column_container\"><div class=\"vc_column-inner\">[vc_raw_js]JTNDc3R5bGUlM0UlMEEuYmFubmVyLWVtcHR5JTIwaW1nJTIwJTdCJTBBJTIwJTIwJTIwJTIwZmlsdGVyJTNBJTIwZ3JheXNjYWxlJTI4MSUyOSUzQiUwQSUyMCUyMCUyMCUyMHRyYW5zaXRpb24tcHJvcGVydHklM0ElMjBmaWx0ZXIlM0IlMEElMjAlMjAlMjAlMjBtYXJnaW4lM0ElMjAxNHB4JTIwMCUyMDIwcHglM0IlMEElN0QlMEEuaW5wdXQtY29udGVudCU3Qm1hcmdpbi1ib3R0b20lM0ElMjAyMHB4JTNCJTdEJTBBJTNDJTJGc3R5bGUlM0U=[\/vc_raw_js]<div class=\"wpb_text_column\"><div class=\"wpb_wrapper\"><p>Personalize o banner do <strong>FRUIT ATTRACTION S\u00c3O PAULO<\/strong>, inclua-o em sua assinatura eletr\u00f4nica e cause impacto em milhares de profissionais do setor de frutas e hortali\u00e7as sobre sua presen\u00e7a na feira.<\/p>\n<p>\u00c9 muito f\u00e1cil, basta incluir o nome de sua empresa, o n\u00famero do pavilh\u00e3o e do estande; clique no bot\u00e3o \u201ccriar banner\u201d para gerar a imagem com seus dados e clique nela para baix\u00e1-la em seu computador.<\/p>\n<p><strong>\u00c9 t\u00e3o importante estar l\u00e1 quanto comunic\u00e1-lo!<\/strong><\/p>\n<div class=\"banner-empty\"><img decoding=\"async\" src=\"\/fruit-attraction-sao-paulo\/wp-content\/uploads\/2025\/07\/FIRMA-ONLINE-FA-SAOPAULO.jpg\" alt=\"Banner expositor\" \/><\/div>\n<p><canvas id=\"bannergenerator\" title=\"Descargar\" width=\"490\" height=\"128\"> Your browser does not support the canvas element. <\/canvas><\/p>\n<\/div><\/div><\/div><\/div><div class=\"wpb_column vc_column_container\"><div class=\"vc_column-inner\"><div class=\"wpb_text_column\"><div class=\"wpb_wrapper\"><div id=\"banner_generator\" class=\"first-content\">\n<form id=\"form-banner\" class=\"banner-generator-form contacto-slf\">\n<fieldset class=\"banner-fieldset-hall\">\n<div class=\"form-fields\">\n<div class=\"input-content\"><label for=\"additional_text\">Nome do expositor<\/label><br \/>\n<input id=\"additional_text\" maxlength=\"24\" name=\"additional_text\" type=\"text\" placeholder=\"Digite o nome do expositor\" \/><\/div>\n<div class=\"input-content d-none\">\n<p><label class=\"control-label\" for=\"fair_hall\">Pavilh\u00e3o *<\/label><\/p>\n<div class=\"select\"><select id=\"fair_hall\" name=\"fair_hall\"><option selected=\"selected\" value=\"\">Selecione um pavilh\u00e3o<\/option><option value=\"7\">7<\/option><option value=\"8\">8<\/option><\/select><\/div>\n<p><script type=\"text\/javascript\">var select = document.getElementById( 'fair_hall' ), opts = select.options; for ( var i = 0, l = opts.length; i < l; ++i ) { if ( opts&#091; i &#093;.value == '{paramHall}' ) { select.selectedIndex = i; break; } }<\/script><\/p>\n<\/div>\n<div class=\"input-content\"><label for=\"fair_stand\">Estande *<\/label><br \/>\n<input id=\"fair_stand\" name=\"fair_stand\" type=\"text\" placeholder=\"Digite o n\u00famero de seu estande\" \/><\/div>\n<\/div>\n<\/fieldset>\n<p class=\"small\">* Campos obrigat\u00f3rios<\/p>\n<div class=\"form-buttons\">\n<p><button class=\"btn btn-primary mr-3 mb-3\" name=\"submit_bg\" type=\"submit\" value=\"Crear Banner\"> Criar banner <\/button><\/p>\n<div class=\"txt-error\"><\/div>\n<\/div>\n<\/form>\n<p><script>\n\t\t$( \"form#form-banner\" ).submit(function( event ) {\n\t\t\t$(\".txt-error\").html(\"\");\n\t\t\t$(\"select#fair_hall\").css(\"border-color\",\"#F2F2F5\");\n\t\t\t$(\"input#fair_stand\").css(\"border-color\",\"#F2F2F5\");\n\t\t\tvar canvas = document.getElementById(\"bannergenerator\");\n\t\t\tvar ctx = canvas.getContext(\"2d\");\n\t\t\tvar hall = $(\"select#fair_hall\").val();\n\t\t\tvar stand = $(\"input#fair_stand\").val();\n\t\t\tvar bannerSrc = \"\/fruit-attraction-sao-paulo\/wp-content\/uploads\/2025\/07\/FIRMA-ONLINE-FA-SAOPAULO.jpg\";\n\t\t\tctx.clearRect(0, 0, canvas.width, canvas.height);\n\t\t\tlet bannerBgImage = new Image(490, 128); \/\/ Using optional size for image\n\t\t\tbannerBgImage.src = bannerSrc;\n\t\t\tif(hall || stand!=\"\")\n\t\t\t\tbannerBgImage.onload = drawBanner; \/\/ Draw when image has loaded\n\t\t\telse{\n\t\t\t\t$(\".txt-error\").css(\"color\",\"#e5251d\");\n\t\t\t\t$(\".txt-error\").html(\"<strong>Es necesario el n\u00ba de stand y el pabell\u00f3n.<\/strong>\");\n\t\t\t\t$(\"select#fair_hall\").css(\"border-color\",\"#ff0000\");\n\t\t\t\t$(\"input#fair_stand\").css(\"border-color\",\"#ff0000\");\n\t\t\t\t$(\"#bannergenerator\").css(\"display\",\"none\");\n\t\t\t\t$(\".banner-empty\").css(\"display\",\"block\");\n\t\t\t}\n\t\t\tfunction drawBanner() {\n\t\t\t\tdataLayer.push({'event': 'form_sent'});\n\t\t\t\t$(\"#bannergenerator\").css(\"display\",\"block\");\n\t\t\t\t$(\".banner-empty\").css(\"display\",\"none\");\n\t\t\t\t$(\"select#fair_hall\").css(\"border-color\",\"#F2F2F5\");\n\t\t\t\t$(\"input#fair_stand\").css(\"border-color\",\"#F2F2F5\");\n\t\t\t\t\/\/ To use the custom size we'll have to specify the scale parameters\n\t\t\t\t\/\/ using the element's width and height properties - lets draw one\n\t\t\t\t\/\/ on top in the corner:\n\t\t\t\tctx.drawImage(this, 0, 0, this.width, this.height);\n\t\t\t\tctx.font = \"18px Barlow\";\n\t\t\t\tctx.fillStyle=\"#000000\";\n\t\t\t\tconst textformat = \"Stand {stand}\";\n\t\t\t\tconst formatText= textformat.replaceAll(\"{hall}\",hall).replaceAll(\"{stand}\",stand);\n\t\t\t\tctx.fillText(formatText, 10,120)\n\t\t\t\tconst freeText = $(\"input#additional_text\").val();\n\t\t\t\tctx.font = \"bold 18px Barlow\";\n\t\t\t\tctx.fillText(freeText,10,100);\n\t\t\t\t$(\".txt-error\").css(\"color\",\"#03662e\");\n\t\t\t\t$(\".txt-error\").html(\"<strong>\u00a1Ya puedes descargar tu banner!<\/strong>\");\n\t\t\t}\n\t\t\tevent.preventDefault();\n\t\t\t$(\"#bannergenerator\").click(function(e) {\n\t\t\t\te.preventDefault();  \/\/stop the browser from following\n\t\t\t\tvar canvas = document.getElementById(\"bannergenerator\");\n\t\t\t\timage = canvas.toDataURL(\"image\/png\", 1.0).replace(\"image\/png\", \"image\/octet-stream\");\n\t\t\t\tvar link = document.createElement('a');\n\t\t\t\tlink.download = \"banner-expositor.png\";\n\t\t\t\tlink.href = image;\n\t\t\t\tlink.click();\n\t\t\t\tlink.remove();\n\t\t\t\treturn false;\n\t\t\t});\t\t\n\t\t});\n\t\t<\/script><\/p>\n<\/div>\n<\/div><\/div><\/div><\/div><\/div><\/div><\/section>\n","protected":false},"excerpt":{"rendered":"[vc_raw_js]JTNDc3R5bGUlM0UlMEEuYmFubmVyLWVtcHR5JTIwaW1nJTIwJTdCJTBBJTIwJTIwJTIwJTIwZmlsdGVyJTNBJTIwZ3JheXNjYWxlJTI4MSUyOSUzQiUwQSUyMCUyMCUyMCUyMHRyYW5zaXRpb24tcHJvcGVydHklM0ElMjBmaWx0ZXIlM0IlMEElMjAlMjAlMjAlMjBtYXJnaW4lM0ElMjAxNHB4JTIwMCUyMDIwcHglM0IlMEElN0QlMEEuaW5wdXQtY29udGVudCU3Qm1hcmdpbi1ib3R0b20lM0ElMjAyMHB4JTNCJTdEJTBBJTNDJTJGc3R5bGUlM0U=[\/vc_raw_js]Personalize o banner do FRUIT ATTRACTION S\u00c3O PAULO, inclua-o em sua assinatura eletr\u00f4nica e cause impacto em milhares de profissionais do setor de frutas e hortali\u00e7as sobre sua presen\u00e7a na feira. \u00c9 muito f\u00e1cil, basta incluir o nome de sua empresa, o n\u00famero do pavilh\u00e3o e do estande; clique no bot\u00e3o \u201ccriar banner\u201d para gerar...","protected":false},"author":2,"featured_media":0,"parent":0,"menu_order":0,"comment_status":"closed","ping_status":"closed","template":"","meta":{"_eb_attr":"","inline_featured_image":false,"footnotes":""},"class_list":["post-11317","page","type-page","status-publish","hentry"],"yoast_head":"<!-- This site is optimized with the Yoast SEO plugin v27.1.1 - https:\/\/yoast.com\/product\/yoast-seo-wordpress\/ -->\n<title>Expositores de assinatura - Fruit Attraction Sao Paulo | IFEMA MADRID INTERNACIONAL<\/title>\n<meta name=\"robots\" content=\"index, follow, max-snippet:-1, max-image-preview:large, max-video-preview:-1\" \/>\n<link rel=\"canonical\" href=\"https:\/\/www.ifema.es\/fruit-attraction-sao-paulo\/expositores-de-assinatura\/\" \/>\n<meta property=\"og:locale\" content=\"es_ES\" \/>\n<meta property=\"og:type\" content=\"article\" \/>\n<meta property=\"og:title\" content=\"Expositores de assinatura - Fruit Attraction Sao Paulo | IFEMA MADRID INTERNACIONAL\" \/>\n<meta property=\"og:url\" content=\"https:\/\/www.ifema.es\/fruit-attraction-sao-paulo\/expositores-de-assinatura\/\" \/>\n<meta property=\"og:site_name\" content=\"Fruit Attraction Sao Paulo | IFEMA MADRID INTERNACIONAL\" \/>\n<meta property=\"article:publisher\" content=\"https:\/\/www.facebook.com\/people\/Fruit-Attraction-So-Paulo\/61553117052718\/\" \/>\n<meta property=\"article:modified_time\" content=\"2025-08-05T08:30:17+00:00\" \/>\n<meta property=\"og:image\" content=\"https:\/\/www.ifema.es\/fruit-attraction-sao-paulo\/wp-content\/uploads\/2024\/01\/img-rrss-fruit-attraction-sao-paulo.jpg\" \/>\n\t<meta property=\"og:image:width\" content=\"1200\" \/>\n\t<meta property=\"og:image:height\" content=\"675\" \/>\n\t<meta property=\"og:image:type\" content=\"image\/jpeg\" \/>\n<meta name=\"twitter:card\" content=\"summary_large_image\" \/>\n<meta name=\"twitter:label1\" content=\"Tiempo de lectura\" \/>\n\t<meta name=\"twitter:data1\" content=\"1 minute\" \/>\n<script type=\"application\/ld+json\" class=\"yoast-schema-graph\">{\"@context\":\"https:\/\/schema.org\",\"@graph\":[{\"@type\":\"WebPage\",\"@id\":\"https:\/\/www.ifema.es\/fruit-attraction-sao-paulo\/expositores-de-assinatura\/\",\"url\":\"https:\/\/www.ifema.es\/fruit-attraction-sao-paulo\/expositores-de-assinatura\/\",\"name\":\"Expositores de assinatura - Fruit Attraction Sao Paulo | IFEMA MADRID INTERNACIONAL\",\"isPartOf\":{\"@id\":\"https:\/\/www.ifema.es\/fruit-attraction-sao-paulo\/#website\"},\"datePublished\":\"2024-07-26T11:16:59+00:00\",\"dateModified\":\"2025-08-05T08:30:17+00:00\",\"inLanguage\":\"es-ES\",\"potentialAction\":[{\"@type\":\"ReadAction\",\"target\":[\"https:\/\/www.ifema.es\/fruit-attraction-sao-paulo\/expositores-de-assinatura\/\"]}]},{\"@type\":\"WebSite\",\"@id\":\"https:\/\/www.ifema.es\/fruit-attraction-sao-paulo\/#website\",\"url\":\"https:\/\/www.ifema.es\/fruit-attraction-sao-paulo\/\",\"name\":\"Fruit Attraction Sao Paulo | IFEMA MADRID INTERNACIONAL\",\"description\":\"Bienvenido a Fruit Attraction Sao Paulo, la Feria Internacional del Sector de Frutas y Hortalizas. Haz click y descubre todas las novedades de la edici\u00f3n de este a\u00f1o.\",\"publisher\":{\"@id\":\"https:\/\/www.ifema.es\/fruit-attraction-sao-paulo\/#organization\"},\"potentialAction\":[{\"@type\":\"SearchAction\",\"target\":{\"@type\":\"EntryPoint\",\"urlTemplate\":\"https:\/\/www.ifema.es\/fruit-attraction-sao-paulo\/?s={search_term_string}\"},\"query-input\":{\"@type\":\"PropertyValueSpecification\",\"valueRequired\":true,\"valueName\":\"search_term_string\"}}],\"inLanguage\":\"es-ES\"},{\"@type\":\"Organization\",\"@id\":\"https:\/\/www.ifema.es\/fruit-attraction-sao-paulo\/#organization\",\"name\":\"Fruit Attraction Sao Paulo | IFEMA MADRID INTERNACIONAL\",\"url\":\"https:\/\/www.ifema.es\/fruit-attraction-sao-paulo\/\",\"logo\":{\"@type\":\"ImageObject\",\"inLanguage\":\"es-ES\",\"@id\":\"https:\/\/www.ifema.es\/fruit-attraction-sao-paulo\/#\/schema\/logo\/image\/\",\"url\":\"https:\/\/www.ifema.es\/fruit-attraction-sao-paulo\/wp-content\/uploads\/2024\/01\/logo-fruit-attraction-sao-paulo.jpg\",\"contentUrl\":\"https:\/\/www.ifema.es\/fruit-attraction-sao-paulo\/wp-content\/uploads\/2024\/01\/logo-fruit-attraction-sao-paulo.jpg\",\"width\":400,\"height\":300,\"caption\":\"Fruit Attraction Sao Paulo | IFEMA MADRID INTERNACIONAL\"},\"image\":{\"@id\":\"https:\/\/www.ifema.es\/fruit-attraction-sao-paulo\/#\/schema\/logo\/image\/\"},\"sameAs\":[\"https:\/\/www.facebook.com\/people\/Fruit-Attraction-So-Paulo\/61553117052718\/\",\"https:\/\/www.instagram.com\/fruitattraction_saopaulo\/\",\"https:\/\/www.linkedin.com\/company\/fruit-attraction-so-paulo\/\"]}]}<\/script>\n<!-- \/ Yoast SEO plugin. -->","yoast_head_json":{"title":"Expositores de assinatura - Fruit Attraction Sao Paulo | IFEMA MADRID INTERNACIONAL","robots":{"index":"index","follow":"follow","max-snippet":"max-snippet:-1","max-image-preview":"max-image-preview:large","max-video-preview":"max-video-preview:-1"},"canonical":"https:\/\/www.ifema.es\/fruit-attraction-sao-paulo\/expositores-de-assinatura\/","og_locale":"es_ES","og_type":"article","og_title":"Expositores de assinatura - Fruit Attraction Sao Paulo | IFEMA MADRID INTERNACIONAL","og_url":"https:\/\/www.ifema.es\/fruit-attraction-sao-paulo\/expositores-de-assinatura\/","og_site_name":"Fruit Attraction Sao Paulo | IFEMA MADRID INTERNACIONAL","article_publisher":"https:\/\/www.facebook.com\/people\/Fruit-Attraction-So-Paulo\/61553117052718\/","article_modified_time":"2025-08-05T08:30:17+00:00","og_image":[{"width":1200,"height":675,"url":"https:\/\/www.ifema.es\/fruit-attraction-sao-paulo\/wp-content\/uploads\/2024\/01\/img-rrss-fruit-attraction-sao-paulo.jpg","type":"image\/jpeg"}],"twitter_card":"summary_large_image","twitter_misc":{"Tiempo de lectura":"1 minute"},"schema":{"@context":"https:\/\/schema.org","@graph":[{"@type":"WebPage","@id":"https:\/\/www.ifema.es\/fruit-attraction-sao-paulo\/expositores-de-assinatura\/","url":"https:\/\/www.ifema.es\/fruit-attraction-sao-paulo\/expositores-de-assinatura\/","name":"Expositores de assinatura - Fruit Attraction Sao Paulo | IFEMA MADRID INTERNACIONAL","isPartOf":{"@id":"https:\/\/www.ifema.es\/fruit-attraction-sao-paulo\/#website"},"datePublished":"2024-07-26T11:16:59+00:00","dateModified":"2025-08-05T08:30:17+00:00","inLanguage":"es-ES","potentialAction":[{"@type":"ReadAction","target":["https:\/\/www.ifema.es\/fruit-attraction-sao-paulo\/expositores-de-assinatura\/"]}]},{"@type":"WebSite","@id":"https:\/\/www.ifema.es\/fruit-attraction-sao-paulo\/#website","url":"https:\/\/www.ifema.es\/fruit-attraction-sao-paulo\/","name":"Fruit Attraction Sao Paulo | IFEMA MADRID INTERNACIONAL","description":"Bienvenido a Fruit Attraction Sao Paulo, la Feria Internacional del Sector de Frutas y Hortalizas. Haz click y descubre todas las novedades de la edici\u00f3n de este a\u00f1o.","publisher":{"@id":"https:\/\/www.ifema.es\/fruit-attraction-sao-paulo\/#organization"},"potentialAction":[{"@type":"SearchAction","target":{"@type":"EntryPoint","urlTemplate":"https:\/\/www.ifema.es\/fruit-attraction-sao-paulo\/?s={search_term_string}"},"query-input":{"@type":"PropertyValueSpecification","valueRequired":true,"valueName":"search_term_string"}}],"inLanguage":"es-ES"},{"@type":"Organization","@id":"https:\/\/www.ifema.es\/fruit-attraction-sao-paulo\/#organization","name":"Fruit Attraction Sao Paulo | IFEMA MADRID INTERNACIONAL","url":"https:\/\/www.ifema.es\/fruit-attraction-sao-paulo\/","logo":{"@type":"ImageObject","inLanguage":"es-ES","@id":"https:\/\/www.ifema.es\/fruit-attraction-sao-paulo\/#\/schema\/logo\/image\/","url":"https:\/\/www.ifema.es\/fruit-attraction-sao-paulo\/wp-content\/uploads\/2024\/01\/logo-fruit-attraction-sao-paulo.jpg","contentUrl":"https:\/\/www.ifema.es\/fruit-attraction-sao-paulo\/wp-content\/uploads\/2024\/01\/logo-fruit-attraction-sao-paulo.jpg","width":400,"height":300,"caption":"Fruit Attraction Sao Paulo | IFEMA MADRID INTERNACIONAL"},"image":{"@id":"https:\/\/www.ifema.es\/fruit-attraction-sao-paulo\/#\/schema\/logo\/image\/"},"sameAs":["https:\/\/www.facebook.com\/people\/Fruit-Attraction-So-Paulo\/61553117052718\/","https:\/\/www.instagram.com\/fruitattraction_saopaulo\/","https:\/\/www.linkedin.com\/company\/fruit-attraction-so-paulo\/"]}]}},"_links":{"self":[{"href":"https:\/\/www.ifema.es\/fruit-attraction-sao-paulo\/wp-json\/wp\/v2\/pages\/11317","targetHints":{"allow":["GET"]}}],"collection":[{"href":"https:\/\/www.ifema.es\/fruit-attraction-sao-paulo\/wp-json\/wp\/v2\/pages"}],"about":[{"href":"https:\/\/www.ifema.es\/fruit-attraction-sao-paulo\/wp-json\/wp\/v2\/types\/page"}],"author":[{"embeddable":true,"href":"https:\/\/www.ifema.es\/fruit-attraction-sao-paulo\/wp-json\/wp\/v2\/users\/2"}],"replies":[{"embeddable":true,"href":"https:\/\/www.ifema.es\/fruit-attraction-sao-paulo\/wp-json\/wp\/v2\/comments?post=11317"}],"version-history":[{"count":16,"href":"https:\/\/www.ifema.es\/fruit-attraction-sao-paulo\/wp-json\/wp\/v2\/pages\/11317\/revisions"}],"predecessor-version":[{"id":29879,"href":"https:\/\/www.ifema.es\/fruit-attraction-sao-paulo\/wp-json\/wp\/v2\/pages\/11317\/revisions\/29879"}],"wp:attachment":[{"href":"https:\/\/www.ifema.es\/fruit-attraction-sao-paulo\/wp-json\/wp\/v2\/media?parent=11317"}],"curies":[{"name":"wp","href":"https:\/\/api.w.org\/{rel}","templated":true}]}}