{"id":839,"date":"2021-03-12T09:55:20","date_gmt":"2021-03-12T09:55:20","guid":{"rendered":"https:\/\/www.ifema.es\/estampa\/catalogo\/?page_id=839"},"modified":"2022-10-04T10:55:35","modified_gmt":"2022-10-04T10:55:35","slug":"galeria-yusto-giner","status":"publish","type":"page","link":"https:\/\/www.ifema.es\/estampa\/catalogo\/galeria-yusto-giner\/","title":{"rendered":"Galeri\u0301a Yusto\/Giner"},"content":{"rendered":"\t\t<div data-elementor-type=\"wp-page\" data-elementor-id=\"839\" class=\"elementor elementor-839\" data-elementor-post-type=\"page\">\n\t\t\t\t\t\t<section class=\"elementor-section elementor-top-section elementor-element elementor-element-162ce6eb elementor-section-boxed elementor-section-height-default elementor-section-height-default\" data-id=\"162ce6eb\" data-element_type=\"section\">\n\t\t\t\t\t\t<div class=\"elementor-container elementor-column-gap-default\">\n\t\t\t\t\t<div class=\"elementor-column elementor-col-100 elementor-top-column elementor-element elementor-element-6a04cae\" data-id=\"6a04cae\" data-element_type=\"column\">\n\t\t\t<div class=\"elementor-widget-wrap elementor-element-populated\">\n\t\t\t\t\t\t<div class=\"elementor-element elementor-element-46f19e41 elementor-widget elementor-widget-text-editor\" data-id=\"46f19e41\" data-element_type=\"widget\" data-widget_type=\"text-editor.default\">\n\t\t\t\t<div class=\"elementor-widget-container\">\n\t\t\t\t\t\t\t<p>Programa general<\/p>\t\t\t\t\t\t<\/div>\n\t\t\t\t<\/div>\n\t\t\t\t\t<\/div>\n\t\t<\/div>\n\t\t\t\t\t<\/div>\n\t\t<\/section>\n\t\t\t\t<section class=\"elementor-section elementor-top-section elementor-element elementor-element-30959ff7 elementor-section-boxed elementor-section-height-default elementor-section-height-default\" data-id=\"30959ff7\" data-element_type=\"section\">\n\t\t\t\t\t\t<div class=\"elementor-container elementor-column-gap-default\">\n\t\t\t\t\t<div class=\"elementor-column elementor-col-100 elementor-top-column elementor-element elementor-element-62bebea5\" data-id=\"62bebea5\" data-element_type=\"column\">\n\t\t\t<div class=\"elementor-widget-wrap elementor-element-populated\">\n\t\t\t\t\t\t<div class=\"elementor-element elementor-element-50f81af0 elementor-widget elementor-widget-heading\" data-id=\"50f81af0\" data-element_type=\"widget\" data-widget_type=\"heading.default\">\n\t\t\t\t<div class=\"elementor-widget-container\">\n\t\t\t<h2 class=\"elementor-heading-title elementor-size-default\">Galeri\u0301a Yusto\/Giner<\/h2>\t\t<\/div>\n\t\t\t\t<\/div>\n\t\t\t\t\t<\/div>\n\t\t<\/div>\n\t\t\t\t\t<\/div>\n\t\t<\/section>\n\t\t\t\t<section class=\"elementor-section elementor-top-section elementor-element elementor-element-1873d003 elementor-section-boxed elementor-section-height-default elementor-section-height-default\" data-id=\"1873d003\" data-element_type=\"section\">\n\t\t\t\t\t\t<div class=\"elementor-container elementor-column-gap-default\">\n\t\t\t\t\t<div class=\"elementor-column elementor-col-100 elementor-top-column elementor-element elementor-element-41c237d2\" data-id=\"41c237d2\" data-element_type=\"column\">\n\t\t\t<div class=\"elementor-widget-wrap elementor-element-populated\">\n\t\t\t\t\t\t<div class=\"elementor-element elementor-element-3b9d0d0b elementor-widget-divider--view-line elementor-widget elementor-widget-divider\" data-id=\"3b9d0d0b\" data-element_type=\"widget\" data-widget_type=\"divider.default\">\n\t\t\t\t<div class=\"elementor-widget-container\">\n\t\t\t\t\t<div class=\"elementor-divider\">\n\t\t\t<span class=\"elementor-divider-separator\">\n\t\t\t\t\t\t<\/span>\n\t\t<\/div>\n\t\t\t\t<\/div>\n\t\t\t\t<\/div>\n\t\t\t\t\t<\/div>\n\t\t<\/div>\n\t\t\t\t\t<\/div>\n\t\t<\/section>\n\t\t\t\t<section class=\"elementor-section elementor-top-section elementor-element elementor-element-41488399 elementor-section-boxed elementor-section-height-default elementor-section-height-default\" data-id=\"41488399\" data-element_type=\"section\">\n\t\t\t\t\t\t<div class=\"elementor-container elementor-column-gap-default\">\n\t\t\t\t\t<div class=\"elementor-column elementor-col-16 elementor-top-column elementor-element elementor-element-69ff2471\" data-id=\"69ff2471\" data-element_type=\"column\">\n\t\t\t<div class=\"elementor-widget-wrap elementor-element-populated\">\n\t\t\t\t\t\t<div class=\"elementor-element elementor-element-6d57c588 elementor-widget elementor-widget-text-editor\" data-id=\"6d57c588\" data-element_type=\"widget\" data-widget_type=\"text-editor.default\">\n\t\t\t\t<div class=\"elementor-widget-container\">\n\t\t\t\t\t\t\t<p>Info:<\/p>\t\t\t\t\t\t<\/div>\n\t\t\t\t<\/div>\n\t\t\t\t<div class=\"elementor-element elementor-element-e87bb98 elementor-widget elementor-widget-text-editor\" data-id=\"e87bb98\" data-element_type=\"widget\" data-widget_type=\"text-editor.default\">\n\t\t\t\t<div class=\"elementor-widget-container\">\n\t\t\t\t\t\t\t<p>C\/ Madera 9 <br \/>29603 Marbella<\/p><p><a href=\"mailto:galeria@yusto-giner.com\" target=\"_blank\" rel=\"noopener\">galeria@yusto-giner.com<\/a><br \/><a href=\"http:\/\/www.yusto-giner.com\" target=\"_blank\" rel=\"noopener\">www.yusto-giner.com<\/a><\/p><p>T. +34 95 150 70 53<\/p><p><a href=\"http:\/\/www.facebook.com\/galeria.yustoginer\" target=\"_blank\" rel=\"noopener\">Facebook<\/a><br \/><a href=\"http:\/\/instagram.com\/galeriayustoginer\" target=\"_blank\" rel=\"noopener\">Instagram<\/a><br \/><a href=\"http:\/\/www.twitter.com\/yustoginer\" target=\"_blank\" rel=\"noopener\">Twitter<\/a><\/p>\t\t\t\t\t\t<\/div>\n\t\t\t\t<\/div>\n\t\t\t\t\t<\/div>\n\t\t<\/div>\n\t\t\t\t<div class=\"elementor-column elementor-col-16 elementor-top-column elementor-element elementor-element-40dd3e02\" data-id=\"40dd3e02\" data-element_type=\"column\">\n\t\t\t<div class=\"elementor-widget-wrap elementor-element-populated\">\n\t\t\t\t\t\t<div class=\"elementor-element elementor-element-eb0d164 elementor-widget elementor-widget-text-editor\" data-id=\"eb0d164\" data-element_type=\"widget\" data-widget_type=\"text-editor.default\">\n\t\t\t\t<div class=\"elementor-widget-container\">\n\t\t\t\t\t\t\t<p>Director\/Directora:<\/p>\t\t\t\t\t\t<\/div>\n\t\t\t\t<\/div>\n\t\t\t\t<div class=\"elementor-element elementor-element-4e6b772 elementor-widget elementor-widget-text-editor\" data-id=\"4e6b772\" data-element_type=\"widget\" data-widget_type=\"text-editor.default\">\n\t\t\t\t<div class=\"elementor-widget-container\">\n\t\t\t\t\t\t\t<p>Mar\u00eda Rodr\u00edguez<br \/><br \/><\/p>\t\t\t\t\t\t<\/div>\n\t\t\t\t<\/div>\n\t\t\t\t\t<\/div>\n\t\t<\/div>\n\t\t\t\t<div class=\"elementor-column elementor-col-16 elementor-top-column elementor-element elementor-element-70142999\" data-id=\"70142999\" data-element_type=\"column\">\n\t\t\t<div class=\"elementor-widget-wrap elementor-element-populated\">\n\t\t\t\t\t\t<div class=\"elementor-element elementor-element-5e843078 elementor-widget elementor-widget-text-editor\" data-id=\"5e843078\" data-element_type=\"widget\" data-widget_type=\"text-editor.default\">\n\t\t\t\t<div class=\"elementor-widget-container\">\n\t\t\t\t\t\t\t<p>Artistas en Estampa 2022:<\/p>\t\t\t\t\t\t<\/div>\n\t\t\t\t<\/div>\n\t\t\t\t<div class=\"elementor-element elementor-element-2c7df03 elementor-widget elementor-widget-text-editor\" data-id=\"2c7df03\" data-element_type=\"widget\" data-widget_type=\"text-editor.default\">\n\t\t\t\t<div class=\"elementor-widget-container\">\n\t\t\t\t\t\t\t<p>Miguel B<\/p><p>Fran Baena<\/p><p>Juan de la Rica<\/p><p>Almudena Lanceolada<\/p><p>Pow Martinez<\/p><p>Daniel N\u00fa\u00f1ez<\/p><p>Miguel Scheroff<\/p><p>Laura Vin\u00f3s<\/p>\t\t\t\t\t\t<\/div>\n\t\t\t\t<\/div>\n\t\t\t\t\t<\/div>\n\t\t<\/div>\n\t\t\t\t<div class=\"elementor-column elementor-col-16 elementor-top-column elementor-element elementor-element-bce35bd\" data-id=\"bce35bd\" data-element_type=\"column\">\n\t\t\t<div class=\"elementor-widget-wrap elementor-element-populated\">\n\t\t\t\t\t\t<div class=\"elementor-element elementor-element-9eeb035 elementor-widget elementor-widget-text-editor\" data-id=\"9eeb035\" data-element_type=\"widget\" data-widget_type=\"text-editor.default\">\n\t\t\t\t<div class=\"elementor-widget-container\">\n\t\t\t\t\t\t\t<p>Artistas de la galer\u00eda:<\/p>\t\t\t\t\t\t<\/div>\n\t\t\t\t<\/div>\n\t\t\t\t<div class=\"elementor-element elementor-element-cfa4356 elementor-widget elementor-widget-text-editor\" data-id=\"cfa4356\" data-element_type=\"widget\" data-widget_type=\"text-editor.default\">\n\t\t\t\t<div class=\"elementor-widget-container\">\n\t\t\t\t\t\t\t<p>Los Brav\u00fa<\/p><p>Miguel B<\/p><p>\u00c1ngeles Agrela<\/p><p>Julio Anaya Cabanding<\/p><p>Fran Baena<\/p><p>Eduardo Balanza<\/p><p>Ana Barriga<\/p><p>Imon Boy<\/p><p>Juan de la Rica<\/p><p>Bertrand Fournier<\/p><p>Gabrielle Graessle<\/p><p>Emmanuel Lafont<\/p><p>Almudena Lanceolada<\/p><p>Manuel Le\u00f3n<\/p><p>Ricardo Le\u00f3n<\/p><p>Yann Leto<\/p><p>Victoria Maldonado<\/p><p>Pow Martinez<\/p><p>Daniel N\u00fa\u00f1ez<\/p><p>Carlos Pesudo<\/p><p>Marr\u00eda Pratts<\/p><p>Isabel Rosado<\/p><p>Miguel Scheroff<\/p><p>Laura Vin\u00f3s<\/p>\t\t\t\t\t\t<\/div>\n\t\t\t\t<\/div>\n\t\t\t\t\t<\/div>\n\t\t<\/div>\n\t\t\t\t<div class=\"elementor-column elementor-col-16 elementor-top-column elementor-element elementor-element-3ad17461\" data-id=\"3ad17461\" data-element_type=\"column\">\n\t\t\t<div class=\"elementor-widget-wrap\">\n\t\t\t\t\t\t\t<\/div>\n\t\t<\/div>\n\t\t\t\t<div class=\"elementor-column elementor-col-16 elementor-top-column elementor-element elementor-element-3b6c53c5\" data-id=\"3b6c53c5\" data-element_type=\"column\">\n\t\t\t<div class=\"elementor-widget-wrap\">\n\t\t\t\t\t\t\t<\/div>\n\t\t<\/div>\n\t\t\t\t\t<\/div>\n\t\t<\/section>\n\t\t\t\t<section class=\"elementor-section elementor-top-section elementor-element elementor-element-69c7a1ce elementor-section-boxed elementor-section-height-default elementor-section-height-default\" data-id=\"69c7a1ce\" data-element_type=\"section\">\n\t\t\t\t\t\t<div class=\"elementor-container elementor-column-gap-default\">\n\t\t\t\t\t<div class=\"elementor-column elementor-col-100 elementor-top-column elementor-element elementor-element-512ac58\" data-id=\"512ac58\" data-element_type=\"column\">\n\t\t\t<div class=\"elementor-widget-wrap elementor-element-populated\">\n\t\t\t\t\t\t<div class=\"elementor-element elementor-element-59812338 elementor-widget-divider--view-line elementor-widget elementor-widget-divider\" data-id=\"59812338\" data-element_type=\"widget\" data-widget_type=\"divider.default\">\n\t\t\t\t<div class=\"elementor-widget-container\">\n\t\t\t\t\t<div class=\"elementor-divider\">\n\t\t\t<span class=\"elementor-divider-separator\">\n\t\t\t\t\t\t<\/span>\n\t\t<\/div>\n\t\t\t\t<\/div>\n\t\t\t\t<\/div>\n\t\t\t\t<div class=\"elementor-element elementor-element-73ec078f elementor-widget elementor-widget-heading\" data-id=\"73ec078f\" data-element_type=\"widget\" data-widget_type=\"heading.default\">\n\t\t\t\t<div class=\"elementor-widget-container\">\n\t\t\t<h2 class=\"elementor-heading-title elementor-size-default\">Cat\u00e1logo<\/h2>\t\t<\/div>\n\t\t\t\t<\/div>\n\t\t\t\t\t<\/div>\n\t\t<\/div>\n\t\t\t\t\t<\/div>\n\t\t<\/section>\n\t\t\t\t<section class=\"elementor-section elementor-top-section elementor-element elementor-element-79e0b3a elementor-section-boxed elementor-section-height-default elementor-section-height-default\" data-id=\"79e0b3a\" data-element_type=\"section\">\n\t\t\t\t\t\t<div class=\"elementor-container elementor-column-gap-default\">\n\t\t\t\t\t<div class=\"elementor-column elementor-col-100 elementor-top-column elementor-element elementor-element-4ade74b\" data-id=\"4ade74b\" data-element_type=\"column\">\n\t\t\t<div class=\"elementor-widget-wrap elementor-element-populated\">\n\t\t\t\t\t\t<div class=\"elementor-element elementor-element-e3f565a elementor-widget elementor-widget-posts-grid-builder\" data-id=\"e3f565a\" data-element_type=\"widget\" data-widget_type=\"posts-grid-builder.default\">\n\t\t\t\t<div class=\"elementor-widget-container\">\n\t\t\t<div class='jgb_posts-grid-builder-container'>\r\n<script type=\"text\/x-template\" class=\"jgb_item-template\">\r\n\t<div class=\"jgb_item jgb_item-jet-listing\"\r\n\t\t :class=\"`jet-listing-dynamic-post-${itemData.id}`\"\r\n\t\t v-html=\"itemData.content\"\r\n\t><\/div>\r\n<\/script><div class=\"posts-grid-builder\" id=\"inst_e3f565a\" data-settings=\"{&quot;posts&quot;:&quot;11413,11402,11352,11366,11386,11330&quot;,&quot;layout_data&quot;:&quot;[{\\&quot;id\\&quot;:11386,\\&quot;hidden\\&quot;:false,\\&quot;pinned\\&quot;:false,\\&quot;position\\&quot;:{\\&quot;x\\&quot;:8,\\&quot;y\\&quot;:14,\\&quot;w\\&quot;:6,\\&quot;h\\&quot;:15}},{\\&quot;id\\&quot;:11413,\\&quot;hidden\\&quot;:false,\\&quot;pinned\\&quot;:false,\\&quot;position\\&quot;:{\\&quot;x\\&quot;:0,\\&quot;y\\&quot;:0,\\&quot;w\\&quot;:6,\\&quot;h\\&quot;:15}},{\\&quot;id\\&quot;:11402,\\&quot;hidden\\&quot;:false,\\&quot;pinned\\&quot;:false,\\&quot;position\\&quot;:{\\&quot;x\\&quot;:8,\\&quot;y\\&quot;:0,\\&quot;w\\&quot;:8,\\&quot;h\\&quot;:14}},{\\&quot;id\\&quot;:11352,\\&quot;hidden\\&quot;:false,\\&quot;pinned\\&quot;:false,\\&quot;position\\&quot;:{\\&quot;x\\&quot;:16,\\&quot;y\\&quot;:0,\\&quot;w\\&quot;:8,\\&quot;h\\&quot;:12}},{\\&quot;id\\&quot;:11330,\\&quot;hidden\\&quot;:false,\\&quot;pinned\\&quot;:false,\\&quot;position\\&quot;:{\\&quot;x\\&quot;:16,\\&quot;y\\&quot;:14,\\&quot;w\\&quot;:8,\\&quot;h\\&quot;:12}},{\\&quot;id\\&quot;:11366,\\&quot;hidden\\&quot;:false,\\&quot;pinned\\&quot;:false,\\&quot;position\\&quot;:{\\&quot;x\\&quot;:0,\\&quot;y\\&quot;:15,\\&quot;w\\&quot;:8,\\&quot;h\\&quot;:12}}]&quot;,&quot;layout_data_tablet&quot;:&quot;&quot;,&quot;layout_data_mobile&quot;:&quot;[{\\&quot;id\\&quot;:11413,\\&quot;hidden\\&quot;:false,\\&quot;pinned\\&quot;:false,\\&quot;position\\&quot;:{\\&quot;x\\&quot;:0,\\&quot;y\\&quot;:0,\\&quot;w\\&quot;:24,\\&quot;h\\&quot;:32}},{\\&quot;id\\&quot;:11402,\\&quot;hidden\\&quot;:false,\\&quot;pinned\\&quot;:false,\\&quot;position\\&quot;:{\\&quot;x\\&quot;:0,\\&quot;y\\&quot;:32,\\&quot;w\\&quot;:24,\\&quot;h\\&quot;:32}},{\\&quot;id\\&quot;:11352,\\&quot;hidden\\&quot;:false,\\&quot;pinned\\&quot;:false,\\&quot;position\\&quot;:{\\&quot;x\\&quot;:0,\\&quot;y\\&quot;:64,\\&quot;w\\&quot;:24,\\&quot;h\\&quot;:32}},{\\&quot;id\\&quot;:11366,\\&quot;hidden\\&quot;:false,\\&quot;pinned\\&quot;:false,\\&quot;position\\&quot;:{\\&quot;x\\&quot;:0,\\&quot;y\\&quot;:96,\\&quot;w\\&quot;:24,\\&quot;h\\&quot;:32}},{\\&quot;id\\&quot;:11386,\\&quot;hidden\\&quot;:false,\\&quot;pinned\\&quot;:false,\\&quot;position\\&quot;:{\\&quot;x\\&quot;:0,\\&quot;y\\&quot;:128,\\&quot;w\\&quot;:24,\\&quot;h\\&quot;:32}},{\\&quot;id\\&quot;:11330,\\&quot;hidden\\&quot;:false,\\&quot;pinned\\&quot;:false,\\&quot;position\\&quot;:{\\&quot;x\\&quot;:0,\\&quot;y\\&quot;:160,\\&quot;w\\&quot;:24,\\&quot;h\\&quot;:32}}]&quot;,&quot;colNum&quot;:24,&quot;gutter&quot;:0,&quot;gutter_tablet&quot;:&quot;&quot;,&quot;gutter_mobile&quot;:&quot;&quot;,&quot;vertical_compact&quot;:&quot;&quot;,&quot;items_type&quot;:&quot;jetengine_listing&quot;,&quot;woo_items_type&quot;:&quot;default&quot;,&quot;jetengine_listing_id&quot;:167,&quot;jet_woo_builder_archive_id&quot;:false,&quot;loading_spinner&quot;:&quot;true&quot;,&quot;loading_spinner_media&quot;:&quot;&quot;,&quot;item_style&quot;:&quot;content-overlay&quot;,&quot;item_thumbnail&quot;:&quot;true&quot;,&quot;item_thumbnail_size&quot;:&quot;large&quot;,&quot;item_post_type&quot;:&quot;&quot;,&quot;item_title&quot;:&quot;true&quot;,&quot;item_description&quot;:&quot;auto&quot;,&quot;item_description_words_count&quot;:0,&quot;item_description_words_count_tablet&quot;:15,&quot;item_description_words_count_mobile&quot;:15,&quot;item_post_author&quot;:&quot;&quot;,&quot;item_post_author_prefix&quot;:&quot;By&quot;,&quot;item_post_date&quot;:&quot;&quot;,&quot;item_post_date_prefix&quot;:&quot;Posted&quot;,&quot;item_post_date_format&quot;:&quot;F, j&quot;,&quot;item_divider&quot;:&quot;&quot;,&quot;woocommerce_item_stars_rating&quot;:true,&quot;woocommerce_item_categories&quot;:true,&quot;woocommerce_item_price&quot;:true,&quot;woocommerce_item_add_to_cart&quot;:true,&quot;woocommerce_item_add_to_cart_text&quot;:&quot;Add to cart&quot;}\"><\/div>\r\n<div class=\"jgb_spinner\">\r\n\t<div class=\"jgb_spinner-circle-clip-growing\">\r\n\t\t\t\t\t\t<svg viewBox=\"0 0 50 50\"><circle class=\"path\" cx=\"25\" cy=\"25\" r=\"20\" fill=\"none\" stroke-width=\"5\"><\/circle><\/svg>\r\n\t\t\t\t\t<\/div>\r\n<\/div><\/div>\t\t<\/div>\n\t\t\t\t<\/div>\n\t\t\t\t\t<\/div>\n\t\t<\/div>\n\t\t\t\t\t<\/div>\n\t\t<\/section>\n\t\t\t\t<\/div>\n\t\t","protected":false},"excerpt":{"rendered":"<p>Programa general Info: C\/ Madera 9 29603 Marbella galeria@yusto-giner.comwww.yusto-giner.com T. +34 95 150 70 53 FacebookInstagramTwitter Director\/Directora: Mar\u00eda Rodr\u00edguez Artistas en Estampa 2022: Miguel B Fran Baena Juan de la Rica Almudena Lanceolada Pow Martinez Daniel N\u00fa\u00f1ez Miguel Scheroff Laura Vin\u00f3s Artistas de la galer\u00eda: Los Brav\u00fa Miguel B \u00c1ngeles Agrela Julio Anaya Cabanding Fran [&hellip;]<\/p>\n","protected":false},"author":1,"featured_media":0,"parent":0,"menu_order":0,"comment_status":"closed","ping_status":"closed","template":"","meta":{"footnotes":""},"wf_page_folders":[],"class_list":["post-839","page","type-page","status-publish","hentry"],"yoast_head":"<!-- This site is optimized with the Yoast SEO plugin v22.5 - https:\/\/yoast.com\/wordpress\/plugins\/seo\/ -->\n<title>Galeri\u0301a Yusto\/Giner - Estampa digital<\/title>\n<meta name=\"robots\" content=\"noindex, follow, max-snippet:-1, max-image-preview:large, max-video-preview:-1\" \/>\n<meta property=\"og:locale\" content=\"es_ES\" \/>\n<meta property=\"og:type\" content=\"article\" \/>\n<meta property=\"og:title\" content=\"Galeri\u0301a Yusto\/Giner - Estampa digital\" \/>\n<meta property=\"og:description\" content=\"Programa general Info: C\/ Madera 9 29603 Marbella galeria@yusto-giner.comwww.yusto-giner.com T. +34 95 150 70 53 FacebookInstagramTwitter Director\/Directora: Mar\u00eda Rodr\u00edguez Artistas en Estampa 2022: Miguel B Fran Baena Juan de la Rica Almudena Lanceolada Pow Martinez Daniel N\u00fa\u00f1ez Miguel Scheroff Laura Vin\u00f3s Artistas de la galer\u00eda: Los Brav\u00fa Miguel B \u00c1ngeles Agrela Julio Anaya Cabanding Fran [&hellip;]\" \/>\n<meta property=\"og:url\" content=\"https:\/\/www.ifema.es\/estampa\/catalogo\/galeria-yusto-giner\/\" \/>\n<meta property=\"og:site_name\" content=\"Estampa digital\" \/>\n<meta property=\"article:modified_time\" content=\"2022-10-04T10:55:35+00:00\" \/>\n<meta name=\"twitter:card\" content=\"summary_large_image\" \/>\n<meta name=\"twitter:label1\" content=\"Tiempo de lectura\" \/>\n\t<meta name=\"twitter:data1\" content=\"5 minutos\" \/>\n<script type=\"application\/ld+json\" class=\"yoast-schema-graph\">{\"@context\":\"https:\/\/schema.org\",\"@graph\":[{\"@type\":\"WebPage\",\"@id\":\"https:\/\/www.ifema.es\/estampa\/catalogo\/galeria-yusto-giner\/\",\"url\":\"https:\/\/www.ifema.es\/estampa\/catalogo\/galeria-yusto-giner\/\",\"name\":\"Galeri\u0301a Yusto\/Giner - Estampa digital\",\"isPartOf\":{\"@id\":\"https:\/\/www.ifema.es\/estampa\/catalogo\/#website\"},\"datePublished\":\"2021-03-12T09:55:20+00:00\",\"dateModified\":\"2022-10-04T10:55:35+00:00\",\"breadcrumb\":{\"@id\":\"https:\/\/www.ifema.es\/estampa\/catalogo\/galeria-yusto-giner\/#breadcrumb\"},\"inLanguage\":\"es\",\"potentialAction\":[{\"@type\":\"ReadAction\",\"target\":[\"https:\/\/www.ifema.es\/estampa\/catalogo\/galeria-yusto-giner\/\"]}]},{\"@type\":\"BreadcrumbList\",\"@id\":\"https:\/\/www.ifema.es\/estampa\/catalogo\/galeria-yusto-giner\/#breadcrumb\",\"itemListElement\":[{\"@type\":\"ListItem\",\"position\":1,\"name\":\"Portada\",\"item\":\"https:\/\/www.ifema.es\/estampa\/catalogo\/\"},{\"@type\":\"ListItem\",\"position\":2,\"name\":\"Galeri\u0301a Yusto\/Giner\"}]},{\"@type\":\"WebSite\",\"@id\":\"https:\/\/www.ifema.es\/estampa\/catalogo\/#website\",\"url\":\"https:\/\/www.ifema.es\/estampa\/catalogo\/\",\"name\":\"Estampa digital\",\"description\":\"\",\"potentialAction\":[{\"@type\":\"SearchAction\",\"target\":{\"@type\":\"EntryPoint\",\"urlTemplate\":\"https:\/\/www.ifema.es\/estampa\/catalogo\/?s={search_term_string}\"},\"query-input\":\"required name=search_term_string\"}],\"inLanguage\":\"es\"}]}<\/script>\n<!-- \/ Yoast SEO plugin. -->","yoast_head_json":{"title":"Galeri\u0301a Yusto\/Giner - Estampa digital","robots":{"index":"noindex","follow":"follow","max-snippet":"max-snippet:-1","max-image-preview":"max-image-preview:large","max-video-preview":"max-video-preview:-1"},"og_locale":"es_ES","og_type":"article","og_title":"Galeri\u0301a Yusto\/Giner - Estampa digital","og_description":"Programa general Info: C\/ Madera 9 29603 Marbella galeria@yusto-giner.comwww.yusto-giner.com T. +34 95 150 70 53 FacebookInstagramTwitter Director\/Directora: Mar\u00eda Rodr\u00edguez Artistas en Estampa 2022: Miguel B Fran Baena Juan de la Rica Almudena Lanceolada Pow Martinez Daniel N\u00fa\u00f1ez Miguel Scheroff Laura Vin\u00f3s Artistas de la galer\u00eda: Los Brav\u00fa Miguel B \u00c1ngeles Agrela Julio Anaya Cabanding Fran [&hellip;]","og_url":"https:\/\/www.ifema.es\/estampa\/catalogo\/galeria-yusto-giner\/","og_site_name":"Estampa digital","article_modified_time":"2022-10-04T10:55:35+00:00","twitter_card":"summary_large_image","twitter_misc":{"Tiempo de lectura":"5 minutos"},"schema":{"@context":"https:\/\/schema.org","@graph":[{"@type":"WebPage","@id":"https:\/\/www.ifema.es\/estampa\/catalogo\/galeria-yusto-giner\/","url":"https:\/\/www.ifema.es\/estampa\/catalogo\/galeria-yusto-giner\/","name":"Galeri\u0301a Yusto\/Giner - Estampa digital","isPartOf":{"@id":"https:\/\/www.ifema.es\/estampa\/catalogo\/#website"},"datePublished":"2021-03-12T09:55:20+00:00","dateModified":"2022-10-04T10:55:35+00:00","breadcrumb":{"@id":"https:\/\/www.ifema.es\/estampa\/catalogo\/galeria-yusto-giner\/#breadcrumb"},"inLanguage":"es","potentialAction":[{"@type":"ReadAction","target":["https:\/\/www.ifema.es\/estampa\/catalogo\/galeria-yusto-giner\/"]}]},{"@type":"BreadcrumbList","@id":"https:\/\/www.ifema.es\/estampa\/catalogo\/galeria-yusto-giner\/#breadcrumb","itemListElement":[{"@type":"ListItem","position":1,"name":"Portada","item":"https:\/\/www.ifema.es\/estampa\/catalogo\/"},{"@type":"ListItem","position":2,"name":"Galeri\u0301a Yusto\/Giner"}]},{"@type":"WebSite","@id":"https:\/\/www.ifema.es\/estampa\/catalogo\/#website","url":"https:\/\/www.ifema.es\/estampa\/catalogo\/","name":"Estampa digital","description":"","potentialAction":[{"@type":"SearchAction","target":{"@type":"EntryPoint","urlTemplate":"https:\/\/www.ifema.es\/estampa\/catalogo\/?s={search_term_string}"},"query-input":"required name=search_term_string"}],"inLanguage":"es"}]}},"_links":{"self":[{"href":"https:\/\/www.ifema.es\/estampa\/catalogo\/wp-json\/wp\/v2\/pages\/839","targetHints":{"allow":["GET"]}}],"collection":[{"href":"https:\/\/www.ifema.es\/estampa\/catalogo\/wp-json\/wp\/v2\/pages"}],"about":[{"href":"https:\/\/www.ifema.es\/estampa\/catalogo\/wp-json\/wp\/v2\/types\/page"}],"author":[{"embeddable":true,"href":"https:\/\/www.ifema.es\/estampa\/catalogo\/wp-json\/wp\/v2\/users\/1"}],"replies":[{"embeddable":true,"href":"https:\/\/www.ifema.es\/estampa\/catalogo\/wp-json\/wp\/v2\/comments?post=839"}],"version-history":[{"count":34,"href":"https:\/\/www.ifema.es\/estampa\/catalogo\/wp-json\/wp\/v2\/pages\/839\/revisions"}],"predecessor-version":[{"id":11433,"href":"https:\/\/www.ifema.es\/estampa\/catalogo\/wp-json\/wp\/v2\/pages\/839\/revisions\/11433"}],"wp:attachment":[{"href":"https:\/\/www.ifema.es\/estampa\/catalogo\/wp-json\/wp\/v2\/media?parent=839"}],"wp:term":[{"taxonomy":"wf_page_folders","embeddable":true,"href":"https:\/\/www.ifema.es\/estampa\/catalogo\/wp-json\/wp\/v2\/wf_page_folders?post=839"}],"curies":[{"name":"wp","href":"https:\/\/api.w.org\/{rel}","templated":true}]}}