{"id":21514,"date":"2024-08-09T09:33:43","date_gmt":"2024-08-09T09:33:43","guid":{"rendered":"https:\/\/www.ifema.es\/estampa\/catalogo\/?page_id=21514"},"modified":"2024-10-13T16:16:34","modified_gmt":"2024-10-13T16:16:34","slug":"vanguardia-2024","status":"publish","type":"page","link":"https:\/\/www.ifema.es\/estampa\/catalogo\/vanguardia-2024\/","title":{"rendered":"VANGUARDIA 2024"},"content":{"rendered":"\t\t<div data-elementor-type=\"wp-page\" data-elementor-id=\"21514\" class=\"elementor elementor-21514\" data-elementor-post-type=\"page\">\n\t\t\t\t\t\t<section class=\"elementor-section elementor-top-section elementor-element elementor-element-162ce6eb elementor-section-boxed elementor-section-height-default elementor-section-height-default\" data-id=\"162ce6eb\" data-element_type=\"section\">\n\t\t\t\t\t\t<div class=\"elementor-container elementor-column-gap-default\">\n\t\t\t\t\t<div class=\"elementor-column elementor-col-100 elementor-top-column elementor-element elementor-element-6a04cae\" data-id=\"6a04cae\" data-element_type=\"column\">\n\t\t\t<div class=\"elementor-widget-wrap elementor-element-populated\">\n\t\t\t\t\t\t<div class=\"elementor-element elementor-element-46f19e41 elementor-widget elementor-widget-text-editor\" data-id=\"46f19e41\" data-element_type=\"widget\" data-widget_type=\"text-editor.default\">\n\t\t\t\t<div class=\"elementor-widget-container\">\n\t\t\t\t\t\t\t<p>Programa General<\/p>\t\t\t\t\t\t<\/div>\n\t\t\t\t<\/div>\n\t\t\t\t\t<\/div>\n\t\t<\/div>\n\t\t\t\t\t<\/div>\n\t\t<\/section>\n\t\t\t\t<section class=\"elementor-section elementor-top-section elementor-element elementor-element-30959ff7 elementor-section-boxed elementor-section-height-default elementor-section-height-default\" data-id=\"30959ff7\" data-element_type=\"section\">\n\t\t\t\t\t\t<div class=\"elementor-container elementor-column-gap-default\">\n\t\t\t\t\t<div class=\"elementor-column elementor-col-100 elementor-top-column elementor-element elementor-element-62bebea5\" data-id=\"62bebea5\" data-element_type=\"column\">\n\t\t\t<div class=\"elementor-widget-wrap elementor-element-populated\">\n\t\t\t\t\t\t<div class=\"elementor-element elementor-element-50f81af0 elementor-widget elementor-widget-heading\" data-id=\"50f81af0\" data-element_type=\"widget\" data-widget_type=\"heading.default\">\n\t\t\t\t<div class=\"elementor-widget-container\">\n\t\t\t<h2 class=\"elementor-heading-title elementor-size-default\">VANGUARDIA<\/h2>\t\t<\/div>\n\t\t\t\t<\/div>\n\t\t\t\t\t<\/div>\n\t\t<\/div>\n\t\t\t\t\t<\/div>\n\t\t<\/section>\n\t\t\t\t<section class=\"elementor-section elementor-top-section elementor-element elementor-element-1873d003 elementor-section-boxed elementor-section-height-default elementor-section-height-default\" data-id=\"1873d003\" data-element_type=\"section\">\n\t\t\t\t\t\t<div class=\"elementor-container elementor-column-gap-default\">\n\t\t\t\t\t<div class=\"elementor-column elementor-col-100 elementor-top-column elementor-element elementor-element-41c237d2\" data-id=\"41c237d2\" data-element_type=\"column\">\n\t\t\t<div class=\"elementor-widget-wrap elementor-element-populated\">\n\t\t\t\t\t\t<div class=\"elementor-element elementor-element-3b9d0d0b elementor-widget-divider--view-line elementor-widget elementor-widget-divider\" data-id=\"3b9d0d0b\" data-element_type=\"widget\" data-widget_type=\"divider.default\">\n\t\t\t\t<div class=\"elementor-widget-container\">\n\t\t\t\t\t<div class=\"elementor-divider\">\n\t\t\t<span class=\"elementor-divider-separator\">\n\t\t\t\t\t\t<\/span>\n\t\t<\/div>\n\t\t\t\t<\/div>\n\t\t\t\t<\/div>\n\t\t\t\t\t<\/div>\n\t\t<\/div>\n\t\t\t\t\t<\/div>\n\t\t<\/section>\n\t\t\t\t<section class=\"elementor-section elementor-top-section elementor-element elementor-element-41488399 elementor-section-boxed elementor-section-height-default elementor-section-height-default\" data-id=\"41488399\" data-element_type=\"section\">\n\t\t\t\t\t\t<div class=\"elementor-container elementor-column-gap-default\">\n\t\t\t\t\t<div class=\"elementor-column elementor-col-20 elementor-top-column elementor-element elementor-element-69ff2471\" data-id=\"69ff2471\" data-element_type=\"column\">\n\t\t\t<div class=\"elementor-widget-wrap elementor-element-populated\">\n\t\t\t\t\t\t<div class=\"elementor-element elementor-element-6d57c588 elementor-widget elementor-widget-text-editor\" data-id=\"6d57c588\" data-element_type=\"widget\" data-widget_type=\"text-editor.default\">\n\t\t\t\t<div class=\"elementor-widget-container\">\n\t\t\t\t\t\t\t<p>Info:<\/p>\t\t\t\t\t\t<\/div>\n\t\t\t\t<\/div>\n\t\t\t\t<div class=\"elementor-element elementor-element-e87bb98 elementor-widget elementor-widget-text-editor\" data-id=\"e87bb98\" data-element_type=\"widget\" data-widget_type=\"text-editor.default\">\n\t\t\t\t<div class=\"elementor-widget-container\">\n\t\t\t\t\t\t\t<p>Alda. Mazarredo, 19,\u00a048001,\u00a0Bilbao<\/p><p><a href=\"galeriavanguardia@gmail.com\" target=\"_blank\" rel=\"noopener\">galeriavanguardia@gmail.com<\/a><br \/><a href=\"http:\/\/www.galeriavanguardia.com\">www.galeriavanguardia.com<\/a><\/p><p>T. +34\u00a0944237691<\/p><p>M. +34\u00a0647464995<\/p><p><a href=\"https:\/\/www.facebook.com\/people\/Galer%C3%ADa-Vanguardia\/100057282354792\/\">Facebook<\/a><\/p><p><a href=\"https:\/\/www.instagram.com\/galeriavanguardia\/\">Instagram<\/a><\/p>\t\t\t\t\t\t<\/div>\n\t\t\t\t<\/div>\n\t\t\t\t\t<\/div>\n\t\t<\/div>\n\t\t\t\t<div class=\"elementor-column elementor-col-20 elementor-top-column elementor-element elementor-element-40dd3e02\" data-id=\"40dd3e02\" data-element_type=\"column\">\n\t\t\t<div class=\"elementor-widget-wrap elementor-element-populated\">\n\t\t\t\t\t\t<div class=\"elementor-element elementor-element-eb0d164 elementor-widget elementor-widget-text-editor\" data-id=\"eb0d164\" data-element_type=\"widget\" data-widget_type=\"text-editor.default\">\n\t\t\t\t<div class=\"elementor-widget-container\">\n\t\t\t\t\t\t\t<p>Directores:<\/p>\t\t\t\t\t\t<\/div>\n\t\t\t\t<\/div>\n\t\t\t\t<div class=\"elementor-element elementor-element-4e6b772 elementor-widget elementor-widget-text-editor\" data-id=\"4e6b772\" data-element_type=\"widget\" data-widget_type=\"text-editor.default\">\n\t\t\t\t<div class=\"elementor-widget-container\">\n\t\t\t\t\t\t\t<p>PETRA PEREZ MARZO<\/p><p>CESAR PEDROSA PEREZ<\/p>\t\t\t\t\t\t<\/div>\n\t\t\t\t<\/div>\n\t\t\t\t\t<\/div>\n\t\t<\/div>\n\t\t\t\t<div class=\"elementor-column elementor-col-20 elementor-top-column elementor-element elementor-element-70142999\" data-id=\"70142999\" data-element_type=\"column\">\n\t\t\t<div class=\"elementor-widget-wrap elementor-element-populated\">\n\t\t\t\t\t\t<div class=\"elementor-element elementor-element-5e843078 elementor-widget elementor-widget-text-editor\" data-id=\"5e843078\" data-element_type=\"widget\" data-widget_type=\"text-editor.default\">\n\t\t\t\t<div class=\"elementor-widget-container\">\n\t\t\t\t\t\t\t<p>Artistas en Estampa 2024:<\/p>\t\t\t\t\t\t<\/div>\n\t\t\t\t<\/div>\n\t\t\t\t<div class=\"elementor-element elementor-element-2c7df03 elementor-widget elementor-widget-text-editor\" data-id=\"2c7df03\" data-element_type=\"widget\" data-widget_type=\"text-editor.default\">\n\t\t\t\t<div class=\"elementor-widget-container\">\n\t\t\t\t\t\t\t<p>JOS\u00c9 RAMON SAINZ MORQUILLAS <br \/>MABI REVUELTA <br \/>MABI REVUELTA <br \/>MARISA GONZALEZ <br \/>TXUSPO POYO <br \/>YOSU\u00c9 PENA <\/p>\t\t\t\t\t\t<\/div>\n\t\t\t\t<\/div>\n\t\t\t\t\t<\/div>\n\t\t<\/div>\n\t\t\t\t<div class=\"elementor-column elementor-col-20 elementor-top-column elementor-element elementor-element-bce35bd\" data-id=\"bce35bd\" data-element_type=\"column\">\n\t\t\t<div class=\"elementor-widget-wrap elementor-element-populated\">\n\t\t\t\t\t\t<div class=\"elementor-element elementor-element-9eeb035 elementor-widget elementor-widget-text-editor\" data-id=\"9eeb035\" data-element_type=\"widget\" data-widget_type=\"text-editor.default\">\n\t\t\t\t<div class=\"elementor-widget-container\">\n\t\t\t\t\t\t\t<p>Artistas de la galer\u00eda:<\/p>\t\t\t\t\t\t<\/div>\n\t\t\t\t<\/div>\n\t\t\t\t<div class=\"elementor-element elementor-element-cfa4356 elementor-widget elementor-widget-text-editor\" data-id=\"cfa4356\" data-element_type=\"widget\" data-widget_type=\"text-editor.default\">\n\t\t\t\t<div class=\"elementor-widget-container\">\n\t\t\t\t\t\t\t<p>ALFONSO BATALLA <br \/>ASUNCION GOIKOETXEA <br \/>AYA ELIAV <br \/>BEGO\u00d1A USAOLA <br \/>BEGO\u00d1A ZUBERO <br \/>GENTZ DEL VALLE <br \/>I\u00d1AKI DE LA FUENTE <br \/>JAVIER PEREZ <br \/>JOSE MANUEL BALLESTER <br \/>JOSE RAMON ANDA <br \/>JOS\u00c9 RAM\u00d3N S. MORQUILLAS <br \/>JOS\u00c9 ZUGASTI <br \/>MABI REVUELTA <br \/>MARISA GONZALEZ <br \/>TXUSPO POYO <br \/>YOSU\u00c9 PENA <\/p>\t\t\t\t\t\t<\/div>\n\t\t\t\t<\/div>\n\t\t\t\t\t<\/div>\n\t\t<\/div>\n\t\t\t\t<div class=\"elementor-column elementor-col-20 elementor-top-column elementor-element elementor-element-3b6c53c5\" data-id=\"3b6c53c5\" data-element_type=\"column\">\n\t\t\t<div class=\"elementor-widget-wrap\">\n\t\t\t\t\t\t\t<\/div>\n\t\t<\/div>\n\t\t\t\t\t<\/div>\n\t\t<\/section>\n\t\t\t\t<section class=\"elementor-section elementor-top-section elementor-element elementor-element-69c7a1ce elementor-section-boxed elementor-section-height-default elementor-section-height-default\" data-id=\"69c7a1ce\" data-element_type=\"section\">\n\t\t\t\t\t\t<div class=\"elementor-container elementor-column-gap-default\">\n\t\t\t\t\t<div class=\"elementor-column elementor-col-100 elementor-top-column elementor-element elementor-element-512ac58\" data-id=\"512ac58\" data-element_type=\"column\">\n\t\t\t<div class=\"elementor-widget-wrap elementor-element-populated\">\n\t\t\t\t\t\t<div class=\"elementor-element elementor-element-59812338 elementor-widget-divider--view-line elementor-widget elementor-widget-divider\" data-id=\"59812338\" data-element_type=\"widget\" data-widget_type=\"divider.default\">\n\t\t\t\t<div class=\"elementor-widget-container\">\n\t\t\t\t\t<div class=\"elementor-divider\">\n\t\t\t<span class=\"elementor-divider-separator\">\n\t\t\t\t\t\t<\/span>\n\t\t<\/div>\n\t\t\t\t<\/div>\n\t\t\t\t<\/div>\n\t\t\t\t<div class=\"elementor-element elementor-element-73ec078f elementor-widget elementor-widget-heading\" data-id=\"73ec078f\" data-element_type=\"widget\" data-widget_type=\"heading.default\">\n\t\t\t\t<div class=\"elementor-widget-container\">\n\t\t\t<h2 class=\"elementor-heading-title elementor-size-default\">Cat\u00e1logo<\/h2>\t\t<\/div>\n\t\t\t\t<\/div>\n\t\t\t\t\t<\/div>\n\t\t<\/div>\n\t\t\t\t\t<\/div>\n\t\t<\/section>\n\t\t\t\t<section class=\"elementor-section elementor-top-section elementor-element elementor-element-d6db5f8 elementor-section-boxed elementor-section-height-default elementor-section-height-default\" data-id=\"d6db5f8\" data-element_type=\"section\">\n\t\t\t\t\t\t<div class=\"elementor-container elementor-column-gap-default\">\n\t\t\t\t\t<div class=\"elementor-column elementor-col-100 elementor-top-column elementor-element elementor-element-61c4be3\" data-id=\"61c4be3\" data-element_type=\"column\">\n\t\t\t<div class=\"elementor-widget-wrap elementor-element-populated\">\n\t\t\t\t\t\t<div class=\"elementor-element elementor-element-bfa36e1 elementor-widget elementor-widget-posts-grid-builder\" data-id=\"bfa36e1\" data-element_type=\"widget\" data-widget_type=\"posts-grid-builder.default\">\n\t\t\t\t<div class=\"elementor-widget-container\">\n\t\t\t<div class='jgb_posts-grid-builder-container'>\r\n<script type=\"text\/x-template\" class=\"jgb_item-template\">\r\n\t<div class=\"jgb_item jgb_item-jet-listing\"\r\n\t\t :class=\"`jet-listing-dynamic-post-${itemData.id}`\"\r\n\t\t v-html=\"itemData.content\"\r\n\t><\/div>\r\n<\/script><div class=\"posts-grid-builder\" id=\"inst_bfa36e1\" data-settings=\"{&quot;posts&quot;:&quot;24472,24471,24470,24469,24468,24467&quot;,&quot;layout_data&quot;:&quot;[{\\&quot;id\\&quot;:24472,\\&quot;hidden\\&quot;:false,\\&quot;pinned\\&quot;:false,\\&quot;position\\&quot;:{\\&quot;x\\&quot;:0,\\&quot;y\\&quot;:0,\\&quot;w\\&quot;:8,\\&quot;h\\&quot;:12}},{\\&quot;id\\&quot;:24471,\\&quot;hidden\\&quot;:false,\\&quot;pinned\\&quot;:false,\\&quot;position\\&quot;:{\\&quot;x\\&quot;:8,\\&quot;y\\&quot;:0,\\&quot;w\\&quot;:8,\\&quot;h\\&quot;:12}},{\\&quot;id\\&quot;:24470,\\&quot;hidden\\&quot;:false,\\&quot;pinned\\&quot;:false,\\&quot;position\\&quot;:{\\&quot;x\\&quot;:16,\\&quot;y\\&quot;:0,\\&quot;w\\&quot;:8,\\&quot;h\\&quot;:12}},{\\&quot;id\\&quot;:24469,\\&quot;hidden\\&quot;:false,\\&quot;pinned\\&quot;:false,\\&quot;position\\&quot;:{\\&quot;x\\&quot;:0,\\&quot;y\\&quot;:12,\\&quot;w\\&quot;:8,\\&quot;h\\&quot;:12}},{\\&quot;id\\&quot;:24468,\\&quot;hidden\\&quot;:false,\\&quot;pinned\\&quot;:false,\\&quot;position\\&quot;:{\\&quot;x\\&quot;:8,\\&quot;y\\&quot;:12,\\&quot;w\\&quot;:8,\\&quot;h\\&quot;:12}},{\\&quot;id\\&quot;:24467,\\&quot;hidden\\&quot;:false,\\&quot;pinned\\&quot;:false,\\&quot;position\\&quot;:{\\&quot;x\\&quot;:16,\\&quot;y\\&quot;:12,\\&quot;w\\&quot;:8,\\&quot;h\\&quot;:12}}]&quot;,&quot;layout_data_tablet&quot;:&quot;[{\\&quot;id\\&quot;:24472,\\&quot;hidden\\&quot;:false,\\&quot;pinned\\&quot;:false,\\&quot;position\\&quot;:{\\&quot;x\\&quot;:0,\\&quot;y\\&quot;:0,\\&quot;w\\&quot;:12,\\&quot;h\\&quot;:15}},{\\&quot;id\\&quot;:24471,\\&quot;hidden\\&quot;:false,\\&quot;pinned\\&quot;:false,\\&quot;position\\&quot;:{\\&quot;x\\&quot;:12,\\&quot;y\\&quot;:0,\\&quot;w\\&quot;:12,\\&quot;h\\&quot;:15}},{\\&quot;id\\&quot;:24470,\\&quot;hidden\\&quot;:false,\\&quot;pinned\\&quot;:false,\\&quot;position\\&quot;:{\\&quot;x\\&quot;:0,\\&quot;y\\&quot;:15,\\&quot;w\\&quot;:12,\\&quot;h\\&quot;:15}},{\\&quot;id\\&quot;:24469,\\&quot;hidden\\&quot;:false,\\&quot;pinned\\&quot;:false,\\&quot;position\\&quot;:{\\&quot;x\\&quot;:12,\\&quot;y\\&quot;:15,\\&quot;w\\&quot;:12,\\&quot;h\\&quot;:15}},{\\&quot;id\\&quot;:24468,\\&quot;hidden\\&quot;:false,\\&quot;pinned\\&quot;:false,\\&quot;position\\&quot;:{\\&quot;x\\&quot;:0,\\&quot;y\\&quot;:30,\\&quot;w\\&quot;:12,\\&quot;h\\&quot;:15}},{\\&quot;id\\&quot;:24467,\\&quot;hidden\\&quot;:false,\\&quot;pinned\\&quot;:false,\\&quot;position\\&quot;:{\\&quot;x\\&quot;:12,\\&quot;y\\&quot;:30,\\&quot;w\\&quot;:12,\\&quot;h\\&quot;:15}}]&quot;,&quot;layout_data_mobile&quot;:&quot;[{\\&quot;id\\&quot;:24472,\\&quot;hidden\\&quot;:false,\\&quot;pinned\\&quot;:false,\\&quot;position\\&quot;:{\\&quot;x\\&quot;:0,\\&quot;y\\&quot;:0,\\&quot;w\\&quot;:24,\\&quot;h\\&quot;:32}},{\\&quot;id\\&quot;:24471,\\&quot;hidden\\&quot;:false,\\&quot;pinned\\&quot;:false,\\&quot;position\\&quot;:{\\&quot;x\\&quot;:0,\\&quot;y\\&quot;:32,\\&quot;w\\&quot;:24,\\&quot;h\\&quot;:32}},{\\&quot;id\\&quot;:24470,\\&quot;hidden\\&quot;:false,\\&quot;pinned\\&quot;:false,\\&quot;position\\&quot;:{\\&quot;x\\&quot;:0,\\&quot;y\\&quot;:64,\\&quot;w\\&quot;:24,\\&quot;h\\&quot;:32}},{\\&quot;id\\&quot;:24469,\\&quot;hidden\\&quot;:false,\\&quot;pinned\\&quot;:false,\\&quot;position\\&quot;:{\\&quot;x\\&quot;:0,\\&quot;y\\&quot;:96,\\&quot;w\\&quot;:24,\\&quot;h\\&quot;:32}},{\\&quot;id\\&quot;:24468,\\&quot;hidden\\&quot;:false,\\&quot;pinned\\&quot;:false,\\&quot;position\\&quot;:{\\&quot;x\\&quot;:0,\\&quot;y\\&quot;:128,\\&quot;w\\&quot;:24,\\&quot;h\\&quot;:32}},{\\&quot;id\\&quot;:24467,\\&quot;hidden\\&quot;:false,\\&quot;pinned\\&quot;:false,\\&quot;position\\&quot;:{\\&quot;x\\&quot;:0,\\&quot;y\\&quot;:160,\\&quot;w\\&quot;:24,\\&quot;h\\&quot;:32}}]&quot;,&quot;colNum&quot;:24,&quot;gutter&quot;:0,&quot;gutter_tablet&quot;:&quot;&quot;,&quot;gutter_mobile&quot;:&quot;&quot;,&quot;vertical_compact&quot;:&quot;&quot;,&quot;items_type&quot;:&quot;jetengine_listing&quot;,&quot;woo_items_type&quot;:&quot;default&quot;,&quot;jetengine_listing_id&quot;:167,&quot;jet_woo_builder_archive_id&quot;:false,&quot;loading_spinner&quot;:&quot;true&quot;,&quot;loading_spinner_media&quot;:&quot;&quot;,&quot;item_style&quot;:&quot;content-overlay&quot;,&quot;item_thumbnail&quot;:&quot;true&quot;,&quot;item_thumbnail_size&quot;:&quot;large&quot;,&quot;item_post_type&quot;:&quot;&quot;,&quot;item_title&quot;:&quot;true&quot;,&quot;item_description&quot;:&quot;auto&quot;,&quot;item_description_words_count&quot;:0,&quot;item_description_words_count_tablet&quot;:15,&quot;item_description_words_count_mobile&quot;:15,&quot;item_post_author&quot;:&quot;&quot;,&quot;item_post_author_prefix&quot;:&quot;By&quot;,&quot;item_post_date&quot;:&quot;&quot;,&quot;item_post_date_prefix&quot;:&quot;Posted&quot;,&quot;item_post_date_format&quot;:&quot;F, j&quot;,&quot;item_divider&quot;:&quot;&quot;,&quot;woocommerce_item_stars_rating&quot;:true,&quot;woocommerce_item_categories&quot;:true,&quot;woocommerce_item_price&quot;:true,&quot;woocommerce_item_add_to_cart&quot;:true,&quot;woocommerce_item_add_to_cart_text&quot;:&quot;Add to cart&quot;}\"><\/div>\r\n<div class=\"jgb_spinner\">\r\n\t<div class=\"jgb_spinner-circle-clip-growing\">\r\n\t\t\t\t\t\t<svg viewBox=\"0 0 50 50\"><circle class=\"path\" cx=\"25\" cy=\"25\" r=\"20\" fill=\"none\" stroke-width=\"5\"><\/circle><\/svg>\r\n\t\t\t\t\t<\/div>\r\n<\/div><\/div>\t\t<\/div>\n\t\t\t\t<\/div>\n\t\t\t\t\t<\/div>\n\t\t<\/div>\n\t\t\t\t\t<\/div>\n\t\t<\/section>\n\t\t\t\t<\/div>\n\t\t","protected":false},"excerpt":{"rendered":"<p>Programa General VANGUARDIA Info: Alda. Mazarredo, 19,\u00a048001,\u00a0Bilbao galeriavanguardia@gmail.comwww.galeriavanguardia.com T. +34\u00a0944237691 M. +34\u00a0647464995 Facebook Instagram Directores: PETRA PEREZ MARZO CESAR PEDROSA PEREZ Artistas en Estampa 2024: JOS\u00c9 RAMON SAINZ MORQUILLAS MABI REVUELTA MABI REVUELTA MARISA GONZALEZ TXUSPO POYO YOSU\u00c9 PENA Artistas de la galer\u00eda: ALFONSO BATALLA ASUNCION GOIKOETXEA AYA ELIAV BEGO\u00d1A USAOLA BEGO\u00d1A ZUBERO GENTZ DEL [&hellip;]<\/p>\n","protected":false},"author":3,"featured_media":0,"parent":0,"menu_order":0,"comment_status":"closed","ping_status":"closed","template":"","meta":{"footnotes":""},"wf_page_folders":[15,16],"class_list":["post-21514","page","type-page","status-publish","hentry"],"yoast_head":"<!-- This site is optimized with the Yoast SEO plugin v22.5 - https:\/\/yoast.com\/wordpress\/plugins\/seo\/ -->\n<title>VANGUARDIA 2024 - Estampa digital<\/title>\n<meta name=\"robots\" content=\"noindex, follow, max-snippet:-1, max-image-preview:large, max-video-preview:-1\" \/>\n<meta property=\"og:locale\" content=\"es_ES\" \/>\n<meta property=\"og:type\" content=\"article\" \/>\n<meta property=\"og:title\" content=\"VANGUARDIA 2024 - Estampa digital\" \/>\n<meta property=\"og:description\" content=\"Programa General VANGUARDIA Info: Alda. Mazarredo, 19,\u00a048001,\u00a0Bilbao galeriavanguardia@gmail.comwww.galeriavanguardia.com T. +34\u00a0944237691 M. +34\u00a0647464995 Facebook Instagram Directores: PETRA PEREZ MARZO CESAR PEDROSA PEREZ Artistas en Estampa 2024: JOS\u00c9 RAMON SAINZ MORQUILLAS MABI REVUELTA MABI REVUELTA MARISA GONZALEZ TXUSPO POYO YOSU\u00c9 PENA Artistas de la galer\u00eda: ALFONSO BATALLA ASUNCION GOIKOETXEA AYA ELIAV BEGO\u00d1A USAOLA BEGO\u00d1A ZUBERO GENTZ DEL [&hellip;]\" \/>\n<meta property=\"og:url\" content=\"https:\/\/www.ifema.es\/estampa\/catalogo\/vanguardia-2024\/\" \/>\n<meta property=\"og:site_name\" content=\"Estampa digital\" \/>\n<meta property=\"article:modified_time\" content=\"2024-10-13T16:16:34+00:00\" \/>\n<meta name=\"twitter:card\" content=\"summary_large_image\" \/>\n<meta name=\"twitter:label1\" content=\"Tiempo de lectura\" \/>\n\t<meta name=\"twitter:data1\" content=\"2 minutos\" \/>\n<script type=\"application\/ld+json\" class=\"yoast-schema-graph\">{\"@context\":\"https:\/\/schema.org\",\"@graph\":[{\"@type\":\"WebPage\",\"@id\":\"https:\/\/www.ifema.es\/estampa\/catalogo\/vanguardia-2024\/\",\"url\":\"https:\/\/www.ifema.es\/estampa\/catalogo\/vanguardia-2024\/\",\"name\":\"VANGUARDIA 2024 - Estampa digital\",\"isPartOf\":{\"@id\":\"https:\/\/www.ifema.es\/estampa\/catalogo\/#website\"},\"datePublished\":\"2024-08-09T09:33:43+00:00\",\"dateModified\":\"2024-10-13T16:16:34+00:00\",\"breadcrumb\":{\"@id\":\"https:\/\/www.ifema.es\/estampa\/catalogo\/vanguardia-2024\/#breadcrumb\"},\"inLanguage\":\"es\",\"potentialAction\":[{\"@type\":\"ReadAction\",\"target\":[\"https:\/\/www.ifema.es\/estampa\/catalogo\/vanguardia-2024\/\"]}]},{\"@type\":\"BreadcrumbList\",\"@id\":\"https:\/\/www.ifema.es\/estampa\/catalogo\/vanguardia-2024\/#breadcrumb\",\"itemListElement\":[{\"@type\":\"ListItem\",\"position\":1,\"name\":\"Portada\",\"item\":\"https:\/\/www.ifema.es\/estampa\/catalogo\/\"},{\"@type\":\"ListItem\",\"position\":2,\"name\":\"VANGUARDIA 2024\"}]},{\"@type\":\"WebSite\",\"@id\":\"https:\/\/www.ifema.es\/estampa\/catalogo\/#website\",\"url\":\"https:\/\/www.ifema.es\/estampa\/catalogo\/\",\"name\":\"Estampa digital\",\"description\":\"\",\"potentialAction\":[{\"@type\":\"SearchAction\",\"target\":{\"@type\":\"EntryPoint\",\"urlTemplate\":\"https:\/\/www.ifema.es\/estampa\/catalogo\/?s={search_term_string}\"},\"query-input\":\"required name=search_term_string\"}],\"inLanguage\":\"es\"}]}<\/script>\n<!-- \/ Yoast SEO plugin. -->","yoast_head_json":{"title":"VANGUARDIA 2024 - Estampa digital","robots":{"index":"noindex","follow":"follow","max-snippet":"max-snippet:-1","max-image-preview":"max-image-preview:large","max-video-preview":"max-video-preview:-1"},"og_locale":"es_ES","og_type":"article","og_title":"VANGUARDIA 2024 - Estampa digital","og_description":"Programa General VANGUARDIA Info: Alda. Mazarredo, 19,\u00a048001,\u00a0Bilbao galeriavanguardia@gmail.comwww.galeriavanguardia.com T. +34\u00a0944237691 M. +34\u00a0647464995 Facebook Instagram Directores: PETRA PEREZ MARZO CESAR PEDROSA PEREZ Artistas en Estampa 2024: JOS\u00c9 RAMON SAINZ MORQUILLAS MABI REVUELTA MABI REVUELTA MARISA GONZALEZ TXUSPO POYO YOSU\u00c9 PENA Artistas de la galer\u00eda: ALFONSO BATALLA ASUNCION GOIKOETXEA AYA ELIAV BEGO\u00d1A USAOLA BEGO\u00d1A ZUBERO GENTZ DEL [&hellip;]","og_url":"https:\/\/www.ifema.es\/estampa\/catalogo\/vanguardia-2024\/","og_site_name":"Estampa digital","article_modified_time":"2024-10-13T16:16:34+00:00","twitter_card":"summary_large_image","twitter_misc":{"Tiempo de lectura":"2 minutos"},"schema":{"@context":"https:\/\/schema.org","@graph":[{"@type":"WebPage","@id":"https:\/\/www.ifema.es\/estampa\/catalogo\/vanguardia-2024\/","url":"https:\/\/www.ifema.es\/estampa\/catalogo\/vanguardia-2024\/","name":"VANGUARDIA 2024 - Estampa digital","isPartOf":{"@id":"https:\/\/www.ifema.es\/estampa\/catalogo\/#website"},"datePublished":"2024-08-09T09:33:43+00:00","dateModified":"2024-10-13T16:16:34+00:00","breadcrumb":{"@id":"https:\/\/www.ifema.es\/estampa\/catalogo\/vanguardia-2024\/#breadcrumb"},"inLanguage":"es","potentialAction":[{"@type":"ReadAction","target":["https:\/\/www.ifema.es\/estampa\/catalogo\/vanguardia-2024\/"]}]},{"@type":"BreadcrumbList","@id":"https:\/\/www.ifema.es\/estampa\/catalogo\/vanguardia-2024\/#breadcrumb","itemListElement":[{"@type":"ListItem","position":1,"name":"Portada","item":"https:\/\/www.ifema.es\/estampa\/catalogo\/"},{"@type":"ListItem","position":2,"name":"VANGUARDIA 2024"}]},{"@type":"WebSite","@id":"https:\/\/www.ifema.es\/estampa\/catalogo\/#website","url":"https:\/\/www.ifema.es\/estampa\/catalogo\/","name":"Estampa digital","description":"","potentialAction":[{"@type":"SearchAction","target":{"@type":"EntryPoint","urlTemplate":"https:\/\/www.ifema.es\/estampa\/catalogo\/?s={search_term_string}"},"query-input":"required name=search_term_string"}],"inLanguage":"es"}]}},"_links":{"self":[{"href":"https:\/\/www.ifema.es\/estampa\/catalogo\/wp-json\/wp\/v2\/pages\/21514","targetHints":{"allow":["GET"]}}],"collection":[{"href":"https:\/\/www.ifema.es\/estampa\/catalogo\/wp-json\/wp\/v2\/pages"}],"about":[{"href":"https:\/\/www.ifema.es\/estampa\/catalogo\/wp-json\/wp\/v2\/types\/page"}],"author":[{"embeddable":true,"href":"https:\/\/www.ifema.es\/estampa\/catalogo\/wp-json\/wp\/v2\/users\/3"}],"replies":[{"embeddable":true,"href":"https:\/\/www.ifema.es\/estampa\/catalogo\/wp-json\/wp\/v2\/comments?post=21514"}],"version-history":[{"count":10,"href":"https:\/\/www.ifema.es\/estampa\/catalogo\/wp-json\/wp\/v2\/pages\/21514\/revisions"}],"predecessor-version":[{"id":24488,"href":"https:\/\/www.ifema.es\/estampa\/catalogo\/wp-json\/wp\/v2\/pages\/21514\/revisions\/24488"}],"wp:attachment":[{"href":"https:\/\/www.ifema.es\/estampa\/catalogo\/wp-json\/wp\/v2\/media?parent=21514"}],"wp:term":[{"taxonomy":"wf_page_folders","embeddable":true,"href":"https:\/\/www.ifema.es\/estampa\/catalogo\/wp-json\/wp\/v2\/wf_page_folders?post=21514"}],"curies":[{"name":"wp","href":"https:\/\/api.w.org\/{rel}","templated":true}]}}