{"id":2,"date":"2021-02-27T08:22:03","date_gmt":"2021-02-27T08:22:03","guid":{"rendered":"https:\/\/www.ifema.es\/estampa\/catalogo\/?page_id=2"},"modified":"2025-08-26T10:01:50","modified_gmt":"2025-08-26T10:01:50","slug":"estampa-digital","status":"publish","type":"page","link":"https:\/\/www.ifema.es\/estampa\/catalogo\/","title":{"rendered":"Inicio"},"content":{"rendered":"\t\t<div data-elementor-type=\"wp-page\" data-elementor-id=\"2\" class=\"elementor elementor-2\" data-elementor-post-type=\"page\">\n\t\t\t\t\t\t<section class=\"elementor-section elementor-top-section elementor-element elementor-element-675d29a elementor-section-boxed elementor-section-height-default elementor-section-height-default\" data-id=\"675d29a\" data-element_type=\"section\">\n\t\t\t\t\t\t<div class=\"elementor-container elementor-column-gap-default\">\n\t\t\t\t\t<div class=\"elementor-column elementor-col-50 elementor-top-column elementor-element elementor-element-4ea7d43\" data-id=\"4ea7d43\" data-element_type=\"column\">\n\t\t\t<div class=\"elementor-widget-wrap elementor-element-populated\">\n\t\t\t\t\t\t<div class=\"elementor-element elementor-element-4b59aac elementor-widget elementor-widget-heading\" data-id=\"4b59aac\" data-element_type=\"widget\" data-widget_type=\"heading.default\">\n\t\t\t\t<div class=\"elementor-widget-container\">\n\t\t\t<h2 class=\"elementor-heading-title elementor-size-default\">Estampa digital<\/h2>\t\t<\/div>\n\t\t\t\t<\/div>\n\t\t\t\t<div class=\"elementor-element elementor-element-c3ace18 elementor-widget elementor-widget-text-editor\" data-id=\"c3ace18\" data-element_type=\"widget\" data-widget_type=\"text-editor.default\">\n\t\t\t\t<div class=\"elementor-widget-container\">\n\t\t\t\t\t\t\t<p>La feria de arte contempor\u00e1neo Estampa os da la bienvenida al Espacio Virtual y cat\u00e1logo online, dise\u00f1ado para acercaros las galer\u00edas, artistas y proyectos que forman esta edici\u00f3n de octubre 2025.<\/p><p>En este \u201cviewing room\u201d encontrar\u00e9is toda la informaci\u00f3n esencial de contacto de las galer\u00edas participantes en Estampa, artistas e im\u00e1genes de algunas de las obras que estar\u00e1n presentes en la feria. Adem\u00e1s, las galer\u00edas participantes podr\u00e1n mostrar y desarrollar el programa presentado en Estampa a los visitantes y coleccionistas.<\/p><p>Esta web ejerce de sustituto del cat\u00e1logo tradicional en papel, con el fin de acercar la experiencia de Estampa de una forma gratuita y segura, proporcionando una informaci\u00f3n completa y como complemento a la visita presencial a la feria, situada en el pabell\u00f3n 6 de IFEMA, Av. Parten\u00f3n, 5, 28042, Madrid. Este espacio se encontrar\u00e1 activo en las semanas previas y posteriores a la celebraci\u00f3n de la feria, que tendr\u00e1 lugar del 9 al 12 de octubre del 2025.<\/p>\t\t\t\t\t\t<\/div>\n\t\t\t\t<\/div>\n\t\t\t\t\t<\/div>\n\t\t<\/div>\n\t\t\t\t<div class=\"elementor-column elementor-col-50 elementor-top-column elementor-element elementor-element-71a9d25\" data-id=\"71a9d25\" data-element_type=\"column\">\n\t\t\t<div class=\"elementor-widget-wrap\">\n\t\t\t\t\t\t\t<\/div>\n\t\t<\/div>\n\t\t\t\t\t<\/div>\n\t\t<\/section>\n\t\t\t\t<section class=\"elementor-section elementor-top-section elementor-element elementor-element-47d1090 elementor-section-boxed elementor-section-height-default elementor-section-height-default\" data-id=\"47d1090\" data-element_type=\"section\">\n\t\t\t\t\t\t<div class=\"elementor-container elementor-column-gap-default\">\n\t\t\t\t\t<div class=\"elementor-column elementor-col-100 elementor-top-column elementor-element elementor-element-395b7c1\" data-id=\"395b7c1\" data-element_type=\"column\">\n\t\t\t<div class=\"elementor-widget-wrap elementor-element-populated\">\n\t\t\t\t\t\t<div class=\"elementor-element elementor-element-47a42c7 elementor-widget-divider--view-line elementor-widget elementor-widget-divider\" data-id=\"47a42c7\" data-element_type=\"widget\" data-widget_type=\"divider.default\">\n\t\t\t\t<div class=\"elementor-widget-container\">\n\t\t\t\t\t<div class=\"elementor-divider\">\n\t\t\t<span class=\"elementor-divider-separator\">\n\t\t\t\t\t\t<\/span>\n\t\t<\/div>\n\t\t\t\t<\/div>\n\t\t\t\t<\/div>\n\t\t\t\t\t<\/div>\n\t\t<\/div>\n\t\t\t\t\t<\/div>\n\t\t<\/section>\n\t\t\t\t<section class=\"elementor-section elementor-top-section elementor-element elementor-element-786972f elementor-section-boxed elementor-section-height-default elementor-section-height-default\" data-id=\"786972f\" data-element_type=\"section\">\n\t\t\t\t\t\t<div class=\"elementor-container elementor-column-gap-default\">\n\t\t\t\t\t<div class=\"elementor-column elementor-col-50 elementor-top-column elementor-element elementor-element-326841a\" data-id=\"326841a\" data-element_type=\"column\">\n\t\t\t<div class=\"elementor-widget-wrap\">\n\t\t\t\t\t\t\t<\/div>\n\t\t<\/div>\n\t\t\t\t<div class=\"elementor-column elementor-col-50 elementor-top-column elementor-element elementor-element-f0f110e\" data-id=\"f0f110e\" data-element_type=\"column\">\n\t\t\t<div class=\"elementor-widget-wrap\">\n\t\t\t\t\t\t\t<\/div>\n\t\t<\/div>\n\t\t\t\t\t<\/div>\n\t\t<\/section>\n\t\t\t\t<section class=\"elementor-section elementor-top-section elementor-element elementor-element-f691857 elementor-section-boxed elementor-section-height-default elementor-section-height-default\" data-id=\"f691857\" data-element_type=\"section\">\n\t\t\t\t\t\t<div class=\"elementor-container elementor-column-gap-default\">\n\t\t\t\t\t<div class=\"elementor-column elementor-col-50 elementor-top-column elementor-element elementor-element-b1a74b0\" data-id=\"b1a74b0\" data-element_type=\"column\">\n\t\t\t<div class=\"elementor-widget-wrap elementor-element-populated\">\n\t\t\t\t\t\t<div class=\"elementor-element elementor-element-d26e66a elementor-widget elementor-widget-heading\" data-id=\"d26e66a\" data-element_type=\"widget\" data-widget_type=\"heading.default\">\n\t\t\t\t<div class=\"elementor-widget-container\">\n\t\t\t<h2 class=\"elementor-heading-title elementor-size-default\">Artista invitada<\/h2>\t\t<\/div>\n\t\t\t\t<\/div>\n\t\t\t\t<div class=\"elementor-element elementor-element-be05cbe elementor-widget elementor-widget-heading\" data-id=\"be05cbe\" data-element_type=\"widget\" data-widget_type=\"heading.default\">\n\t\t\t\t<div class=\"elementor-widget-container\">\n\t\t\t<h2 class=\"elementor-heading-title elementor-size-default\">Liliana Porter\n<\/h2>\t\t<\/div>\n\t\t\t\t<\/div>\n\t\t\t\t<div class=\"elementor-element elementor-element-cf298da elementor-widget elementor-widget-image\" data-id=\"cf298da\" data-element_type=\"widget\" data-widget_type=\"image.default\">\n\t\t\t\t<div class=\"elementor-widget-container\">\n\t\t\t\t\t\t\t\t\t\t\t\t\t<img fetchpriority=\"high\" decoding=\"async\" width=\"567\" height=\"589\" src=\"https:\/\/www.ifema.es\/estampa\/catalogo\/wp-content\/uploads\/2025\/08\/Liliana-Porter.jpeg\" class=\"attachment-large size-large wp-image-26495\" alt=\"\" srcset=\"https:\/\/www.ifema.es\/estampa\/catalogo\/wp-content\/uploads\/2025\/08\/Liliana-Porter.jpeg 567w, https:\/\/www.ifema.es\/estampa\/catalogo\/wp-content\/uploads\/2025\/08\/Liliana-Porter-289x300.jpeg 289w\" sizes=\"(max-width: 567px) 100vw, 567px\" \/>\t\t\t\t\t\t\t\t\t\t\t\t\t<\/div>\n\t\t\t\t<\/div>\n\t\t\t\t\t<\/div>\n\t\t<\/div>\n\t\t\t\t<div class=\"elementor-column elementor-col-50 elementor-top-column elementor-element elementor-element-b22025e\" data-id=\"b22025e\" data-element_type=\"column\">\n\t\t\t<div class=\"elementor-widget-wrap elementor-element-populated\">\n\t\t\t\t\t\t<div class=\"elementor-element elementor-element-16d397d elementor-widget elementor-widget-text-editor\" data-id=\"16d397d\" data-element_type=\"widget\" data-widget_type=\"text-editor.default\">\n\t\t\t\t<div class=\"elementor-widget-container\">\n\t\t\t\t\t\t\t<p><strong>Liliana Porter<\/strong> (Argentina, 1941, reside en Nueva York desde 1964) es una de las artistas latinoamericanas m\u00e1s reconocidas a nivel internacional, con un amplio recorrido en las artes visuales y una mirada regenerativa capaz de combinar diversos medios como la impresi\u00f3n, la pintura, el dibujo, la fotograf\u00eda, el video, la instalaci\u00f3n, el teatro y el arte p\u00fablico.<\/p><p>Estudi\u00f3 en la Escuela Nacional de Bellas Artes de Buenos Aires y en la Universidad Iberoamericana de Ciudad de M\u00e9jico. Posteriormente, en 1964 se traslad\u00f3 a Nueva York, ciudad que la acompa\u00f1ar\u00e1 durante toda su carrera y en la que fund\u00f3 el colectivo The New York Graphic Workshop (1964-1970) junto a Luis Camnitzer y Jos\u00e9 Guillermo Castillo. Juntos llevaron a cabo un proceso de reformulaci\u00f3n y cuestionamiento de las t\u00e9cnicas y conceptos tradicionales del grabado, un factor que ha determinado el trabajo de la artista hasta la actualidad.<\/p><p>Porter investiga a trav\u00e9s de sus obras la potencia performativa del gesto, la formulaci\u00f3n germinal de la geometr\u00eda, la circularidad del tiempo y los efectos del caos en las vivencias del individuo ante las convenciones sociales y la naturaleza, con la vocaci\u00f3n de interpelar al espectador como protagonista de su mundo cotidiano. El rastro que deja una acci\u00f3n al producirse lleva a la artista a jugar con los significados que desprenden los materiales; la sencillez del gesto abre el sentido po\u00e9tico de su dicci\u00f3n, que marca el camino emocional de su obra y ejerce la fuerza de la acci\u00f3n que construye su propio universo teatralizado. Los personajes que aparecen en sus obras son dirigidos por la artista como si fuesen actores de un reparto en una pel\u00edcula. Son estos personajes los que nos cuentan en sus obras las historias que reflexionan acerca de la fr\u00e1gil relaci\u00f3n entre la realidad y la ficci\u00f3n, la experiencia y la invenci\u00f3n, que manifiestan las paradojas del transcurrir del tiempo y una continua exigencia del ideal humanista.<\/p><p>La singular mirada de la artista la ha llevado a exponer individualmente en m\u00faltiples espacios como en el Museum of Modern Art (MOMA) de New York, en los Museos de Bellas Artes de Caracas y Santiago de Chile, en el Museo de Arte Moderno de Bogot\u00e1, en el Museo de Arte Contempor\u00e1neo de Panam\u00e1, en el Museo Nacional de Artes Pl\u00e1sticas de Montevideo, en la Universidad de Carolina del Norte, en el Instituto de Cultura de San Juan de Puerto Rico, en el Bronx Museum for the Arts de Nueva York, en la Universidad de Texas en Austin, en el Phoenix Art Museum de Arizona, en el Museo de Bellas Artes Juan Manuel Blanes de Montevideo, en el Museo Artium Vitoria con la primera exposici\u00f3n retrospectiva de la artista en Espa\u00f1a Di\u00e1logos y desobediencias (2017) y en el Museo Les Abattoirs en Toulouse con una retrospectiva Reality Play (2023), entre otras.<\/p><p>Su obra est\u00e1 presente, en importantes colecciones p\u00fablicas y privadas como en el Metropolitan Museum de Nueva York, Museum of Modern Art (MOMA) de Nueva York, University Art Museum de Austin, Texas, Fundaci\u00f3n Gulbenkian de Lisboa, Museu de Arte Moderna de Rio de Janeiro, Boras Kunstmuseum de Boras, Suecia, Philadelphia Museum of Art de Pennsylvania, Phoenix Art Museum de Arizona, Phillip Morris Collection de Nueva York, Smithsonian American Art Museum de Washington, Mus\u00e9e d\u2019Art Contemporaine de Montreal, Museo de Arte Contempor\u00e1neo de Monterrey y de Panam\u00e1, Museo de Arte Moderno de Bogot\u00e1, de Buenos Aires, de Cali y de Rio de Janeiro, Museo de Bellas Artes de Buenos Aires, de Caracas y de Santiago de Chile, Museo del Barrio de Nueva York, Museo Tamayo de M\u00e9jico, ATT Corporation de Nueva York, Chemical Bank de Nueva York, IBM Corporation de Nueva York, The Chase Manhattan Bank de Nueva York, de Hong Kong y Buenos Aires y en el Museo Nacional Centro de Arte Reina Sof\u00eda de Madrid.<\/p><p>La galer\u00eda Espacio M\u00ednimo con sede en Madrid representa a la artista a quien ha dedicado la exposici\u00f3n de apertura de la temporada 2024-2025 titulada Otros cuentos inconclusos.<\/p>\t\t\t\t\t\t<\/div>\n\t\t\t\t<\/div>\n\t\t\t\t\t<\/div>\n\t\t<\/div>\n\t\t\t\t\t<\/div>\n\t\t<\/section>\n\t\t\t\t<section class=\"elementor-section elementor-top-section elementor-element elementor-element-b27510e elementor-section-boxed elementor-section-height-default elementor-section-height-default\" data-id=\"b27510e\" data-element_type=\"section\">\n\t\t\t\t\t\t<div class=\"elementor-container elementor-column-gap-default\">\n\t\t\t\t\t<div class=\"elementor-column elementor-col-50 elementor-top-column elementor-element elementor-element-1928126\" data-id=\"1928126\" data-element_type=\"column\">\n\t\t\t<div class=\"elementor-widget-wrap\">\n\t\t\t\t\t\t\t<\/div>\n\t\t<\/div>\n\t\t\t\t<div class=\"elementor-column elementor-col-50 elementor-top-column elementor-element elementor-element-72a03db\" data-id=\"72a03db\" data-element_type=\"column\">\n\t\t\t<div class=\"elementor-widget-wrap elementor-element-populated\">\n\t\t\t\t\t\t\t<\/div>\n\t\t<\/div>\n\t\t\t\t\t<\/div>\n\t\t<\/section>\n\t\t\t\t<section class=\"elementor-section elementor-top-section elementor-element elementor-element-690e6bd elementor-section-boxed elementor-section-height-default elementor-section-height-default\" data-id=\"690e6bd\" data-element_type=\"section\">\n\t\t\t\t\t\t<div class=\"elementor-container elementor-column-gap-default\">\n\t\t\t\t\t<div class=\"elementor-column elementor-col-50 elementor-top-column elementor-element elementor-element-95e6972\" data-id=\"95e6972\" data-element_type=\"column\">\n\t\t\t<div class=\"elementor-widget-wrap\">\n\t\t\t\t\t\t\t<\/div>\n\t\t<\/div>\n\t\t\t\t<div class=\"elementor-column elementor-col-50 elementor-top-column elementor-element elementor-element-9bcb5e1\" data-id=\"9bcb5e1\" data-element_type=\"column\">\n\t\t\t<div class=\"elementor-widget-wrap\">\n\t\t\t\t\t\t\t<\/div>\n\t\t<\/div>\n\t\t\t\t\t<\/div>\n\t\t<\/section>\n\t\t\t\t<section class=\"elementor-section elementor-top-section elementor-element elementor-element-5b99ba6 elementor-section-boxed elementor-section-height-default elementor-section-height-default\" data-id=\"5b99ba6\" data-element_type=\"section\">\n\t\t\t\t\t\t<div class=\"elementor-container elementor-column-gap-default\">\n\t\t\t\t\t<div class=\"elementor-column elementor-col-100 elementor-top-column elementor-element elementor-element-4bff638\" data-id=\"4bff638\" data-element_type=\"column\">\n\t\t\t<div class=\"elementor-widget-wrap\">\n\t\t\t\t\t\t\t<\/div>\n\t\t<\/div>\n\t\t\t\t\t<\/div>\n\t\t<\/section>\n\t\t\t\t<\/div>\n\t\t","protected":false},"excerpt":{"rendered":"<p>Estampa digital La feria de arte contempor\u00e1neo Estampa os da la bienvenida al Espacio Virtual y cat\u00e1logo online, dise\u00f1ado para acercaros las galer\u00edas, artistas y proyectos que forman esta edici\u00f3n de octubre 2025. En este \u201cviewing room\u201d encontrar\u00e9is toda la informaci\u00f3n esencial de contacto de las galer\u00edas participantes en Estampa, artistas e im\u00e1genes de algunas [&hellip;]<\/p>\n","protected":false},"author":1,"featured_media":0,"parent":0,"menu_order":0,"comment_status":"closed","ping_status":"open","template":"","meta":{"footnotes":""},"wf_page_folders":[],"class_list":["post-2","page","type-page","status-publish","hentry"],"yoast_head":"<!-- This site is optimized with the Yoast SEO plugin v22.5 - https:\/\/yoast.com\/wordpress\/plugins\/seo\/ -->\n<title>Estampa Digital Feria de Arte Contempor\u00e1neo edici\u00f3n especial abril 2021.<\/title>\n<meta name=\"description\" content=\"La feria de arte contempor\u00e1neo Estampa os da la bienvenida al Espacio Virtual y catalogo online, dise\u00f1ado para acercaros las galer\u00edas.\" \/>\n<meta name=\"robots\" content=\"noindex, follow, max-snippet:-1, max-image-preview:large, max-video-preview:-1\" \/>\n<meta property=\"og:locale\" content=\"es_ES\" \/>\n<meta property=\"og:type\" content=\"article\" \/>\n<meta property=\"og:title\" content=\"Estampa Digital Feria de Arte Contempor\u00e1neo edici\u00f3n especial abril 2021.\" \/>\n<meta property=\"og:description\" content=\"La feria de arte contempor\u00e1neo Estampa os da la bienvenida al Espacio Virtual y catalogo online, dise\u00f1ado para acercaros las galer\u00edas.\" \/>\n<meta property=\"og:url\" content=\"https:\/\/www.ifema.es\/estampa\/catalogo\/\" \/>\n<meta property=\"og:site_name\" content=\"Estampa digital\" \/>\n<meta property=\"article:modified_time\" content=\"2025-08-26T10:01:50+00:00\" \/>\n<meta property=\"og:image\" content=\"http:\/\/www.ifema.es\/estampa\/catalogo\/wp-content\/uploads\/2025\/08\/Liliana-Porter.jpeg\" \/>\n<meta name=\"twitter:card\" content=\"summary_large_image\" \/>\n<meta name=\"twitter:label1\" content=\"Tiempo de lectura\" \/>\n\t<meta name=\"twitter:data1\" content=\"4 minutos\" \/>\n<script type=\"application\/ld+json\" class=\"yoast-schema-graph\">{\"@context\":\"https:\/\/schema.org\",\"@graph\":[{\"@type\":\"WebPage\",\"@id\":\"https:\/\/www.ifema.es\/estampa\/catalogo\/\",\"url\":\"https:\/\/www.ifema.es\/estampa\/catalogo\/\",\"name\":\"Estampa Digital Feria de Arte Contempor\u00e1neo edici\u00f3n especial abril 2021.\",\"isPartOf\":{\"@id\":\"https:\/\/www.ifema.es\/estampa\/catalogo\/#website\"},\"primaryImageOfPage\":{\"@id\":\"https:\/\/www.ifema.es\/estampa\/catalogo\/#primaryimage\"},\"image\":{\"@id\":\"https:\/\/www.ifema.es\/estampa\/catalogo\/#primaryimage\"},\"thumbnailUrl\":\"http:\/\/www.ifema.es\/estampa\/catalogo\/wp-content\/uploads\/2025\/08\/Liliana-Porter.jpeg\",\"datePublished\":\"2021-02-27T08:22:03+00:00\",\"dateModified\":\"2025-08-26T10:01:50+00:00\",\"description\":\"La feria de arte contempor\u00e1neo Estampa os da la bienvenida al Espacio Virtual y catalogo online, dise\u00f1ado para acercaros las galer\u00edas.\",\"breadcrumb\":{\"@id\":\"https:\/\/www.ifema.es\/estampa\/catalogo\/#breadcrumb\"},\"inLanguage\":\"es\",\"potentialAction\":[{\"@type\":\"ReadAction\",\"target\":[\"https:\/\/www.ifema.es\/estampa\/catalogo\/\"]}]},{\"@type\":\"ImageObject\",\"inLanguage\":\"es\",\"@id\":\"https:\/\/www.ifema.es\/estampa\/catalogo\/#primaryimage\",\"url\":\"https:\/\/www.ifema.es\/estampa\/catalogo\/wp-content\/uploads\/2025\/08\/Liliana-Porter.jpeg\",\"contentUrl\":\"https:\/\/www.ifema.es\/estampa\/catalogo\/wp-content\/uploads\/2025\/08\/Liliana-Porter.jpeg\",\"width\":567,\"height\":589},{\"@type\":\"BreadcrumbList\",\"@id\":\"https:\/\/www.ifema.es\/estampa\/catalogo\/#breadcrumb\",\"itemListElement\":[{\"@type\":\"ListItem\",\"position\":1,\"name\":\"Portada\",\"item\":\"https:\/\/www.ifema.es\/estampa\/catalogo\/\"},{\"@type\":\"ListItem\",\"position\":2,\"name\":\"Inicio\"}]},{\"@type\":\"WebSite\",\"@id\":\"https:\/\/www.ifema.es\/estampa\/catalogo\/#website\",\"url\":\"https:\/\/www.ifema.es\/estampa\/catalogo\/\",\"name\":\"Estampa digital\",\"description\":\"\",\"potentialAction\":[{\"@type\":\"SearchAction\",\"target\":{\"@type\":\"EntryPoint\",\"urlTemplate\":\"https:\/\/www.ifema.es\/estampa\/catalogo\/?s={search_term_string}\"},\"query-input\":\"required name=search_term_string\"}],\"inLanguage\":\"es\"}]}<\/script>\n<!-- \/ Yoast SEO plugin. -->","yoast_head_json":{"title":"Estampa Digital Feria de Arte Contempor\u00e1neo edici\u00f3n especial abril 2021.","description":"La feria de arte contempor\u00e1neo Estampa os da la bienvenida al Espacio Virtual y catalogo online, dise\u00f1ado para acercaros las galer\u00edas.","robots":{"index":"noindex","follow":"follow","max-snippet":"max-snippet:-1","max-image-preview":"max-image-preview:large","max-video-preview":"max-video-preview:-1"},"og_locale":"es_ES","og_type":"article","og_title":"Estampa Digital Feria de Arte Contempor\u00e1neo edici\u00f3n especial abril 2021.","og_description":"La feria de arte contempor\u00e1neo Estampa os da la bienvenida al Espacio Virtual y catalogo online, dise\u00f1ado para acercaros las galer\u00edas.","og_url":"https:\/\/www.ifema.es\/estampa\/catalogo\/","og_site_name":"Estampa digital","article_modified_time":"2025-08-26T10:01:50+00:00","og_image":[{"url":"http:\/\/www.ifema.es\/estampa\/catalogo\/wp-content\/uploads\/2025\/08\/Liliana-Porter.jpeg"}],"twitter_card":"summary_large_image","twitter_misc":{"Tiempo de lectura":"4 minutos"},"schema":{"@context":"https:\/\/schema.org","@graph":[{"@type":"WebPage","@id":"https:\/\/www.ifema.es\/estampa\/catalogo\/","url":"https:\/\/www.ifema.es\/estampa\/catalogo\/","name":"Estampa Digital Feria de Arte Contempor\u00e1neo edici\u00f3n especial abril 2021.","isPartOf":{"@id":"https:\/\/www.ifema.es\/estampa\/catalogo\/#website"},"primaryImageOfPage":{"@id":"https:\/\/www.ifema.es\/estampa\/catalogo\/#primaryimage"},"image":{"@id":"https:\/\/www.ifema.es\/estampa\/catalogo\/#primaryimage"},"thumbnailUrl":"http:\/\/www.ifema.es\/estampa\/catalogo\/wp-content\/uploads\/2025\/08\/Liliana-Porter.jpeg","datePublished":"2021-02-27T08:22:03+00:00","dateModified":"2025-08-26T10:01:50+00:00","description":"La feria de arte contempor\u00e1neo Estampa os da la bienvenida al Espacio Virtual y catalogo online, dise\u00f1ado para acercaros las galer\u00edas.","breadcrumb":{"@id":"https:\/\/www.ifema.es\/estampa\/catalogo\/#breadcrumb"},"inLanguage":"es","potentialAction":[{"@type":"ReadAction","target":["https:\/\/www.ifema.es\/estampa\/catalogo\/"]}]},{"@type":"ImageObject","inLanguage":"es","@id":"https:\/\/www.ifema.es\/estampa\/catalogo\/#primaryimage","url":"https:\/\/www.ifema.es\/estampa\/catalogo\/wp-content\/uploads\/2025\/08\/Liliana-Porter.jpeg","contentUrl":"https:\/\/www.ifema.es\/estampa\/catalogo\/wp-content\/uploads\/2025\/08\/Liliana-Porter.jpeg","width":567,"height":589},{"@type":"BreadcrumbList","@id":"https:\/\/www.ifema.es\/estampa\/catalogo\/#breadcrumb","itemListElement":[{"@type":"ListItem","position":1,"name":"Portada","item":"https:\/\/www.ifema.es\/estampa\/catalogo\/"},{"@type":"ListItem","position":2,"name":"Inicio"}]},{"@type":"WebSite","@id":"https:\/\/www.ifema.es\/estampa\/catalogo\/#website","url":"https:\/\/www.ifema.es\/estampa\/catalogo\/","name":"Estampa digital","description":"","potentialAction":[{"@type":"SearchAction","target":{"@type":"EntryPoint","urlTemplate":"https:\/\/www.ifema.es\/estampa\/catalogo\/?s={search_term_string}"},"query-input":"required name=search_term_string"}],"inLanguage":"es"}]}},"_links":{"self":[{"href":"https:\/\/www.ifema.es\/estampa\/catalogo\/wp-json\/wp\/v2\/pages\/2","targetHints":{"allow":["GET"]}}],"collection":[{"href":"https:\/\/www.ifema.es\/estampa\/catalogo\/wp-json\/wp\/v2\/pages"}],"about":[{"href":"https:\/\/www.ifema.es\/estampa\/catalogo\/wp-json\/wp\/v2\/types\/page"}],"author":[{"embeddable":true,"href":"https:\/\/www.ifema.es\/estampa\/catalogo\/wp-json\/wp\/v2\/users\/1"}],"replies":[{"embeddable":true,"href":"https:\/\/www.ifema.es\/estampa\/catalogo\/wp-json\/wp\/v2\/comments?post=2"}],"version-history":[{"count":166,"href":"https:\/\/www.ifema.es\/estampa\/catalogo\/wp-json\/wp\/v2\/pages\/2\/revisions"}],"predecessor-version":[{"id":26510,"href":"https:\/\/www.ifema.es\/estampa\/catalogo\/wp-json\/wp\/v2\/pages\/2\/revisions\/26510"}],"wp:attachment":[{"href":"https:\/\/www.ifema.es\/estampa\/catalogo\/wp-json\/wp\/v2\/media?parent=2"}],"wp:term":[{"taxonomy":"wf_page_folders","embeddable":true,"href":"https:\/\/www.ifema.es\/estampa\/catalogo\/wp-json\/wp\/v2\/wf_page_folders?post=2"}],"curies":[{"name":"wp","href":"https:\/\/api.w.org\/{rel}","templated":true}]}}