{"id":15735,"date":"2023-07-19T10:46:22","date_gmt":"2023-07-19T10:46:22","guid":{"rendered":"https:\/\/www.ifema.es\/estampa\/catalogo\/?page_id=15735"},"modified":"2023-10-09T09:18:41","modified_gmt":"2023-10-09T09:18:41","slug":"camara-oscura-galeria-de-arte-2023","status":"publish","type":"page","link":"https:\/\/www.ifema.es\/estampa\/catalogo\/camara-oscura-galeria-de-arte-2023\/","title":{"rendered":"Camara Oscura Galeria de Arte 2023"},"content":{"rendered":"\t\t<div data-elementor-type=\"wp-page\" data-elementor-id=\"15735\" class=\"elementor elementor-15735\" data-elementor-post-type=\"page\">\n\t\t\t\t\t\t<section class=\"elementor-section elementor-top-section elementor-element elementor-element-162ce6eb elementor-section-boxed elementor-section-height-default elementor-section-height-default\" data-id=\"162ce6eb\" data-element_type=\"section\">\n\t\t\t\t\t\t<div class=\"elementor-container elementor-column-gap-default\">\n\t\t\t\t\t<div class=\"elementor-column elementor-col-100 elementor-top-column elementor-element elementor-element-6a04cae\" data-id=\"6a04cae\" data-element_type=\"column\">\n\t\t\t<div class=\"elementor-widget-wrap elementor-element-populated\">\n\t\t\t\t\t\t<div class=\"elementor-element elementor-element-46f19e41 elementor-widget elementor-widget-text-editor\" data-id=\"46f19e41\" data-element_type=\"widget\" data-widget_type=\"text-editor.default\">\n\t\t\t\t<div class=\"elementor-widget-container\">\n\t\t\t\t\t\t\t<p>Programa general<\/p>\t\t\t\t\t\t<\/div>\n\t\t\t\t<\/div>\n\t\t\t\t\t<\/div>\n\t\t<\/div>\n\t\t\t\t\t<\/div>\n\t\t<\/section>\n\t\t\t\t<section class=\"elementor-section elementor-top-section elementor-element elementor-element-30959ff7 elementor-section-boxed elementor-section-height-default elementor-section-height-default\" data-id=\"30959ff7\" data-element_type=\"section\">\n\t\t\t\t\t\t<div class=\"elementor-container elementor-column-gap-default\">\n\t\t\t\t\t<div class=\"elementor-column elementor-col-100 elementor-top-column elementor-element elementor-element-62bebea5\" data-id=\"62bebea5\" data-element_type=\"column\">\n\t\t\t<div class=\"elementor-widget-wrap elementor-element-populated\">\n\t\t\t\t\t\t<div class=\"elementor-element elementor-element-50f81af0 elementor-widget elementor-widget-heading\" data-id=\"50f81af0\" data-element_type=\"widget\" data-widget_type=\"heading.default\">\n\t\t\t\t<div class=\"elementor-widget-container\">\n\t\t\t<h2 class=\"elementor-heading-title elementor-size-default\">C\u00e1mara Oscura Galer\u00eda de Arte <\/h2>\t\t<\/div>\n\t\t\t\t<\/div>\n\t\t\t\t\t<\/div>\n\t\t<\/div>\n\t\t\t\t\t<\/div>\n\t\t<\/section>\n\t\t\t\t<section class=\"elementor-section elementor-top-section elementor-element elementor-element-1873d003 elementor-section-boxed elementor-section-height-default elementor-section-height-default\" data-id=\"1873d003\" data-element_type=\"section\">\n\t\t\t\t\t\t<div class=\"elementor-container elementor-column-gap-default\">\n\t\t\t\t\t<div class=\"elementor-column elementor-col-100 elementor-top-column elementor-element elementor-element-41c237d2\" data-id=\"41c237d2\" data-element_type=\"column\">\n\t\t\t<div class=\"elementor-widget-wrap elementor-element-populated\">\n\t\t\t\t\t\t<div class=\"elementor-element elementor-element-3b9d0d0b elementor-widget-divider--view-line elementor-widget elementor-widget-divider\" data-id=\"3b9d0d0b\" data-element_type=\"widget\" data-widget_type=\"divider.default\">\n\t\t\t\t<div class=\"elementor-widget-container\">\n\t\t\t\t\t<div class=\"elementor-divider\">\n\t\t\t<span class=\"elementor-divider-separator\">\n\t\t\t\t\t\t<\/span>\n\t\t<\/div>\n\t\t\t\t<\/div>\n\t\t\t\t<\/div>\n\t\t\t\t\t<\/div>\n\t\t<\/div>\n\t\t\t\t\t<\/div>\n\t\t<\/section>\n\t\t\t\t<section class=\"elementor-section elementor-top-section elementor-element elementor-element-41488399 elementor-section-boxed elementor-section-height-default elementor-section-height-default\" data-id=\"41488399\" data-element_type=\"section\">\n\t\t\t\t\t\t<div class=\"elementor-container elementor-column-gap-default\">\n\t\t\t\t\t<div class=\"elementor-column elementor-col-16 elementor-top-column elementor-element elementor-element-69ff2471\" data-id=\"69ff2471\" data-element_type=\"column\">\n\t\t\t<div class=\"elementor-widget-wrap elementor-element-populated\">\n\t\t\t\t\t\t<div class=\"elementor-element elementor-element-6d57c588 elementor-widget elementor-widget-text-editor\" data-id=\"6d57c588\" data-element_type=\"widget\" data-widget_type=\"text-editor.default\">\n\t\t\t\t<div class=\"elementor-widget-container\">\n\t\t\t\t\t\t\t<p>Info:<\/p>\t\t\t\t\t\t<\/div>\n\t\t\t\t<\/div>\n\t\t\t\t<div class=\"elementor-element elementor-element-e87bb98 elementor-widget elementor-widget-text-editor\" data-id=\"e87bb98\" data-element_type=\"widget\" data-widget_type=\"text-editor.default\">\n\t\t\t\t<div class=\"elementor-widget-container\">\n\t\t\t\t\t\t\t<p>C\/ Alameda, 16, 1 B,<b>\u00a0<\/b>28014<b>,\u00a0<\/b>Madrid<\/p><p>juan@camaraoscura.net<\/p><p><a href=\"http:\/\/www.camaraoscura.net\/\">www.camaraoscura.net\/<\/a><\/p><p>T. +34 914291734<\/p><p><a href=\"https:\/\/www.facebook.com\/camaraoscuragaleriadearte\" target=\"_blank\" rel=\"noopener\">Facebook<\/a><br \/><a href=\"https:\/\/www.instagram.com\/camaraoscuragal\/\" target=\"_blank\" rel=\"noopener\">Instagram\u00a0<\/a><\/p><p><a href=\"https:\/\/twitter.com\/camaraoscuragal\">Twitter<\/a><\/p>\t\t\t\t\t\t<\/div>\n\t\t\t\t<\/div>\n\t\t\t\t\t<\/div>\n\t\t<\/div>\n\t\t\t\t<div class=\"elementor-column elementor-col-16 elementor-top-column elementor-element elementor-element-40dd3e02\" data-id=\"40dd3e02\" data-element_type=\"column\">\n\t\t\t<div class=\"elementor-widget-wrap elementor-element-populated\">\n\t\t\t\t\t\t<div class=\"elementor-element elementor-element-eb0d164 elementor-widget elementor-widget-text-editor\" data-id=\"eb0d164\" data-element_type=\"widget\" data-widget_type=\"text-editor.default\">\n\t\t\t\t<div class=\"elementor-widget-container\">\n\t\t\t\t\t\t\t<p>Director:<\/p>\t\t\t\t\t\t<\/div>\n\t\t\t\t<\/div>\n\t\t\t\t<div class=\"elementor-element elementor-element-4e6b772 elementor-widget elementor-widget-text-editor\" data-id=\"4e6b772\" data-element_type=\"widget\" data-widget_type=\"text-editor.default\">\n\t\t\t\t<div class=\"elementor-widget-container\">\n\t\t\t\t\t\t\t<p>Juan Curto<\/p>\t\t\t\t\t\t<\/div>\n\t\t\t\t<\/div>\n\t\t\t\t\t<\/div>\n\t\t<\/div>\n\t\t\t\t<div class=\"elementor-column elementor-col-16 elementor-top-column elementor-element elementor-element-70142999\" data-id=\"70142999\" data-element_type=\"column\">\n\t\t\t<div class=\"elementor-widget-wrap elementor-element-populated\">\n\t\t\t\t\t\t<div class=\"elementor-element elementor-element-5e843078 elementor-widget__width-initial elementor-widget elementor-widget-text-editor\" data-id=\"5e843078\" data-element_type=\"widget\" data-widget_type=\"text-editor.default\">\n\t\t\t\t<div class=\"elementor-widget-container\">\n\t\t\t\t\t\t\t<p>Artistas en Estampa 2023:<\/p><p>\u00a0<\/p>\t\t\t\t\t\t<\/div>\n\t\t\t\t<\/div>\n\t\t\t\t<div class=\"elementor-element elementor-element-2211cd3 elementor-widget elementor-widget-text-editor\" data-id=\"2211cd3\" data-element_type=\"widget\" data-widget_type=\"text-editor.default\">\n\t\t\t\t<div class=\"elementor-widget-container\">\n\t\t\t\t\t\t\t<p>Elina Brotherus<\/p><p>Roger Ballen<\/p><p>Cristina Toledo<\/p><p>Mendia Echeverr\u00eda<\/p><p>Ellen Kooi<\/p>\t\t\t\t\t\t<\/div>\n\t\t\t\t<\/div>\n\t\t\t\t\t<\/div>\n\t\t<\/div>\n\t\t\t\t<div class=\"elementor-column elementor-col-16 elementor-top-column elementor-element elementor-element-bce35bd\" data-id=\"bce35bd\" data-element_type=\"column\">\n\t\t\t<div class=\"elementor-widget-wrap elementor-element-populated\">\n\t\t\t\t\t\t<div class=\"elementor-element elementor-element-9eeb035 elementor-widget elementor-widget-text-editor\" data-id=\"9eeb035\" data-element_type=\"widget\" data-widget_type=\"text-editor.default\">\n\t\t\t\t<div class=\"elementor-widget-container\">\n\t\t\t\t\t\t\t<p>Artistas de la galer\u00eda:<\/p>\t\t\t\t\t\t<\/div>\n\t\t\t\t<\/div>\n\t\t\t\t<div class=\"elementor-element elementor-element-cfa4356 elementor-widget elementor-widget-text-editor\" data-id=\"cfa4356\" data-element_type=\"widget\" data-widget_type=\"text-editor.default\">\n\t\t\t\t<div class=\"elementor-widget-container\">\n\t\t\t\t\t\t\t<p>Roger Ballen<\/p><p>Elina Brotherus<\/p><p>River Claure<\/p><p>Julia Fullerton-Batten<\/p><p>Nanna H\u00e4nninen<\/p><p>Ellen Kooi<\/p><p>Hugh Mangum<\/p><p>Riitta P\u00e4iv\u00e4l\u00e4inen<\/p><p>Johann Ryno de Wet<\/p><p>Irene S\u00e1nchez Moreno<\/p><p>Cristina Toledo<\/p>\t\t\t\t\t\t<\/div>\n\t\t\t\t<\/div>\n\t\t\t\t\t<\/div>\n\t\t<\/div>\n\t\t\t\t<div class=\"elementor-column elementor-col-16 elementor-top-column elementor-element elementor-element-3ad17461\" data-id=\"3ad17461\" data-element_type=\"column\">\n\t\t\t<div class=\"elementor-widget-wrap\">\n\t\t\t\t\t\t\t<\/div>\n\t\t<\/div>\n\t\t\t\t<div class=\"elementor-column elementor-col-16 elementor-top-column elementor-element elementor-element-3b6c53c5\" data-id=\"3b6c53c5\" data-element_type=\"column\">\n\t\t\t<div class=\"elementor-widget-wrap\">\n\t\t\t\t\t\t\t<\/div>\n\t\t<\/div>\n\t\t\t\t\t<\/div>\n\t\t<\/section>\n\t\t\t\t<section class=\"elementor-section elementor-top-section elementor-element elementor-element-69c7a1ce elementor-section-boxed elementor-section-height-default elementor-section-height-default\" data-id=\"69c7a1ce\" data-element_type=\"section\">\n\t\t\t\t\t\t<div class=\"elementor-container elementor-column-gap-default\">\n\t\t\t\t\t<div class=\"elementor-column elementor-col-100 elementor-top-column elementor-element elementor-element-512ac58\" data-id=\"512ac58\" data-element_type=\"column\">\n\t\t\t<div class=\"elementor-widget-wrap elementor-element-populated\">\n\t\t\t\t\t\t<div class=\"elementor-element elementor-element-59812338 elementor-widget-divider--view-line elementor-widget elementor-widget-divider\" data-id=\"59812338\" data-element_type=\"widget\" data-widget_type=\"divider.default\">\n\t\t\t\t<div class=\"elementor-widget-container\">\n\t\t\t\t\t<div class=\"elementor-divider\">\n\t\t\t<span class=\"elementor-divider-separator\">\n\t\t\t\t\t\t<\/span>\n\t\t<\/div>\n\t\t\t\t<\/div>\n\t\t\t\t<\/div>\n\t\t\t\t<div class=\"elementor-element elementor-element-73ec078f elementor-widget elementor-widget-heading\" data-id=\"73ec078f\" data-element_type=\"widget\" data-widget_type=\"heading.default\">\n\t\t\t\t<div class=\"elementor-widget-container\">\n\t\t\t<h2 class=\"elementor-heading-title elementor-size-default\">Cat\u00e1logo<\/h2>\t\t<\/div>\n\t\t\t\t<\/div>\n\t\t\t\t\t<\/div>\n\t\t<\/div>\n\t\t\t\t\t<\/div>\n\t\t<\/section>\n\t\t\t\t<section class=\"elementor-section elementor-top-section elementor-element elementor-element-79e0b3a elementor-section-boxed elementor-section-height-default elementor-section-height-default\" data-id=\"79e0b3a\" data-element_type=\"section\">\n\t\t\t\t\t\t<div class=\"elementor-container elementor-column-gap-default\">\n\t\t\t\t\t<div class=\"elementor-column elementor-col-100 elementor-top-column elementor-element elementor-element-4ade74b\" data-id=\"4ade74b\" data-element_type=\"column\">\n\t\t\t<div class=\"elementor-widget-wrap elementor-element-populated\">\n\t\t\t\t\t\t<div class=\"elementor-element elementor-element-e3f565a elementor-widget elementor-widget-posts-grid-builder\" data-id=\"e3f565a\" data-element_type=\"widget\" data-widget_type=\"posts-grid-builder.default\">\n\t\t\t\t<div class=\"elementor-widget-container\">\n\t\t\t<div class='jgb_posts-grid-builder-container'>\r\n<script type=\"text\/x-template\" class=\"jgb_item-template\">\r\n\t<div class=\"jgb_item jgb_item-jet-listing\"\r\n\t\t :class=\"`jet-listing-dynamic-post-${itemData.id}`\"\r\n\t\t v-html=\"itemData.content\"\r\n\t><\/div>\r\n<\/script><div class=\"posts-grid-builder\" id=\"inst_e3f565a\" data-settings=\"{&quot;posts&quot;:&quot;17822,17833,17838,17843,17848,17850&quot;,&quot;layout_data&quot;:&quot;[{\\&quot;id\\&quot;:17833,\\&quot;hidden\\&quot;:false,\\&quot;pinned\\&quot;:false,\\&quot;position\\&quot;:{\\&quot;x\\&quot;:13,\\&quot;y\\&quot;:29,\\&quot;w\\&quot;:11,\\&quot;h\\&quot;:11}},{\\&quot;id\\&quot;:17822,\\&quot;hidden\\&quot;:false,\\&quot;pinned\\&quot;:false,\\&quot;position\\&quot;:{\\&quot;x\\&quot;:0,\\&quot;y\\&quot;:0,\\&quot;w\\&quot;:10,\\&quot;h\\&quot;:15}},{\\&quot;id\\&quot;:17843,\\&quot;hidden\\&quot;:false,\\&quot;pinned\\&quot;:false,\\&quot;position\\&quot;:{\\&quot;x\\&quot;:15,\\&quot;y\\&quot;:0,\\&quot;w\\&quot;:9,\\&quot;h\\&quot;:15}},{\\&quot;id\\&quot;:17838,\\&quot;hidden\\&quot;:false,\\&quot;pinned\\&quot;:false,\\&quot;position\\&quot;:{\\&quot;x\\&quot;:16,\\&quot;y\\&quot;:16,\\&quot;w\\&quot;:8,\\&quot;h\\&quot;:12}},{\\&quot;id\\&quot;:17848,\\&quot;hidden\\&quot;:false,\\&quot;pinned\\&quot;:false,\\&quot;position\\&quot;:{\\&quot;x\\&quot;:0,\\&quot;y\\&quot;:17,\\&quot;w\\&quot;:12,\\&quot;h\\&quot;:11}},{\\&quot;id\\&quot;:17850,\\&quot;hidden\\&quot;:false,\\&quot;pinned\\&quot;:false,\\&quot;position\\&quot;:{\\&quot;x\\&quot;:1,\\&quot;y\\&quot;:29,\\&quot;w\\&quot;:8,\\&quot;h\\&quot;:11}}]&quot;,&quot;layout_data_tablet&quot;:&quot;&quot;,&quot;layout_data_mobile&quot;:&quot;[{\\&quot;id\\&quot;:17850,\\&quot;hidden\\&quot;:false,\\&quot;pinned\\&quot;:false,\\&quot;position\\&quot;:{\\&quot;x\\&quot;:0,\\&quot;y\\&quot;:172,\\&quot;w\\&quot;:24,\\&quot;h\\&quot;:33}},{\\&quot;id\\&quot;:17822,\\&quot;hidden\\&quot;:false,\\&quot;pinned\\&quot;:false,\\&quot;position\\&quot;:{\\&quot;x\\&quot;:0,\\&quot;y\\&quot;:0,\\&quot;w\\&quot;:24,\\&quot;h\\&quot;:39}},{\\&quot;id\\&quot;:17833,\\&quot;hidden\\&quot;:false,\\&quot;pinned\\&quot;:false,\\&quot;position\\&quot;:{\\&quot;x\\&quot;:0,\\&quot;y\\&quot;:39,\\&quot;w\\&quot;:24,\\&quot;h\\&quot;:25}},{\\&quot;id\\&quot;:17838,\\&quot;hidden\\&quot;:false,\\&quot;pinned\\&quot;:false,\\&quot;position\\&quot;:{\\&quot;x\\&quot;:0,\\&quot;y\\&quot;:65,\\&quot;w\\&quot;:24,\\&quot;h\\&quot;:36}},{\\&quot;id\\&quot;:17843,\\&quot;hidden\\&quot;:false,\\&quot;pinned\\&quot;:false,\\&quot;position\\&quot;:{\\&quot;x\\&quot;:0,\\&quot;y\\&quot;:101,\\&quot;w\\&quot;:24,\\&quot;h\\&quot;:43}},{\\&quot;id\\&quot;:17848,\\&quot;hidden\\&quot;:false,\\&quot;pinned\\&quot;:false,\\&quot;position\\&quot;:{\\&quot;x\\&quot;:0,\\&quot;y\\&quot;:144,\\&quot;w\\&quot;:24,\\&quot;h\\&quot;:27}}]&quot;,&quot;colNum&quot;:24,&quot;gutter&quot;:0,&quot;gutter_tablet&quot;:&quot;&quot;,&quot;gutter_mobile&quot;:&quot;&quot;,&quot;vertical_compact&quot;:&quot;&quot;,&quot;items_type&quot;:&quot;jetengine_listing&quot;,&quot;woo_items_type&quot;:&quot;default&quot;,&quot;jetengine_listing_id&quot;:167,&quot;jet_woo_builder_archive_id&quot;:false,&quot;loading_spinner&quot;:&quot;true&quot;,&quot;loading_spinner_media&quot;:&quot;&quot;,&quot;item_style&quot;:&quot;content-overlay&quot;,&quot;item_thumbnail&quot;:&quot;true&quot;,&quot;item_thumbnail_size&quot;:&quot;large&quot;,&quot;item_post_type&quot;:&quot;&quot;,&quot;item_title&quot;:&quot;true&quot;,&quot;item_description&quot;:&quot;auto&quot;,&quot;item_description_words_count&quot;:0,&quot;item_description_words_count_tablet&quot;:15,&quot;item_description_words_count_mobile&quot;:15,&quot;item_post_author&quot;:&quot;&quot;,&quot;item_post_author_prefix&quot;:&quot;By&quot;,&quot;item_post_date&quot;:&quot;&quot;,&quot;item_post_date_prefix&quot;:&quot;Posted&quot;,&quot;item_post_date_format&quot;:&quot;F, j&quot;,&quot;item_divider&quot;:&quot;&quot;,&quot;woocommerce_item_stars_rating&quot;:true,&quot;woocommerce_item_categories&quot;:true,&quot;woocommerce_item_price&quot;:true,&quot;woocommerce_item_add_to_cart&quot;:true,&quot;woocommerce_item_add_to_cart_text&quot;:&quot;Add to cart&quot;}\"><\/div>\r\n<div class=\"jgb_spinner\">\r\n\t<div class=\"jgb_spinner-circle-clip-growing\">\r\n\t\t\t\t\t\t<svg viewBox=\"0 0 50 50\"><circle class=\"path\" cx=\"25\" cy=\"25\" r=\"20\" fill=\"none\" stroke-width=\"5\"><\/circle><\/svg>\r\n\t\t\t\t\t<\/div>\r\n<\/div><\/div>\t\t<\/div>\n\t\t\t\t<\/div>\n\t\t\t\t\t<\/div>\n\t\t<\/div>\n\t\t\t\t\t<\/div>\n\t\t<\/section>\n\t\t\t\t<\/div>\n\t\t","protected":false},"excerpt":{"rendered":"<p>Programa general C\u00e1mara Oscura Galer\u00eda de Arte Info: C\/ Alameda, 16, 1 B,\u00a028014,\u00a0Madrid juan@camaraoscura.net www.camaraoscura.net\/ T. +34 914291734 FacebookInstagram\u00a0 Twitter Director: Juan Curto Artistas en Estampa 2023: \u00a0 Elina Brotherus Roger Ballen Cristina Toledo Mendia Echeverr\u00eda Ellen Kooi Artistas de la galer\u00eda: Roger Ballen Elina Brotherus River Claure Julia Fullerton-Batten Nanna H\u00e4nninen Ellen Kooi Hugh [&hellip;]<\/p>\n","protected":false},"author":3,"featured_media":0,"parent":0,"menu_order":0,"comment_status":"closed","ping_status":"closed","template":"","meta":{"footnotes":""},"wf_page_folders":[15],"class_list":["post-15735","page","type-page","status-publish","hentry"],"yoast_head":"<!-- This site is optimized with the Yoast SEO plugin v22.5 - https:\/\/yoast.com\/wordpress\/plugins\/seo\/ -->\n<title>Camara Oscura Galeria de Arte 2023 - Estampa digital<\/title>\n<meta name=\"robots\" content=\"noindex, follow, max-snippet:-1, max-image-preview:large, max-video-preview:-1\" \/>\n<meta property=\"og:locale\" content=\"es_ES\" \/>\n<meta property=\"og:type\" content=\"article\" \/>\n<meta property=\"og:title\" content=\"Camara Oscura Galeria de Arte 2023 - Estampa digital\" \/>\n<meta property=\"og:description\" content=\"Programa general C\u00e1mara Oscura Galer\u00eda de Arte Info: C\/ Alameda, 16, 1 B,\u00a028014,\u00a0Madrid juan@camaraoscura.net www.camaraoscura.net\/ T. +34 914291734 FacebookInstagram\u00a0 Twitter Director: Juan Curto Artistas en Estampa 2023: \u00a0 Elina Brotherus Roger Ballen Cristina Toledo Mendia Echeverr\u00eda Ellen Kooi Artistas de la galer\u00eda: Roger Ballen Elina Brotherus River Claure Julia Fullerton-Batten Nanna H\u00e4nninen Ellen Kooi Hugh [&hellip;]\" \/>\n<meta property=\"og:url\" content=\"https:\/\/www.ifema.es\/estampa\/catalogo\/camara-oscura-galeria-de-arte-2023\/\" \/>\n<meta property=\"og:site_name\" content=\"Estampa digital\" \/>\n<meta property=\"article:modified_time\" content=\"2023-10-09T09:18:41+00:00\" \/>\n<meta name=\"twitter:card\" content=\"summary_large_image\" \/>\n<meta name=\"twitter:label1\" content=\"Tiempo de lectura\" \/>\n\t<meta name=\"twitter:data1\" content=\"4 minutos\" \/>\n<script type=\"application\/ld+json\" class=\"yoast-schema-graph\">{\"@context\":\"https:\/\/schema.org\",\"@graph\":[{\"@type\":\"WebPage\",\"@id\":\"https:\/\/www.ifema.es\/estampa\/catalogo\/camara-oscura-galeria-de-arte-2023\/\",\"url\":\"https:\/\/www.ifema.es\/estampa\/catalogo\/camara-oscura-galeria-de-arte-2023\/\",\"name\":\"Camara Oscura Galeria de Arte 2023 - Estampa digital\",\"isPartOf\":{\"@id\":\"https:\/\/www.ifema.es\/estampa\/catalogo\/#website\"},\"datePublished\":\"2023-07-19T10:46:22+00:00\",\"dateModified\":\"2023-10-09T09:18:41+00:00\",\"breadcrumb\":{\"@id\":\"https:\/\/www.ifema.es\/estampa\/catalogo\/camara-oscura-galeria-de-arte-2023\/#breadcrumb\"},\"inLanguage\":\"es\",\"potentialAction\":[{\"@type\":\"ReadAction\",\"target\":[\"https:\/\/www.ifema.es\/estampa\/catalogo\/camara-oscura-galeria-de-arte-2023\/\"]}]},{\"@type\":\"BreadcrumbList\",\"@id\":\"https:\/\/www.ifema.es\/estampa\/catalogo\/camara-oscura-galeria-de-arte-2023\/#breadcrumb\",\"itemListElement\":[{\"@type\":\"ListItem\",\"position\":1,\"name\":\"Portada\",\"item\":\"https:\/\/www.ifema.es\/estampa\/catalogo\/\"},{\"@type\":\"ListItem\",\"position\":2,\"name\":\"Camara Oscura Galeria de Arte 2023\"}]},{\"@type\":\"WebSite\",\"@id\":\"https:\/\/www.ifema.es\/estampa\/catalogo\/#website\",\"url\":\"https:\/\/www.ifema.es\/estampa\/catalogo\/\",\"name\":\"Estampa digital\",\"description\":\"\",\"potentialAction\":[{\"@type\":\"SearchAction\",\"target\":{\"@type\":\"EntryPoint\",\"urlTemplate\":\"https:\/\/www.ifema.es\/estampa\/catalogo\/?s={search_term_string}\"},\"query-input\":\"required name=search_term_string\"}],\"inLanguage\":\"es\"}]}<\/script>\n<!-- \/ Yoast SEO plugin. -->","yoast_head_json":{"title":"Camara Oscura Galeria de Arte 2023 - Estampa digital","robots":{"index":"noindex","follow":"follow","max-snippet":"max-snippet:-1","max-image-preview":"max-image-preview:large","max-video-preview":"max-video-preview:-1"},"og_locale":"es_ES","og_type":"article","og_title":"Camara Oscura Galeria de Arte 2023 - Estampa digital","og_description":"Programa general C\u00e1mara Oscura Galer\u00eda de Arte Info: C\/ Alameda, 16, 1 B,\u00a028014,\u00a0Madrid juan@camaraoscura.net www.camaraoscura.net\/ T. +34 914291734 FacebookInstagram\u00a0 Twitter Director: Juan Curto Artistas en Estampa 2023: \u00a0 Elina Brotherus Roger Ballen Cristina Toledo Mendia Echeverr\u00eda Ellen Kooi Artistas de la galer\u00eda: Roger Ballen Elina Brotherus River Claure Julia Fullerton-Batten Nanna H\u00e4nninen Ellen Kooi Hugh [&hellip;]","og_url":"https:\/\/www.ifema.es\/estampa\/catalogo\/camara-oscura-galeria-de-arte-2023\/","og_site_name":"Estampa digital","article_modified_time":"2023-10-09T09:18:41+00:00","twitter_card":"summary_large_image","twitter_misc":{"Tiempo de lectura":"4 minutos"},"schema":{"@context":"https:\/\/schema.org","@graph":[{"@type":"WebPage","@id":"https:\/\/www.ifema.es\/estampa\/catalogo\/camara-oscura-galeria-de-arte-2023\/","url":"https:\/\/www.ifema.es\/estampa\/catalogo\/camara-oscura-galeria-de-arte-2023\/","name":"Camara Oscura Galeria de Arte 2023 - Estampa digital","isPartOf":{"@id":"https:\/\/www.ifema.es\/estampa\/catalogo\/#website"},"datePublished":"2023-07-19T10:46:22+00:00","dateModified":"2023-10-09T09:18:41+00:00","breadcrumb":{"@id":"https:\/\/www.ifema.es\/estampa\/catalogo\/camara-oscura-galeria-de-arte-2023\/#breadcrumb"},"inLanguage":"es","potentialAction":[{"@type":"ReadAction","target":["https:\/\/www.ifema.es\/estampa\/catalogo\/camara-oscura-galeria-de-arte-2023\/"]}]},{"@type":"BreadcrumbList","@id":"https:\/\/www.ifema.es\/estampa\/catalogo\/camara-oscura-galeria-de-arte-2023\/#breadcrumb","itemListElement":[{"@type":"ListItem","position":1,"name":"Portada","item":"https:\/\/www.ifema.es\/estampa\/catalogo\/"},{"@type":"ListItem","position":2,"name":"Camara Oscura Galeria de Arte 2023"}]},{"@type":"WebSite","@id":"https:\/\/www.ifema.es\/estampa\/catalogo\/#website","url":"https:\/\/www.ifema.es\/estampa\/catalogo\/","name":"Estampa digital","description":"","potentialAction":[{"@type":"SearchAction","target":{"@type":"EntryPoint","urlTemplate":"https:\/\/www.ifema.es\/estampa\/catalogo\/?s={search_term_string}"},"query-input":"required name=search_term_string"}],"inLanguage":"es"}]}},"_links":{"self":[{"href":"https:\/\/www.ifema.es\/estampa\/catalogo\/wp-json\/wp\/v2\/pages\/15735","targetHints":{"allow":["GET"]}}],"collection":[{"href":"https:\/\/www.ifema.es\/estampa\/catalogo\/wp-json\/wp\/v2\/pages"}],"about":[{"href":"https:\/\/www.ifema.es\/estampa\/catalogo\/wp-json\/wp\/v2\/types\/page"}],"author":[{"embeddable":true,"href":"https:\/\/www.ifema.es\/estampa\/catalogo\/wp-json\/wp\/v2\/users\/3"}],"replies":[{"embeddable":true,"href":"https:\/\/www.ifema.es\/estampa\/catalogo\/wp-json\/wp\/v2\/comments?post=15735"}],"version-history":[{"count":55,"href":"https:\/\/www.ifema.es\/estampa\/catalogo\/wp-json\/wp\/v2\/pages\/15735\/revisions"}],"predecessor-version":[{"id":20565,"href":"https:\/\/www.ifema.es\/estampa\/catalogo\/wp-json\/wp\/v2\/pages\/15735\/revisions\/20565"}],"wp:attachment":[{"href":"https:\/\/www.ifema.es\/estampa\/catalogo\/wp-json\/wp\/v2\/media?parent=15735"}],"wp:term":[{"taxonomy":"wf_page_folders","embeddable":true,"href":"https:\/\/www.ifema.es\/estampa\/catalogo\/wp-json\/wp\/v2\/wf_page_folders?post=15735"}],"curies":[{"name":"wp","href":"https:\/\/api.w.org\/{rel}","templated":true}]}}